{"id":3836,"date":"2025-01-20T06:38:28","date_gmt":"2025-01-20T06:38:28","guid":{"rendered":"https:\/\/menuez.tech\/beheer-2\/"},"modified":"2025-05-28T11:40:08","modified_gmt":"2025-05-28T11:40:08","slug":"organiseer","status":"publish","type":"page","link":"https:\/\/menuez.tech\/nl\/organiseer\/","title":{"rendered":"Organiseer"},"content":{"rendered":"\t\t<div data-elementor-type=\"wp-page\" data-elementor-id=\"3836\" class=\"elementor elementor-3836 elementor-1005\" data-elementor-post-type=\"page\">\n\t\t\t\t<div class=\"elementor-element elementor-element-7b1823f e-flex e-con-boxed e-con e-parent\" data-id=\"7b1823f\" data-element_type=\"container\" data-e-type=\"container\" data-settings=\"{&quot;background_background&quot;:&quot;classic&quot;}\">\n\t\t\t\t\t<div class=\"e-con-inner\">\n\t\t\t\t<div class=\"elementor-element elementor-element-2347131 elementor-widget elementor-widget-heading\" data-id=\"2347131\" data-element_type=\"widget\" data-e-type=\"widget\" data-widget_type=\"heading.default\">\n\t\t\t\t<div class=\"elementor-widget-container\">\n\t\t\t\t\t<h1 class=\"elementor-heading-title elementor-size-default\">Organiseer<\/h1>\t\t\t\t<\/div>\n\t\t\t\t<\/div>\n\t\t\t\t<div class=\"elementor-element elementor-element-2dcb04e elementor-widget__width-initial elementor-widget elementor-widget-text-editor\" data-id=\"2dcb04e\" data-element_type=\"widget\" data-e-type=\"widget\" data-widget_type=\"text-editor.default\">\n\t\t\t\t<div class=\"elementor-widget-container\">\n\t\t\t\t\t\t\t\t\t<p>Met Menuez heb je alles wat je nodig hebt om je marketingmaterialen effici\u00ebnt te organiseren en te co\u00f6rdineren. Of het nu gaat om fysieke of digitale materialen, het plannen van campagnes of het uitvoeren van evenementen, ons platform biedt een overzichtelijke oplossing. Zo vergroot je eenvoudig je lokale zichtbaarheid, met volledige controle en merkconsistentie op elk niveau.  <\/p>\t\t\t\t\t\t\t\t<\/div>\n\t\t\t\t<\/div>\n\t\t\t\t\t<\/div>\n\t\t\t\t<\/div>\n\t\t<div class=\"elementor-element elementor-element-c8ac3e2 e-flex e-con-boxed e-con e-parent\" data-id=\"c8ac3e2\" data-element_type=\"container\" data-e-type=\"container\" data-settings=\"{&quot;background_background&quot;:&quot;classic&quot;}\">\n\t\t\t\t\t<div class=\"e-con-inner\">\n\t\t\t\t<div class=\"elementor-element elementor-element-9f7e3cc elementor-icon-list--layout-inline elementor-list-item-link-full_width elementor-widget elementor-widget-icon-list\" data-id=\"9f7e3cc\" data-element_type=\"widget\" data-e-type=\"widget\" data-widget_type=\"icon-list.default\">\n\t\t\t\t<div class=\"elementor-widget-container\">\n\t\t\t\t\t\t\t<ul class=\"elementor-icon-list-items elementor-inline-items\">\n\t\t\t\t\t\t\t<li class=\"elementor-icon-list-item elementor-inline-item\">\n\t\t\t\t\t\t\t\t\t\t\t<a href=\"https:\/\/menuez.tech\/nl\/\">\n\n\t\t\t\t\t\t\t\t\t\t\t\t<span class=\"elementor-icon-list-icon\">\n\t\t\t\t\t\t\t<svg xmlns=\"http:\/\/www.w3.org\/2000\/svg\" width=\"20\" height=\"17\" viewBox=\"0 0 20 17\" fill=\"none\"><path d=\"M9.5 1.1875C9.78125 0.96875 10.1875 0.96875 10.4688 1.1875L15.5 5.4375V2.75C15.5 2.34375 15.8125 2 16.25 2C16.6562 2 17 2.34375 17 2.75V6.71875L18.7188 8.1875C19.0312 8.46875 19.0625 8.9375 18.8125 9.25C18.5312 9.5625 18.0625 9.59375 17.75 9.34375L17 8.6875V14.5C17 15.9062 15.875 17 14.5 17H5.5C4.09375 17 3 15.9062 3 14.5V8.6875L2.21875 9.34375C1.90625 9.59375 1.4375 9.5625 1.15625 9.25C0.90625 8.9375 0.9375 8.46875 1.25 8.1875L9.5 1.1875ZM4.5 7.40625V14.5C4.5 15.0625 4.9375 15.5 5.5 15.5H7V10.75C7 10.0625 7.53125 9.5 8.25 9.5H11.75C12.4375 9.5 13 10.0625 13 10.75V15.5H14.5C15.0312 15.5 15.5 15.0625 15.5 14.5V7.40625L10 2.75L4.5 7.40625ZM11.5 11H8.5V15.5H11.5V11Z\" fill=\"#A9CCE0\"><\/path><\/svg>\t\t\t\t\t\t<\/span>\n\t\t\t\t\t\t\t\t\t\t<span class=\"elementor-icon-list-text\"><\/span>\n\t\t\t\t\t\t\t\t\t\t\t<\/a>\n\t\t\t\t\t\t\t\t\t<\/li>\n\t\t\t\t\t\t\t\t<li class=\"elementor-icon-list-item elementor-inline-item\">\n\t\t\t\t\t\t\t\t\t\t\t<span class=\"elementor-icon-list-icon\">\n\t\t\t\t\t\t\t<svg xmlns=\"http:\/\/www.w3.org\/2000\/svg\" width=\"8\" height=\"16\" viewBox=\"0 0 8 16\" fill=\"none\"><path d=\"M0.65625 14.875C0.53125 14.7812 0.46875 14.6562 0.46875 14.5312C0.46875 14.4062 0.53125 14.2812 0.625 14.1875L6.28125 8.03125L0.625 1.84375C0.4375 1.65625 0.4375 1.34375 0.65625 1.15625C0.84375 0.96875 1.15625 0.96875 1.34375 1.1875L7.34375 7.6875C7.53125 7.875 7.53125 8.15625 7.34375 8.34375L1.34375 14.8438C1.15625 15.0625 0.84375 15.0625 0.65625 14.875Z\" fill=\"#A9CCE0\"><\/path><\/svg>\t\t\t\t\t\t<\/span>\n\t\t\t\t\t\t\t\t\t\t<span class=\"elementor-icon-list-text\"><\/span>\n\t\t\t\t\t\t\t\t\t<\/li>\n\t\t\t\t\t\t\t\t<li class=\"elementor-icon-list-item elementor-inline-item\">\n\t\t\t\t\t\t\t\t\t\t<span class=\"elementor-icon-list-text\">oplossingen<\/span>\n\t\t\t\t\t\t\t\t\t<\/li>\n\t\t\t\t\t\t\t\t<li class=\"elementor-icon-list-item elementor-inline-item\">\n\t\t\t\t\t\t\t\t\t\t\t<span class=\"elementor-icon-list-icon\">\n\t\t\t\t\t\t\t<svg xmlns=\"http:\/\/www.w3.org\/2000\/svg\" width=\"8\" height=\"16\" viewBox=\"0 0 8 16\" fill=\"none\"><path d=\"M0.65625 14.875C0.53125 14.7812 0.46875 14.6562 0.46875 14.5312C0.46875 14.4062 0.53125 14.2812 0.625 14.1875L6.28125 8.03125L0.625 1.84375C0.4375 1.65625 0.4375 1.34375 0.65625 1.15625C0.84375 0.96875 1.15625 0.96875 1.34375 1.1875L7.34375 7.6875C7.53125 7.875 7.53125 8.15625 7.34375 8.34375L1.34375 14.8438C1.15625 15.0625 0.84375 15.0625 0.65625 14.875Z\" fill=\"#A9CCE0\"><\/path><\/svg>\t\t\t\t\t\t<\/span>\n\t\t\t\t\t\t\t\t\t\t<span class=\"elementor-icon-list-text\"><\/span>\n\t\t\t\t\t\t\t\t\t<\/li>\n\t\t\t\t\t\t\t\t<li class=\"elementor-icon-list-item elementor-inline-item\">\n\t\t\t\t\t\t\t\t\t\t<span class=\"elementor-icon-list-text\">Organiseer<\/span>\n\t\t\t\t\t\t\t\t\t<\/li>\n\t\t\t\t\t\t<\/ul>\n\t\t\t\t\t\t<\/div>\n\t\t\t\t<\/div>\n\t\t<div class=\"elementor-element elementor-element-7f58925 e-con-full e-flex e-con e-child\" data-id=\"7f58925\" data-element_type=\"container\" data-e-type=\"container\">\n\t\t<div class=\"elementor-element elementor-element-44bb0f4 e-con-full e-flex e-con e-child\" data-id=\"44bb0f4\" data-element_type=\"container\" data-e-type=\"container\">\n\t\t\t\t<div class=\"elementor-element elementor-element-fdb4b58 elementor-widget elementor-widget-image\" data-id=\"fdb4b58\" data-element_type=\"widget\" data-e-type=\"widget\" data-widget_type=\"image.default\">\n\t\t\t\t<div class=\"elementor-widget-container\">\n\t\t\t\t\t\t\t\t\t\t\t\t\t\t\t<img fetchpriority=\"high\" decoding=\"async\" width=\"970\" height=\"660\" src=\"https:\/\/menuez.tech\/wp-content\/uploads\/2025\/01\/people-working-in-the-office-2023-11-27-04-59-20-utc-32.png\" class=\"attachment-full size-full wp-image-3706\" alt=\"\" srcset=\"https:\/\/menuez.tech\/wp-content\/uploads\/2025\/01\/people-working-in-the-office-2023-11-27-04-59-20-utc-32.png 970w, https:\/\/menuez.tech\/wp-content\/uploads\/2025\/01\/people-working-in-the-office-2023-11-27-04-59-20-utc-32-300x204.png 300w, https:\/\/menuez.tech\/wp-content\/uploads\/2025\/01\/people-working-in-the-office-2023-11-27-04-59-20-utc-32-768x523.png 768w\" sizes=\"(max-width: 970px) 100vw, 970px\" \/>\t\t\t\t\t\t\t\t\t\t\t\t\t\t\t<\/div>\n\t\t\t\t<\/div>\n\t\t\t\t<\/div>\n\t\t<div class=\"elementor-element elementor-element-2fd40b2 e-con-full e-flex e-con e-child\" data-id=\"2fd40b2\" data-element_type=\"container\" data-e-type=\"container\">\n\t\t\t\t<div class=\"elementor-element elementor-element-ef7ee87 elementor-widget elementor-widget-heading\" data-id=\"ef7ee87\" data-element_type=\"widget\" data-e-type=\"widget\" data-widget_type=\"heading.default\">\n\t\t\t\t<div class=\"elementor-widget-container\">\n\t\t\t\t\t<h2 class=\"elementor-heading-title elementor-size-default\">Dashboard<\/h2>\t\t\t\t<\/div>\n\t\t\t\t<\/div>\n\t\t\t\t<div class=\"elementor-element elementor-element-a13042c elementor-widget elementor-widget-text-editor\" data-id=\"a13042c\" data-element_type=\"widget\" data-e-type=\"widget\" data-widget_type=\"text-editor.default\">\n\t\t\t\t<div class=\"elementor-widget-container\">\n\t\t\t\t\t\t\t\t\t<p>Houd altijd de controle met ons gebruiksvriendelijke, realtime dashboard. Krijg volledig inzicht in je voorraad, bestellingen, budgetten en meer, allemaal op \u00e9\u00e9n plek. Het dashboard zorgt voor continue updates, zodat je altijd goed ge\u00efnformeerd bent en de controle hebt over je marketingmaterialen, zowel fysiek als digitaal.   <\/p>\t\t\t\t\t\t\t\t<\/div>\n\t\t\t\t<\/div>\n\t\t\t\t<\/div>\n\t\t\t\t<\/div>\n\t\t\t\t\t<\/div>\n\t\t\t\t<\/div>\n\t\t<div class=\"elementor-element elementor-element-4528198 e-flex e-con-boxed e-con e-parent\" data-id=\"4528198\" data-element_type=\"container\" data-e-type=\"container\">\n\t\t\t\t\t<div class=\"e-con-inner\">\n\t\t<div class=\"elementor-element elementor-element-4b22c64 e-con-full e-flex e-con e-child\" data-id=\"4b22c64\" data-element_type=\"container\" data-e-type=\"container\">\n\t\t\t\t<div class=\"elementor-element elementor-element-e15a5bd elementor-widget elementor-widget-heading\" data-id=\"e15a5bd\" data-element_type=\"widget\" data-e-type=\"widget\" data-widget_type=\"heading.default\">\n\t\t\t\t<div class=\"elementor-widget-container\">\n\t\t\t\t\t<h2 class=\"elementor-heading-title elementor-size-default\">Webshop en marketingkalender<\/h2>\t\t\t\t<\/div>\n\t\t\t\t<\/div>\n\t\t\t\t<div class=\"elementor-element elementor-element-b057ea3 elementor-widget elementor-widget-text-editor\" data-id=\"b057ea3\" data-element_type=\"widget\" data-e-type=\"widget\" data-widget_type=\"text-editor.default\">\n\t\t\t\t<div class=\"elementor-widget-container\">\n\t\t\t\t\t\t\t\t\t<p>Geef je relaties de mogelijkheid om gepersonaliseerde promotiematerialen te bestellen via een op maat gemaakte webshop voor jouw merk. De marketingkalender biedt een overzicht van al je marketingcampagnes, zodat je landelijke of wereldwijde campagnes eenvoudig lokaal kunt doorvertalen. Met tools voor planning, personalisatie en taaktoewijzing houd je alles overzichtelijk en onder controle in \u00e9\u00e9n platform.  <\/p>\t\t\t\t\t\t\t\t<\/div>\n\t\t\t\t<\/div>\n\t\t\t\t<\/div>\n\t\t<div class=\"elementor-element elementor-element-872655a e-con-full e-flex e-con e-child\" data-id=\"872655a\" data-element_type=\"container\" data-e-type=\"container\">\n\t\t\t\t<div class=\"elementor-element elementor-element-69e1c0b elementor-widget elementor-widget-image\" data-id=\"69e1c0b\" data-element_type=\"widget\" data-e-type=\"widget\" data-widget_type=\"image.default\">\n\t\t\t\t<div class=\"elementor-widget-container\">\n\t\t\t\t\t\t\t\t\t\t\t\t\t\t\t<img decoding=\"async\" width=\"970\" height=\"660\" src=\"https:\/\/menuez.tech\/wp-content\/uploads\/2025\/01\/iMac.png\" class=\"attachment-full size-full wp-image-3699\" alt=\"\" srcset=\"https:\/\/menuez.tech\/wp-content\/uploads\/2025\/01\/iMac.png 970w, https:\/\/menuez.tech\/wp-content\/uploads\/2025\/01\/iMac-300x204.png 300w, https:\/\/menuez.tech\/wp-content\/uploads\/2025\/01\/iMac-768x523.png 768w\" sizes=\"(max-width: 970px) 100vw, 970px\" \/>\t\t\t\t\t\t\t\t\t\t\t\t\t\t\t<\/div>\n\t\t\t\t<\/div>\n\t\t\t\t<\/div>\n\t\t\t\t\t<\/div>\n\t\t\t\t<\/div>\n\t\t<div class=\"elementor-element elementor-element-c2de57a e-flex e-con-boxed e-con e-parent\" data-id=\"c2de57a\" data-element_type=\"container\" data-e-type=\"container\" data-settings=\"{&quot;background_background&quot;:&quot;classic&quot;}\">\n\t\t\t\t\t<div class=\"e-con-inner\">\n\t\t<div class=\"elementor-element elementor-element-9373365 e-con-full e-flex e-con e-child\" data-id=\"9373365\" data-element_type=\"container\" data-e-type=\"container\">\n\t\t\t\t<div class=\"elementor-element elementor-element-de90371 elementor-widget elementor-widget-image\" data-id=\"de90371\" data-element_type=\"widget\" data-e-type=\"widget\" data-widget_type=\"image.default\">\n\t\t\t\t<div class=\"elementor-widget-container\">\n\t\t\t\t\t\t\t\t\t\t\t\t\t\t\t<img decoding=\"async\" width=\"970\" height=\"660\" src=\"https:\/\/menuez.tech\/wp-content\/uploads\/2025\/01\/people-working-in-the-office-2023-11-27-04-59-20-utc-42-1.png\" class=\"attachment-full size-full wp-image-3707\" alt=\"\" srcset=\"https:\/\/menuez.tech\/wp-content\/uploads\/2025\/01\/people-working-in-the-office-2023-11-27-04-59-20-utc-42-1.png 970w, https:\/\/menuez.tech\/wp-content\/uploads\/2025\/01\/people-working-in-the-office-2023-11-27-04-59-20-utc-42-1-300x204.png 300w, https:\/\/menuez.tech\/wp-content\/uploads\/2025\/01\/people-working-in-the-office-2023-11-27-04-59-20-utc-42-1-768x523.png 768w\" sizes=\"(max-width: 970px) 100vw, 970px\" \/>\t\t\t\t\t\t\t\t\t\t\t\t\t\t\t<\/div>\n\t\t\t\t<\/div>\n\t\t\t\t<\/div>\n\t\t<div class=\"elementor-element elementor-element-2cbfbcc e-con-full e-flex e-con e-child\" data-id=\"2cbfbcc\" data-element_type=\"container\" data-e-type=\"container\">\n\t\t\t\t<div class=\"elementor-element elementor-element-f76b500 elementor-widget elementor-widget-heading\" data-id=\"f76b500\" data-element_type=\"widget\" data-e-type=\"widget\" data-widget_type=\"heading.default\">\n\t\t\t\t<div class=\"elementor-widget-container\">\n\t\t\t\t\t<h2 class=\"elementor-heading-title elementor-size-default\">Digital Asset Management (DAM)<\/h2>\t\t\t\t<\/div>\n\t\t\t\t<\/div>\n\t\t\t\t<div class=\"elementor-element elementor-element-6567557 elementor-widget elementor-widget-text-editor\" data-id=\"6567557\" data-element_type=\"widget\" data-e-type=\"widget\" data-widget_type=\"text-editor.default\">\n\t\t\t\t<div class=\"elementor-widget-container\">\n\t\t\t\t\t\t\t\t\t<p>Organiseer en bewaar al je digitale materialen \u2013 van beelden tot video\u2019s en presentaties \u2013 in \u00e9\u00e9n centraal platform. Jij hebt de controle over het uploaden, aanpassen en verwijderen van bestanden, terwijl gebruikers snel de juiste materialen kunnen bestellen of downloaden. Zo houd je grip op je digitale assets en zorg je voor consistentie in je merkuitingen.  <\/p>\t\t\t\t\t\t\t\t<\/div>\n\t\t\t\t<\/div>\n\t\t\t\t<\/div>\n\t\t\t\t\t<\/div>\n\t\t\t\t<\/div>\n\t\t<div class=\"elementor-element elementor-element-940db86 e-flex e-con-boxed e-con e-parent\" data-id=\"940db86\" data-element_type=\"container\" data-e-type=\"container\" data-settings=\"{&quot;background_background&quot;:&quot;classic&quot;}\">\n\t\t\t\t\t<div class=\"e-con-inner\">\n\t\t\t\t\t<\/div>\n\t\t\t\t<\/div>\n\t\t<div class=\"elementor-element elementor-element-07d25df e-con-full e-flex e-con e-parent\" data-id=\"07d25df\" data-element_type=\"container\" data-e-type=\"container\" data-settings=\"{&quot;background_background&quot;:&quot;classic&quot;}\">\n\t\t\t\t<div class=\"elementor-element elementor-element-996001e elementor-widget-mobile__width-inherit elementor-widget elementor-widget-image\" data-id=\"996001e\" data-element_type=\"widget\" data-e-type=\"widget\" data-widget_type=\"image.default\">\n\t\t\t\t<div class=\"elementor-widget-container\">\n\t\t\t\t\t\t\t\t\t\t\t\t\t\t\t<img loading=\"lazy\" decoding=\"async\" width=\"2268\" height=\"749\" src=\"https:\/\/menuez.tech\/wp-content\/uploads\/2025\/01\/Frame-115-1.png\" class=\"attachment-full size-full wp-image-3708\" alt=\"\" srcset=\"https:\/\/menuez.tech\/wp-content\/uploads\/2025\/01\/Frame-115-1.png 2268w, https:\/\/menuez.tech\/wp-content\/uploads\/2025\/01\/Frame-115-1-300x99.png 300w, https:\/\/menuez.tech\/wp-content\/uploads\/2025\/01\/Frame-115-1-1024x338.png 1024w, https:\/\/menuez.tech\/wp-content\/uploads\/2025\/01\/Frame-115-1-768x254.png 768w, https:\/\/menuez.tech\/wp-content\/uploads\/2025\/01\/Frame-115-1-1536x507.png 1536w, https:\/\/menuez.tech\/wp-content\/uploads\/2025\/01\/Frame-115-1-2048x676.png 2048w\" sizes=\"(max-width: 2268px) 100vw, 2268px\" \/>\t\t\t\t\t\t\t\t\t\t\t\t\t\t\t<\/div>\n\t\t\t\t<\/div>\n\t\t\t\t<\/div>\n\t\t<div class=\"elementor-element elementor-element-a95e476 e-flex e-con-boxed e-con e-parent\" data-id=\"a95e476\" data-element_type=\"container\" data-e-type=\"container\">\n\t\t\t\t\t<div class=\"e-con-inner\">\n\t\t<div class=\"elementor-element elementor-element-fee5aab e-flex e-con-boxed e-con e-child\" data-id=\"fee5aab\" data-element_type=\"container\" data-e-type=\"container\" data-settings=\"{&quot;background_background&quot;:&quot;classic&quot;}\">\n\t\t\t\t\t<div class=\"e-con-inner\">\n\t\t<div class=\"elementor-element elementor-element-ba5727d e-con-full e-flex e-con e-child\" data-id=\"ba5727d\" data-element_type=\"container\" data-e-type=\"container\">\n\t\t\t\t<div class=\"elementor-element elementor-element-6788f64 elementor-widget elementor-widget-heading\" data-id=\"6788f64\" data-element_type=\"widget\" data-e-type=\"widget\" data-widget_type=\"heading.default\">\n\t\t\t\t<div class=\"elementor-widget-container\">\n\t\t\t\t\t<h3 class=\"elementor-heading-title elementor-size-default\">Organiseer+<\/h3>\t\t\t\t<\/div>\n\t\t\t\t<\/div>\n\t\t\t\t<div class=\"elementor-element elementor-element-20fe03f elementor-widget elementor-widget-heading\" data-id=\"20fe03f\" data-element_type=\"widget\" data-e-type=\"widget\" data-widget_type=\"heading.default\">\n\t\t\t\t<div class=\"elementor-widget-container\">\n\t\t\t\t\t<h2 class=\"elementor-heading-title elementor-size-default\">Opslag en logistiek<\/h2>\t\t\t\t<\/div>\n\t\t\t\t<\/div>\n\t\t\t\t<\/div>\n\t\t<div class=\"elementor-element elementor-element-7065b06 e-con-full e-flex e-con e-child\" data-id=\"7065b06\" data-element_type=\"container\" data-e-type=\"container\">\n\t\t\t\t<div class=\"elementor-element elementor-element-7acd065 elementor-widget elementor-widget-text-editor\" data-id=\"7acd065\" data-element_type=\"widget\" data-e-type=\"widget\" data-widget_type=\"text-editor.default\">\n\t\t\t\t<div class=\"elementor-widget-container\">\n\t\t\t\t\t\t\t\t\t<div><span lang=\"EN-US\">Wij kunnen alle opslag-, verzend- en logistieke zorgen uit handen nemen. Of het nu gaat om het opslaan en verzenden van promotiematerialen, of het beheren van de logistiek voor evenementen \u2013 wij zorgen voor een vlekkeloze uitvoering, zodat jij je geen zorgen hoeft te maken over de tijdige levering en voorbereiding. <\/span><\/div>\t\t\t\t\t\t\t\t<\/div>\n\t\t\t\t<\/div>\n\t\t\t\t<\/div>\n\t\t\t\t\t<\/div>\n\t\t\t\t<\/div>\n\t\t\t\t\t<\/div>\n\t\t\t\t<\/div>\n\t\t<div class=\"elementor-element elementor-element-8e70cff e-flex e-con-boxed e-con e-parent\" data-id=\"8e70cff\" data-element_type=\"container\" data-e-type=\"container\" data-settings=\"{&quot;background_background&quot;:&quot;classic&quot;}\">\n\t\t\t\t\t<div class=\"e-con-inner\">\n\t\t<div class=\"elementor-element elementor-element-3cee200 e-con-full e-flex e-con e-child\" data-id=\"3cee200\" data-element_type=\"container\" data-e-type=\"container\" data-settings=\"{&quot;background_background&quot;:&quot;classic&quot;}\">\n\t\t<div class=\"elementor-element elementor-element-1650954 e-con-full e-flex e-con e-child\" data-id=\"1650954\" data-element_type=\"container\" data-e-type=\"container\">\n\t\t\t\t<div class=\"elementor-element elementor-element-921a3b7 elementor-widget elementor-widget-heading\" data-id=\"921a3b7\" data-element_type=\"widget\" data-e-type=\"widget\" data-widget_type=\"heading.default\">\n\t\t\t\t<div class=\"elementor-widget-container\">\n\t\t\t\t\t<h2 class=\"elementor-heading-title elementor-size-default\">Klaar om je assetbeheer te versimpelen?<\/h2>\t\t\t\t<\/div>\n\t\t\t\t<\/div>\n\t\t\t\t<div class=\"elementor-element elementor-element-45a89d8 elementor-widget elementor-widget-text-editor\" data-id=\"45a89d8\" data-element_type=\"widget\" data-e-type=\"widget\" data-widget_type=\"text-editor.default\">\n\t\t\t\t<div class=\"elementor-widget-container\">\n\t\t\t\t\t\t\t\t\t<p>Met Menuez wordt het beheren van je merkassets eenvoudiger dan ooit. Blijf georganiseerd, houd de consistentie vast en geef je lokale partners de tools die ze nodig hebben om succesvol te zijn. Ben je er klaar voor om samen je assetbeheer naar een hoger niveau te tillen?  <\/p>\t\t\t\t\t\t\t\t<\/div>\n\t\t\t\t<\/div>\n\t\t<div class=\"elementor-element elementor-element-a9eafaf e-con-full e-flex e-con e-child\" data-id=\"a9eafaf\" data-element_type=\"container\" data-e-type=\"container\">\n\t\t\t\t<div class=\"elementor-element elementor-element-4733555 elementor-widget elementor-widget-button\" data-id=\"4733555\" data-element_type=\"widget\" data-e-type=\"widget\" data-widget_type=\"button.default\">\n\t\t\t\t<div class=\"elementor-widget-container\">\n\t\t\t\t\t\t\t\t\t<div class=\"elementor-button-wrapper\">\n\t\t\t\t\t<a class=\"elementor-button elementor-size-sm\" role=\"button\">\n\t\t\t\t\t\t<span class=\"elementor-button-content-wrapper\">\n\t\t\t\t\t\t<span class=\"elementor-button-icon\">\n\t\t\t\t<svg xmlns=\"http:\/\/www.w3.org\/2000\/svg\" width=\"12\" height=\"10\" viewBox=\"0 0 12 10\" fill=\"none\"><rect width=\"12\" height=\"2\" rx=\"1\" fill=\"#063B4B\"><\/rect><rect y=\"8\" width=\"12\" height=\"2\" rx=\"1\" fill=\"#063B4B\"><\/rect><rect y=\"4\" width=\"12\" height=\"2\" rx=\"1\" fill=\"#063B4B\"><\/rect><\/svg>\t\t\t<\/span>\n\t\t\t\t\t\t\t\t\t<span class=\"elementor-button-text\">demo aanvragen<\/span>\n\t\t\t\t\t<\/span>\n\t\t\t\t\t<\/a>\n\t\t\t\t<\/div>\n\t\t\t\t\t\t\t\t<\/div>\n\t\t\t\t<\/div>\n\t\t\t\t<div class=\"elementor-element elementor-element-cc2f744 elementor-widget elementor-widget-button\" data-id=\"cc2f744\" data-element_type=\"widget\" data-e-type=\"widget\" data-widget_type=\"button.default\">\n\t\t\t\t<div class=\"elementor-widget-container\">\n\t\t\t\t\t\t\t\t\t<div class=\"elementor-button-wrapper\">\n\t\t\t\t\t<a class=\"elementor-button elementor-button-link elementor-size-sm\" href=\"https:\/\/menuez.tech\/contact\/\">\n\t\t\t\t\t\t<span class=\"elementor-button-content-wrapper\">\n\t\t\t\t\t\t<span class=\"elementor-button-icon\">\n\t\t\t\t<svg xmlns=\"http:\/\/www.w3.org\/2000\/svg\" width=\"12\" height=\"10\" viewBox=\"0 0 12 10\" fill=\"none\"><rect width=\"12\" height=\"2\" rx=\"1\" fill=\"#063B4B\"><\/rect><rect y=\"8\" width=\"12\" height=\"2\" rx=\"1\" fill=\"#063B4B\"><\/rect><rect y=\"4\" width=\"12\" height=\"2\" rx=\"1\" fill=\"#063B4B\"><\/rect><\/svg>\t\t\t<\/span>\n\t\t\t\t\t\t\t\t\t<span class=\"elementor-button-text\">neem contact op<\/span>\n\t\t\t\t\t<\/span>\n\t\t\t\t\t<\/a>\n\t\t\t\t<\/div>\n\t\t\t\t\t\t\t\t<\/div>\n\t\t\t\t<\/div>\n\t\t\t\t<\/div>\n\t\t\t\t<\/div>\n\t\t<div class=\"elementor-element elementor-element-06af491 e-con-full e-flex e-con e-child\" data-id=\"06af491\" data-element_type=\"container\" data-e-type=\"container\" data-settings=\"{&quot;background_background&quot;:&quot;classic&quot;}\">\n\t\t\t\t<\/div>\n\t\t\t\t<\/div>\n\t\t\t\t\t<\/div>\n\t\t\t\t<\/div>\n\t\t\t\t<\/div>\n\t\t","protected":false},"excerpt":{"rendered":"<p>Met Menuez heb je alles wat je nodig hebt om je marketingmaterialen effici\u00ebnt te organiseren en te co\u00f6rdineren. Of het nu gaat om fysieke of digitale materialen, het plannen van campagnes of het uitvoeren van evenementen, ons platform biedt een overzichtelijke oplossing. Zo vergroot je eenvoudig je lokale zichtbaarheid, met volledige controle en merkconsistentie op [&hellip;]<\/p>\n","protected":false},"author":1,"featured_media":0,"parent":0,"menu_order":0,"comment_status":"closed","ping_status":"closed","template":"","meta":{"footnotes":""},"class_list":["post-3836","page","type-page","status-publish","hentry"],"_links":{"self":[{"href":"https:\/\/menuez.tech\/nl\/wp-json\/wp\/v2\/pages\/3836","targetHints":{"allow":["GET"]}}],"collection":[{"href":"https:\/\/menuez.tech\/nl\/wp-json\/wp\/v2\/pages"}],"about":[{"href":"https:\/\/menuez.tech\/nl\/wp-json\/wp\/v2\/types\/page"}],"author":[{"embeddable":true,"href":"https:\/\/menuez.tech\/nl\/wp-json\/wp\/v2\/users\/1"}],"replies":[{"embeddable":true,"href":"https:\/\/menuez.tech\/nl\/wp-json\/wp\/v2\/comments?post=3836"}],"version-history":[{"count":7,"href":"https:\/\/menuez.tech\/nl\/wp-json\/wp\/v2\/pages\/3836\/revisions"}],"predecessor-version":[{"id":4629,"href":"https:\/\/menuez.tech\/nl\/wp-json\/wp\/v2\/pages\/3836\/revisions\/4629"}],"wp:attachment":[{"href":"https:\/\/menuez.tech\/nl\/wp-json\/wp\/v2\/media?parent=3836"}],"curies":[{"name":"wp","href":"https:\/\/api.w.org\/{rel}","templated":true}]}}