{"id":5332,"date":"2025-02-10T13:02:11","date_gmt":"2025-02-10T13:02:11","guid":{"rendered":"https:\/\/menuez.tech\/vacature\/"},"modified":"2026-01-13T09:34:03","modified_gmt":"2026-01-13T09:34:03","slug":"vacature","status":"publish","type":"page","link":"https:\/\/menuez.tech\/fr\/vacature\/","title":{"rendered":"Vacature"},"content":{"rendered":"\t\t<div data-elementor-type=\"wp-page\" data-elementor-id=\"5332\" class=\"elementor elementor-5332 elementor-2991\" data-elementor-post-type=\"page\">\n\t\t\t\t<div class=\"elementor-element elementor-element-4823861d e-con-full e-flex e-con e-parent\" data-id=\"4823861d\" data-element_type=\"container\" data-e-type=\"container\">\n\t\t\t\t<div class=\"elementor-element elementor-element-34eab34d elementor-widget elementor-widget-image\" data-id=\"34eab34d\" data-element_type=\"widget\" data-e-type=\"widget\" data-widget_type=\"image.default\">\n\t\t\t\t<div class=\"elementor-widget-container\">\n\t\t\t\t\t\t\t\t\t\t\t\t\t\t\t<img fetchpriority=\"high\" decoding=\"async\" width=\"2560\" height=\"1707\" src=\"https:\/\/menuez.tech\/wp-content\/uploads\/2025\/02\/Front-Office-scaled.jpg\" class=\"attachment-full size-full wp-image-3000\" alt=\"\" srcset=\"https:\/\/menuez.tech\/wp-content\/uploads\/2025\/02\/Front-Office-scaled.jpg 2560w, https:\/\/menuez.tech\/wp-content\/uploads\/2025\/02\/Front-Office-300x200.jpg 300w, https:\/\/menuez.tech\/wp-content\/uploads\/2025\/02\/Front-Office-1024x683.jpg 1024w, https:\/\/menuez.tech\/wp-content\/uploads\/2025\/02\/Front-Office-768x512.jpg 768w, https:\/\/menuez.tech\/wp-content\/uploads\/2025\/02\/Front-Office-1536x1024.jpg 1536w, https:\/\/menuez.tech\/wp-content\/uploads\/2025\/02\/Front-Office-2048x1365.jpg 2048w\" sizes=\"(max-width: 2560px) 100vw, 2560px\" \/>\t\t\t\t\t\t\t\t\t\t\t\t\t\t\t<\/div>\n\t\t\t\t<\/div>\n\t\t\t\t<\/div>\n\t\t<div class=\"elementor-element elementor-element-3c2308ea e-flex e-con-boxed e-con e-parent\" data-id=\"3c2308ea\" data-element_type=\"container\" data-e-type=\"container\" data-settings=\"{&quot;background_background&quot;:&quot;classic&quot;}\">\n\t\t\t\t\t<div class=\"e-con-inner\">\n\t\t<div class=\"elementor-element elementor-element-1422609c e-flex e-con-boxed e-con e-child\" data-id=\"1422609c\" data-element_type=\"container\" data-e-type=\"container\" data-settings=\"{&quot;background_background&quot;:&quot;classic&quot;}\">\n\t\t\t\t\t<div class=\"e-con-inner\">\n\t\t\t\t<div class=\"elementor-element elementor-element-1e40da46 elementor-icon-list--layout-inline elementor-list-item-link-full_width elementor-widget elementor-widget-icon-list\" data-id=\"1e40da46\" data-element_type=\"widget\" data-e-type=\"widget\" data-widget_type=\"icon-list.default\">\n\t\t\t\t<div class=\"elementor-widget-container\">\n\t\t\t\t\t\t\t<ul class=\"elementor-icon-list-items elementor-inline-items\">\n\t\t\t\t\t\t\t<li class=\"elementor-icon-list-item elementor-inline-item\">\n\t\t\t\t\t\t\t\t\t\t\t<a href=\"https:\/\/menuez.tech\/fr\/\">\n\n\t\t\t\t\t\t\t\t\t\t\t\t<span class=\"elementor-icon-list-icon\">\n\t\t\t\t\t\t\t<svg xmlns=\"http:\/\/www.w3.org\/2000\/svg\" width=\"20\" height=\"17\" viewBox=\"0 0 20 17\" fill=\"none\"><path d=\"M9.5 1.1875C9.78125 0.96875 10.1875 0.96875 10.4688 1.1875L15.5 5.4375V2.75C15.5 2.34375 15.8125 2 16.25 2C16.6562 2 17 2.34375 17 2.75V6.71875L18.7188 8.1875C19.0312 8.46875 19.0625 8.9375 18.8125 9.25C18.5312 9.5625 18.0625 9.59375 17.75 9.34375L17 8.6875V14.5C17 15.9062 15.875 17 14.5 17H5.5C4.09375 17 3 15.9062 3 14.5V8.6875L2.21875 9.34375C1.90625 9.59375 1.4375 9.5625 1.15625 9.25C0.90625 8.9375 0.9375 8.46875 1.25 8.1875L9.5 1.1875ZM4.5 7.40625V14.5C4.5 15.0625 4.9375 15.5 5.5 15.5H7V10.75C7 10.0625 7.53125 9.5 8.25 9.5H11.75C12.4375 9.5 13 10.0625 13 10.75V15.5H14.5C15.0312 15.5 15.5 15.0625 15.5 14.5V7.40625L10 2.75L4.5 7.40625ZM11.5 11H8.5V15.5H11.5V11Z\" fill=\"#A9CCE0\"><\/path><\/svg>\t\t\t\t\t\t<\/span>\n\t\t\t\t\t\t\t\t\t\t<span class=\"elementor-icon-list-text\"><\/span>\n\t\t\t\t\t\t\t\t\t\t\t<\/a>\n\t\t\t\t\t\t\t\t\t<\/li>\n\t\t\t\t\t\t\t\t<li class=\"elementor-icon-list-item elementor-inline-item\">\n\t\t\t\t\t\t\t\t\t\t\t<span class=\"elementor-icon-list-icon\">\n\t\t\t\t\t\t\t<svg xmlns=\"http:\/\/www.w3.org\/2000\/svg\" width=\"8\" height=\"16\" viewBox=\"0 0 8 16\" fill=\"none\"><path d=\"M0.65625 14.875C0.53125 14.7812 0.46875 14.6562 0.46875 14.5312C0.46875 14.4062 0.53125 14.2812 0.625 14.1875L6.28125 8.03125L0.625 1.84375C0.4375 1.65625 0.4375 1.34375 0.65625 1.15625C0.84375 0.96875 1.15625 0.96875 1.34375 1.1875L7.34375 7.6875C7.53125 7.875 7.53125 8.15625 7.34375 8.34375L1.34375 14.8438C1.15625 15.0625 0.84375 15.0625 0.65625 14.875Z\" fill=\"#A9CCE0\"><\/path><\/svg>\t\t\t\t\t\t<\/span>\n\t\t\t\t\t\t\t\t\t\t<span class=\"elementor-icon-list-text\"><\/span>\n\t\t\t\t\t\t\t\t\t<\/li>\n\t\t\t\t\t\t\t\t<li class=\"elementor-icon-list-item elementor-inline-item\">\n\t\t\t\t\t\t\t\t\t\t<span class=\"elementor-icon-list-text\">Senior Projectmanager\/ accountmanager Marcom SaaS (32-40 uur, Utrecht)<\/span>\n\t\t\t\t\t\t\t\t\t<\/li>\n\t\t\t\t\t\t<\/ul>\n\t\t\t\t\t\t<\/div>\n\t\t\t\t<\/div>\n\t\t\t\t<div class=\"elementor-element elementor-element-1a9f0fff elementor-widget elementor-widget-text-editor\" data-id=\"1a9f0fff\" data-element_type=\"widget\" data-e-type=\"widget\" data-widget_type=\"text-editor.default\">\n\t\t\t\t<div class=\"elementor-widget-container\">\n\t\t\t\t\t\t\t\t\t<h2 data-path-to-node=\"2\">Senior Marketeer\/Projectmanager (32-40 heures, Utrecht)<\/h2>\n<p data-path-to-node=\"3\">Vous aimez travailler avec des <b data-path-to-node=\"3\" data-index-in-node=\"26\">marques embl\u00e9matiques comme Coca-Cola, Magnum, Red Bull et Duvel<\/b>? Vous \u00eates stimul\u00e9 par la conduite de projets marketing internationaux et souhaitez contribuer \u00e0 la cr\u00e9ation d&rsquo;une plateforme SaaS intelligente au sein d&rsquo;une \u00e9quipe soud\u00e9e et ambitieuse ? Alors, c&rsquo;est votre prochaine \u00e9tape.  <\/p>\n<h4 data-path-to-node=\"4\">&nbsp;<\/h4>\n<h4 data-path-to-node=\"4\"><strong>A propos de Menuez.tech et de votre impact<\/strong><\/h4>\n<p data-path-to-node=\"5\">Menuez.tech est une plateforme SaaS en pleine expansion qui permet aux grandes marques de cr\u00e9er des campagnes de marketing (commercial) et des menus localement tout en les g\u00e9rant de mani\u00e8re centralis\u00e9e, des Pays-Bas et de la Belgique aux \u00c9tats-Unis et au Canada.<\/p>\n<p data-path-to-node=\"6\">En tant que Senior Project Manager \/ Account Manager, vous \u00eates le <b data-path-to-node=\"6\" data-index-in-node=\"59\">lien essentiel entre la strat\u00e9gie de la marque et l&rsquo;ex\u00e9cution intelligente<\/b>. Gr\u00e2ce \u00e0 vous, les campagnes sont lanc\u00e9es avec une planification rigoureuse, une ex\u00e9cution sans effort et un succ\u00e8s mesurable. Vous travaillerez directement avec des clients internationaux et avec une <b data-path-to-node=\"6\" data-index-in-node=\"279\">\u00e9quipe motiv\u00e9e et amusante<\/b>, dont l&rsquo;objectif est de gagner ensemble.  <\/p>\n<h4 data-path-to-node=\"7\">&nbsp;<\/h4>\n<h4 data-path-to-node=\"7\"><strong>Que ferez-vous ? Aucun jour n&rsquo;est pareil <\/strong><\/h4>\n<ul data-path-to-node=\"8\">\n<li>\n<p data-path-to-node=\"8,0,0\">Mettre en place et r\u00e9aliser des campagnes de marketing de haute qualit\u00e9 en fonction des besoins du client.<\/p>\n<\/li>\n<li>\n<p data-path-to-node=\"8,1,0\">Diriger simultan\u00e9ment plusieurs <b data-path-to-node=\"8,1,0\" data-index-in-node=\"14\"> projets (inter)nationaux<\/b>, du briefing initial \u00e0 la livraison finale.<\/p>\n<\/li>\n<li>\n<p data-path-to-node=\"8,2,0\">Assurer une coordination quotidienne avec les clients et les membres de l&rsquo;\u00e9quipe (marketing, informatique et support) pour suivre l&rsquo;\u00e9volution de la campagne.<\/p>\n<\/li>\n<li>\n<p data-path-to-node=\"8,3,0\">Identifier les opportunit\u00e9s pour les clients et r\u00e9fl\u00e9chir de mani\u00e8re proactive \u00e0 des solutions.<\/p>\n<\/li>\n<\/ul>\n<h4 data-path-to-node=\"9\">&nbsp;<\/h4>\n<h4 data-path-to-node=\"9\"><strong>Ce que vous apportez \u00e0 la table<\/strong><\/h4>\n<p data-path-to-node=\"10\">Vous \u00eates quelqu&rsquo;un qui garde une vue d&rsquo;ensemble claire, qui apporte une \u00e9nergie positive et qui s&rsquo;\u00e9panouit dans la collaboration.<\/p>\n<ul data-path-to-node=\"11\">\n<li>\n<p data-path-to-node=\"11,0,0\"><b data-path-to-node=\"11,0,0\" data-index-in-node=\"0\">4 \u00e0 6 ans d&rsquo;exp\u00e9rience<\/b> en tant que chef de projet (senior) dans le domaine du marketing, du num\u00e9rique ou du SaaS.<\/p>\n<\/li>\n<li>\n<p data-path-to-node=\"11,1,0\">Exp\u00e9rience du travail au sein d&rsquo;\u00e9quipes pluridisciplinaires utilisant des outils de planification ou de billetterie (par exemple, Wrike ou similaire).<\/p>\n<\/li>\n<li>\n<p data-path-to-node=\"11,2,0\">Comp\u00e9tences en mati\u00e8re de planification, communication claire et <b data-path-to-node=\"11,2,0\" data-index-in-node=\"50\">ponctualit\u00e9<\/b> (souci du d\u00e9tail et des d\u00e9lais).<\/p>\n<\/li>\n<li>\n<p data-path-to-node=\"11,3,0\">Une attitude positive, centr\u00e9e sur le client, et une attitude de conseil.<\/p>\n<\/li>\n<li>\n<p data-path-to-node=\"11,4,0\">Un esprit de collaboration : vous aidez les autres et n&rsquo;avez pas peur de demander de l&rsquo;aide pour aller plus loin et faire passer des projets au niveau sup\u00e9rieur.<\/p>\n<\/li>\n<li>\n<p data-path-to-node=\"11,5,0\">Une <b data-path-to-node=\"11,5,0\" data-index-in-node=\"12\">licence (HBO+) ou un dipl\u00f4me sup\u00e9rieur.<\/b><\/p>\n<\/li>\n<\/ul>\n<h4 data-path-to-node=\"12\">&nbsp;<\/h4>\n<h4 data-path-to-node=\"12\">Ce que nous vous offrons<\/h4>\n<ul data-path-to-node=\"13\">\n<li>\n<p data-path-to-node=\"13,0,0\">Un degr\u00e9 \u00e9lev\u00e9 d&rsquo;autonomie et un <b data-path-to-node=\"13,0,0\" data-index-in-node=\"30\">impact visible<\/b> sur une plateforme en pleine croissance.<\/p>\n<\/li>\n<li>\n<p data-path-to-node=\"13,1,0\">L&rsquo;opportunit\u00e9 de travailler pour de <b data-path-to-node=\"13,1,0\" data-index-in-node=\"28\">grandes marques internationales<\/b>.<\/p>\n<\/li>\n<li>\n<p data-path-to-node=\"13,2,0\">25 jours de vacances (\u00e0 temps plein) et possibilit\u00e9 de formation et de d\u00e9veloppement personnel.<\/p>\n<\/li>\n<li>\n<p data-path-to-node=\"13,3,0\">Une petite \u00e9quipe ambitieuse et amicale, avec des lignes de communication courtes et un niveau de confiance \u00e9lev\u00e9.<\/p>\n<\/li>\n<li>\n<p data-path-to-node=\"13,4,0\">Un lieu de travail o\u00f9 vous aimez votre travail et o\u00f9 vous c\u00e9l\u00e9brez les succ\u00e8s avec vos coll\u00e8gues.<\/p>\n<\/li>\n<\/ul>\n<h4 data-path-to-node=\"14\">&nbsp;<\/h4>\n<h4 data-path-to-node=\"14\">Comment postuler<\/h4>\n<p data-path-to-node=\"15\">Vous vous voyez assumer ce r\u00f4le ? Envoyez votre CV ou votre profil LinkedIn accompagn\u00e9 d&rsquo;une courte motivation \u00e0 <b data-path-to-node=\"15\" data-index-in-node=\"102\">gijs@menuez.tech <\/b>ou appelez le <b data-path-to-node=\"15\" data-index-in-node=\"127\">+31 (0) 307 610 371<\/b> pour une premi\u00e8re pr\u00e9sentation. <\/p>\n<p data-path-to-node=\"16\">Vous souhaitez d&rsquo;abord discuter du poste ou de votre parcours ? N&rsquo;h\u00e9sitez pas \u00e0 nous contacter. <\/p>\t\t\t\t\t\t\t\t<\/div>\n\t\t\t\t<\/div>\n\t\t\t\t\t<\/div>\n\t\t\t\t<\/div>\n\t\t\t\t<div class=\"elementor-element elementor-element-2c03b861 elementor-widget elementor-widget-text-editor\" data-id=\"2c03b861\" data-element_type=\"widget\" data-e-type=\"widget\" data-widget_type=\"text-editor.default\">\n\t\t\t\t<div class=\"elementor-widget-container\">\n\t\t\t\t\t\t\t\t\t<p>Lorem ipsum dolor sit amet, consectetur adipiscing elit. Ut elit tellus, luctus nec ullamcorper mattis, pulvinar dapibus leo. <\/p>\t\t\t\t\t\t\t\t<\/div>\n\t\t\t\t<\/div>\n\t\t\t\t\t<\/div>\n\t\t\t\t<\/div>\n\t\t\t\t<\/div>\n\t\t","protected":false},"excerpt":{"rendered":"<p>Senior Projectmanager\/ accountmanager Marcom SaaS (32-40 uur, Utrecht) Senior Marketeer\/Projectmanager (32-40 heures, Utrecht) Vous aimez travailler avec des marques embl\u00e9matiques comme Coca-Cola, Magnum, Red Bull et Duvel? Vous \u00eates stimul\u00e9 par la conduite de projets marketing internationaux et souhaitez contribuer \u00e0 la cr\u00e9ation d&rsquo;une plateforme SaaS intelligente au sein d&rsquo;une \u00e9quipe soud\u00e9e et ambitieuse ? [&hellip;]<\/p>\n","protected":false},"author":2,"featured_media":0,"parent":0,"menu_order":0,"comment_status":"closed","ping_status":"closed","template":"","meta":{"footnotes":""},"class_list":["post-5332","page","type-page","status-publish","hentry"],"_links":{"self":[{"href":"https:\/\/menuez.tech\/fr\/wp-json\/wp\/v2\/pages\/5332","targetHints":{"allow":["GET"]}}],"collection":[{"href":"https:\/\/menuez.tech\/fr\/wp-json\/wp\/v2\/pages"}],"about":[{"href":"https:\/\/menuez.tech\/fr\/wp-json\/wp\/v2\/types\/page"}],"author":[{"embeddable":true,"href":"https:\/\/menuez.tech\/fr\/wp-json\/wp\/v2\/users\/2"}],"replies":[{"embeddable":true,"href":"https:\/\/menuez.tech\/fr\/wp-json\/wp\/v2\/comments?post=5332"}],"version-history":[{"count":17,"href":"https:\/\/menuez.tech\/fr\/wp-json\/wp\/v2\/pages\/5332\/revisions"}],"predecessor-version":[{"id":5415,"href":"https:\/\/menuez.tech\/fr\/wp-json\/wp\/v2\/pages\/5332\/revisions\/5415"}],"wp:attachment":[{"href":"https:\/\/menuez.tech\/fr\/wp-json\/wp\/v2\/media?parent=5332"}],"curies":[{"name":"wp","href":"https:\/\/api.w.org\/{rel}","templated":true}]}}