{"id":4368,"date":"2025-01-20T06:37:45","date_gmt":"2025-01-20T06:37:45","guid":{"rendered":"https:\/\/menuez.tech\/creer\/"},"modified":"2025-05-28T11:36:32","modified_gmt":"2025-05-28T11:36:32","slug":"creer","status":"publish","type":"page","link":"https:\/\/menuez.tech\/fr\/creer\/","title":{"rendered":"Cr\u00e9er"},"content":{"rendered":"\t\t<div data-elementor-type=\"wp-page\" data-elementor-id=\"4368\" class=\"elementor elementor-4368 elementor-1003\" data-elementor-post-type=\"page\">\n\t\t\t\t<div class=\"elementor-element elementor-element-de36521 e-flex e-con-boxed e-con e-parent\" data-id=\"de36521\" data-element_type=\"container\" data-e-type=\"container\" data-settings=\"{&quot;background_background&quot;:&quot;classic&quot;}\">\n\t\t\t\t\t<div class=\"e-con-inner\">\n\t\t\t\t<div class=\"elementor-element elementor-element-77a9c5b elementor-widget elementor-widget-heading\" data-id=\"77a9c5b\" data-element_type=\"widget\" data-e-type=\"widget\" data-widget_type=\"heading.default\">\n\t\t\t\t<div class=\"elementor-widget-container\">\n\t\t\t\t\t<h1 class=\"elementor-heading-title elementor-size-default\">Cr\u00e9er<\/h1>\t\t\t\t<\/div>\n\t\t\t\t<\/div>\n\t\t\t\t<div class=\"elementor-element elementor-element-f9b594a elementor-widget__width-initial elementor-widget elementor-widget-text-editor\" data-id=\"f9b594a\" data-element_type=\"widget\" data-e-type=\"widget\" data-widget_type=\"text-editor.default\">\n\t\t\t\t<div class=\"elementor-widget-container\">\n\t\t\t\t\t\t\t\t\t<p>Menuez propose une solution transparente pour cr\u00e9er, organiser et distribuer tous les supports de votre marque, qu&rsquo;il s&rsquo;agisse de menus, de mat\u00e9riel de point de vente ou d&rsquo;annonces hyperlocales. Nous facilitons la personnalisation du contenu pour chaque site et le d\u00e9ploiement de campagnes sur plusieurs sites et pays, en garantissant les bons formats et les bonnes quantit\u00e9s pour un impact maximal. Depuis le si\u00e8ge ou les \u00e9quipes locales, nous rationalisons le processus, le rendant efficace et conforme \u00e0 la marque \u00e0 chaque \u00e9tape.  <\/p>\t\t\t\t\t\t\t\t<\/div>\n\t\t\t\t<\/div>\n\t\t\t\t\t<\/div>\n\t\t\t\t<\/div>\n\t\t<div class=\"elementor-element elementor-element-d9b154e e-flex e-con-boxed e-con e-parent\" data-id=\"d9b154e\" data-element_type=\"container\" data-e-type=\"container\" data-settings=\"{&quot;background_background&quot;:&quot;classic&quot;}\">\n\t\t\t\t\t<div class=\"e-con-inner\">\n\t\t\t\t<div class=\"elementor-element elementor-element-211c940 elementor-icon-list--layout-inline elementor-list-item-link-full_width elementor-widget elementor-widget-icon-list\" data-id=\"211c940\" data-element_type=\"widget\" data-e-type=\"widget\" data-widget_type=\"icon-list.default\">\n\t\t\t\t<div class=\"elementor-widget-container\">\n\t\t\t\t\t\t\t<ul class=\"elementor-icon-list-items elementor-inline-items\">\n\t\t\t\t\t\t\t<li class=\"elementor-icon-list-item elementor-inline-item\">\n\t\t\t\t\t\t\t\t\t\t\t<a href=\"https:\/\/menuez.tech\/fr\/\">\n\n\t\t\t\t\t\t\t\t\t\t\t\t<span class=\"elementor-icon-list-icon\">\n\t\t\t\t\t\t\t<svg xmlns=\"http:\/\/www.w3.org\/2000\/svg\" width=\"20\" height=\"17\" viewBox=\"0 0 20 17\" fill=\"none\"><path d=\"M9.5 1.1875C9.78125 0.96875 10.1875 0.96875 10.4688 1.1875L15.5 5.4375V2.75C15.5 2.34375 15.8125 2 16.25 2C16.6562 2 17 2.34375 17 2.75V6.71875L18.7188 8.1875C19.0312 8.46875 19.0625 8.9375 18.8125 9.25C18.5312 9.5625 18.0625 9.59375 17.75 9.34375L17 8.6875V14.5C17 15.9062 15.875 17 14.5 17H5.5C4.09375 17 3 15.9062 3 14.5V8.6875L2.21875 9.34375C1.90625 9.59375 1.4375 9.5625 1.15625 9.25C0.90625 8.9375 0.9375 8.46875 1.25 8.1875L9.5 1.1875ZM4.5 7.40625V14.5C4.5 15.0625 4.9375 15.5 5.5 15.5H7V10.75C7 10.0625 7.53125 9.5 8.25 9.5H11.75C12.4375 9.5 13 10.0625 13 10.75V15.5H14.5C15.0312 15.5 15.5 15.0625 15.5 14.5V7.40625L10 2.75L4.5 7.40625ZM11.5 11H8.5V15.5H11.5V11Z\" fill=\"#A9CCE0\"><\/path><\/svg>\t\t\t\t\t\t<\/span>\n\t\t\t\t\t\t\t\t\t\t<span class=\"elementor-icon-list-text\"><\/span>\n\t\t\t\t\t\t\t\t\t\t\t<\/a>\n\t\t\t\t\t\t\t\t\t<\/li>\n\t\t\t\t\t\t\t\t<li class=\"elementor-icon-list-item elementor-inline-item\">\n\t\t\t\t\t\t\t\t\t\t\t<span class=\"elementor-icon-list-icon\">\n\t\t\t\t\t\t\t<svg xmlns=\"http:\/\/www.w3.org\/2000\/svg\" width=\"8\" height=\"16\" viewBox=\"0 0 8 16\" fill=\"none\"><path d=\"M0.65625 14.875C0.53125 14.7812 0.46875 14.6562 0.46875 14.5312C0.46875 14.4062 0.53125 14.2812 0.625 14.1875L6.28125 8.03125L0.625 1.84375C0.4375 1.65625 0.4375 1.34375 0.65625 1.15625C0.84375 0.96875 1.15625 0.96875 1.34375 1.1875L7.34375 7.6875C7.53125 7.875 7.53125 8.15625 7.34375 8.34375L1.34375 14.8438C1.15625 15.0625 0.84375 15.0625 0.65625 14.875Z\" fill=\"#A9CCE0\"><\/path><\/svg>\t\t\t\t\t\t<\/span>\n\t\t\t\t\t\t\t\t\t\t<span class=\"elementor-icon-list-text\"><\/span>\n\t\t\t\t\t\t\t\t\t<\/li>\n\t\t\t\t\t\t\t\t<li class=\"elementor-icon-list-item elementor-inline-item\">\n\t\t\t\t\t\t\t\t\t\t<span class=\"elementor-icon-list-text\">solutions<\/span>\n\t\t\t\t\t\t\t\t\t<\/li>\n\t\t\t\t\t\t\t\t<li class=\"elementor-icon-list-item elementor-inline-item\">\n\t\t\t\t\t\t\t\t\t\t\t<span class=\"elementor-icon-list-icon\">\n\t\t\t\t\t\t\t<svg xmlns=\"http:\/\/www.w3.org\/2000\/svg\" width=\"8\" height=\"16\" viewBox=\"0 0 8 16\" fill=\"none\"><path d=\"M0.65625 14.875C0.53125 14.7812 0.46875 14.6562 0.46875 14.5312C0.46875 14.4062 0.53125 14.2812 0.625 14.1875L6.28125 8.03125L0.625 1.84375C0.4375 1.65625 0.4375 1.34375 0.65625 1.15625C0.84375 0.96875 1.15625 0.96875 1.34375 1.1875L7.34375 7.6875C7.53125 7.875 7.53125 8.15625 7.34375 8.34375L1.34375 14.8438C1.15625 15.0625 0.84375 15.0625 0.65625 14.875Z\" fill=\"#A9CCE0\"><\/path><\/svg>\t\t\t\t\t\t<\/span>\n\t\t\t\t\t\t\t\t\t\t<span class=\"elementor-icon-list-text\"><\/span>\n\t\t\t\t\t\t\t\t\t<\/li>\n\t\t\t\t\t\t\t\t<li class=\"elementor-icon-list-item elementor-inline-item\">\n\t\t\t\t\t\t\t\t\t\t<span class=\"elementor-icon-list-text\">Cr\u00e9er<\/span>\n\t\t\t\t\t\t\t\t\t<\/li>\n\t\t\t\t\t\t<\/ul>\n\t\t\t\t\t\t<\/div>\n\t\t\t\t<\/div>\n\t\t<div class=\"elementor-element elementor-element-e73a923 e-con-full e-flex e-con e-child\" data-id=\"e73a923\" data-element_type=\"container\" data-e-type=\"container\">\n\t\t<div class=\"elementor-element elementor-element-0fb7b59 e-con-full e-flex e-con e-child\" data-id=\"0fb7b59\" data-element_type=\"container\" data-e-type=\"container\">\n\t\t\t\t<div class=\"elementor-element elementor-element-6b39610 elementor-widget elementor-widget-image\" data-id=\"6b39610\" data-element_type=\"widget\" data-e-type=\"widget\" data-widget_type=\"image.default\">\n\t\t\t\t<div class=\"elementor-widget-container\">\n\t\t\t\t\t\t\t\t\t\t\t\t\t\t\t<img fetchpriority=\"high\" decoding=\"async\" width=\"970\" height=\"660\" src=\"https:\/\/menuez.tech\/wp-content\/uploads\/2025\/01\/people-working-in-the-office-2023-11-27-04-59-20-utc-31.png\" class=\"attachment-full size-full wp-image-4395\" alt=\"\" srcset=\"https:\/\/menuez.tech\/wp-content\/uploads\/2025\/01\/people-working-in-the-office-2023-11-27-04-59-20-utc-31.png 970w, https:\/\/menuez.tech\/wp-content\/uploads\/2025\/01\/people-working-in-the-office-2023-11-27-04-59-20-utc-31-300x204.png 300w, https:\/\/menuez.tech\/wp-content\/uploads\/2025\/01\/people-working-in-the-office-2023-11-27-04-59-20-utc-31-768x523.png 768w\" sizes=\"(max-width: 970px) 100vw, 970px\" \/>\t\t\t\t\t\t\t\t\t\t\t\t\t\t\t<\/div>\n\t\t\t\t<\/div>\n\t\t\t\t<\/div>\n\t\t<div class=\"elementor-element elementor-element-24807a9 e-con-full e-flex e-con e-child\" data-id=\"24807a9\" data-element_type=\"container\" data-e-type=\"container\">\n\t\t\t\t<div class=\"elementor-element elementor-element-ebe1581 elementor-widget elementor-widget-heading\" data-id=\"ebe1581\" data-element_type=\"widget\" data-e-type=\"widget\" data-widget_type=\"heading.default\">\n\t\t\t\t<div class=\"elementor-widget-container\">\n\t\t\t\t\t<h2 class=\"elementor-heading-title elementor-size-default\">Menus personnalis\u00e9s<\/h2>\t\t\t\t<\/div>\n\t\t\t\t<\/div>\n\t\t\t\t<div class=\"elementor-element elementor-element-6eb9b14 elementor-widget elementor-widget-text-editor\" data-id=\"6eb9b14\" data-element_type=\"widget\" data-e-type=\"widget\" data-widget_type=\"text-editor.default\">\n\t\t\t\t<div class=\"elementor-widget-container\">\n\t\t\t\t\t\t\t\t\t<p>Il n&rsquo;a jamais \u00e9t\u00e9 aussi facile de cr\u00e9er des menus personnalis\u00e9s qui refl\u00e8tent l&rsquo;identit\u00e9 de votre marque. Qu&rsquo;il s&rsquo;agisse de conceptions complexes ou de simples mises \u00e0 jour, nous veillons \u00e0 ce que vos menus soient toujours pertinents et coh\u00e9rents. Les partenaires locaux peuvent personnaliser le contenu en fonction de leurs besoins sp\u00e9cifiques, tout en conservant l&rsquo;aspect et la convivialit\u00e9 de votre marque. Notre syst\u00e8me prend en charge la conception, la v\u00e9rification des textes et la production, ce qui vous permet de gagner du temps et de maintenir la qualit\u00e9.   <\/p>\t\t\t\t\t\t\t\t<\/div>\n\t\t\t\t<\/div>\n\t\t\t\t<\/div>\n\t\t\t\t<\/div>\n\t\t\t\t\t<\/div>\n\t\t\t\t<\/div>\n\t\t<div class=\"elementor-element elementor-element-8e20ab0 e-flex e-con-boxed e-con e-parent\" data-id=\"8e20ab0\" data-element_type=\"container\" data-e-type=\"container\">\n\t\t\t\t\t<div class=\"e-con-inner\">\n\t\t<div class=\"elementor-element elementor-element-77b2dc1 e-con-full e-flex e-con e-child\" data-id=\"77b2dc1\" data-element_type=\"container\" data-e-type=\"container\">\n\t\t\t\t<div class=\"elementor-element elementor-element-0a106fe elementor-widget elementor-widget-heading\" data-id=\"0a106fe\" data-element_type=\"widget\" data-e-type=\"widget\" data-widget_type=\"heading.default\">\n\t\t\t\t<div class=\"elementor-widget-container\">\n\t\t\t\t\t<h2 class=\"elementor-heading-title elementor-size-default\">Campagnes en ligne<\/h2>\t\t\t\t<\/div>\n\t\t\t\t<\/div>\n\t\t\t\t<div class=\"elementor-element elementor-element-89c37be elementor-widget elementor-widget-text-editor\" data-id=\"89c37be\" data-element_type=\"widget\" data-e-type=\"widget\" data-widget_type=\"text-editor.default\">\n\t\t\t\t<div class=\"elementor-widget-container\">\n\t\t\t\t\t\t\t\t\t<p>Transformer des campagnes nationales en succ\u00e8s hyperlocaux est simple avec Menuez. T\u00e9l\u00e9chargez vos banni\u00e8res et vos publicit\u00e9s sur les r\u00e9seaux sociaux, et nous les adapterons aux audiences locales. Notre syst\u00e8me garantit que le contenu est personnalis\u00e9 pour chaque lieu, ce qui augmente l&rsquo;engagement tout en pr\u00e9servant la coh\u00e9rence de la marque. Qu&rsquo;il s&rsquo;agisse d&rsquo;initiatives nationales ou de promotions locales, nous vous aidons \u00e0 accro\u00eetre la visibilit\u00e9 et l&rsquo;engagement sur tous les march\u00e9s.   <\/p>\t\t\t\t\t\t\t\t<\/div>\n\t\t\t\t<\/div>\n\t\t\t\t<\/div>\n\t\t<div class=\"elementor-element elementor-element-2fe0195 e-con-full e-flex e-con e-child\" data-id=\"2fe0195\" data-element_type=\"container\" data-e-type=\"container\">\n\t\t\t\t<div class=\"elementor-element elementor-element-90c8e26 elementor-widget elementor-widget-image\" data-id=\"90c8e26\" data-element_type=\"widget\" data-e-type=\"widget\" data-widget_type=\"image.default\">\n\t\t\t\t<div class=\"elementor-widget-container\">\n\t\t\t\t\t\t\t\t\t\t\t\t\t\t\t<img decoding=\"async\" width=\"970\" height=\"660\" src=\"https:\/\/menuez.tech\/wp-content\/uploads\/2025\/01\/iMac.png\" class=\"attachment-full size-full wp-image-4399\" alt=\"\" srcset=\"https:\/\/menuez.tech\/wp-content\/uploads\/2025\/01\/iMac.png 970w, https:\/\/menuez.tech\/wp-content\/uploads\/2025\/01\/iMac-300x204.png 300w, https:\/\/menuez.tech\/wp-content\/uploads\/2025\/01\/iMac-768x523.png 768w\" sizes=\"(max-width: 970px) 100vw, 970px\" \/>\t\t\t\t\t\t\t\t\t\t\t\t\t\t\t<\/div>\n\t\t\t\t<\/div>\n\t\t\t\t<\/div>\n\t\t\t\t\t<\/div>\n\t\t\t\t<\/div>\n\t\t<div class=\"elementor-element elementor-element-7538801 e-flex e-con-boxed e-con e-parent\" data-id=\"7538801\" data-element_type=\"container\" data-e-type=\"container\" data-settings=\"{&quot;background_background&quot;:&quot;classic&quot;}\">\n\t\t\t\t\t<div class=\"e-con-inner\">\n\t\t<div class=\"elementor-element elementor-element-58f49ff e-con-full e-flex e-con e-child\" data-id=\"58f49ff\" data-element_type=\"container\" data-e-type=\"container\">\n\t\t\t\t<div class=\"elementor-element elementor-element-158af27 elementor-widget elementor-widget-image\" data-id=\"158af27\" data-element_type=\"widget\" data-e-type=\"widget\" data-widget_type=\"image.default\">\n\t\t\t\t<div class=\"elementor-widget-container\">\n\t\t\t\t\t\t\t\t\t\t\t\t\t\t\t<img decoding=\"async\" width=\"970\" height=\"660\" src=\"https:\/\/menuez.tech\/wp-content\/uploads\/2025\/01\/people-working-in-the-office-2023-11-27-04-59-20-utc-41.png\" class=\"attachment-full size-full wp-image-4400\" alt=\"\" srcset=\"https:\/\/menuez.tech\/wp-content\/uploads\/2025\/01\/people-working-in-the-office-2023-11-27-04-59-20-utc-41.png 970w, https:\/\/menuez.tech\/wp-content\/uploads\/2025\/01\/people-working-in-the-office-2023-11-27-04-59-20-utc-41-300x204.png 300w, https:\/\/menuez.tech\/wp-content\/uploads\/2025\/01\/people-working-in-the-office-2023-11-27-04-59-20-utc-41-768x523.png 768w\" sizes=\"(max-width: 970px) 100vw, 970px\" \/>\t\t\t\t\t\t\t\t\t\t\t\t\t\t\t<\/div>\n\t\t\t\t<\/div>\n\t\t\t\t<\/div>\n\t\t<div class=\"elementor-element elementor-element-1d7c3ea e-con-full e-flex e-con e-child\" data-id=\"1d7c3ea\" data-element_type=\"container\" data-e-type=\"container\">\n\t\t\t\t<div class=\"elementor-element elementor-element-5c662aa elementor-widget elementor-widget-heading\" data-id=\"5c662aa\" data-element_type=\"widget\" data-e-type=\"widget\" data-widget_type=\"heading.default\">\n\t\t\t\t<div class=\"elementor-widget-container\">\n\t\t\t\t\t<h2 class=\"elementor-heading-title elementor-size-default\">Mat\u00e9riel promotionnel<\/h2>\t\t\t\t<\/div>\n\t\t\t\t<\/div>\n\t\t\t\t<div class=\"elementor-element elementor-element-090b029 elementor-widget elementor-widget-text-editor\" data-id=\"090b029\" data-element_type=\"widget\" data-e-type=\"widget\" data-widget_type=\"text-editor.default\">\n\t\t\t\t<div class=\"elementor-widget-container\">\n\t\t\t\t\t\t\t\t\t<p>Des affiches aux parapluies, Menuez simplifie la cr\u00e9ation de mat\u00e9riel promotionnel qui valorise votre marque. Les partenaires locaux peuvent facilement personnaliser et commander du mat\u00e9riel adapt\u00e9 \u00e0 leur march\u00e9, garantissant ainsi la pertinence sans compromettre l&rsquo;identit\u00e9 de la marque. Tout est livr\u00e9 dans le bon format et la bonne quantit\u00e9, ce qui garantit la coh\u00e9rence entre tous les sites.  <\/p>\t\t\t\t\t\t\t\t<\/div>\n\t\t\t\t<\/div>\n\t\t\t\t<\/div>\n\t\t\t\t\t<\/div>\n\t\t\t\t<\/div>\n\t\t<div class=\"elementor-element elementor-element-7ff507e e-flex e-con-boxed e-con e-parent\" data-id=\"7ff507e\" data-element_type=\"container\" data-e-type=\"container\" data-settings=\"{&quot;background_background&quot;:&quot;classic&quot;}\">\n\t\t\t\t\t<div class=\"e-con-inner\">\n\t\t\t\t\t<\/div>\n\t\t\t\t<\/div>\n\t\t<div class=\"elementor-element elementor-element-1a9a7ce e-con-full e-flex e-con e-parent\" data-id=\"1a9a7ce\" data-element_type=\"container\" data-e-type=\"container\" data-settings=\"{&quot;background_background&quot;:&quot;classic&quot;}\">\n\t\t\t\t<div class=\"elementor-element elementor-element-c26a400 elementor-widget-mobile__width-inherit elementor-widget elementor-widget-image\" data-id=\"c26a400\" data-element_type=\"widget\" data-e-type=\"widget\" data-widget_type=\"image.default\">\n\t\t\t\t<div class=\"elementor-widget-container\">\n\t\t\t\t\t\t\t\t\t\t\t\t\t\t\t<img loading=\"lazy\" decoding=\"async\" width=\"3024\" height=\"814\" src=\"https:\/\/menuez.tech\/wp-content\/uploads\/2025\/01\/Frame-122.png\" class=\"attachment-full size-full wp-image-4401\" alt=\"\" srcset=\"https:\/\/menuez.tech\/wp-content\/uploads\/2025\/01\/Frame-122.png 3024w, https:\/\/menuez.tech\/wp-content\/uploads\/2025\/01\/Frame-122-300x81.png 300w, https:\/\/menuez.tech\/wp-content\/uploads\/2025\/01\/Frame-122-1024x276.png 1024w, https:\/\/menuez.tech\/wp-content\/uploads\/2025\/01\/Frame-122-768x207.png 768w, https:\/\/menuez.tech\/wp-content\/uploads\/2025\/01\/Frame-122-1536x413.png 1536w, https:\/\/menuez.tech\/wp-content\/uploads\/2025\/01\/Frame-122-2048x551.png 2048w\" sizes=\"(max-width: 3024px) 100vw, 3024px\" \/>\t\t\t\t\t\t\t\t\t\t\t\t\t\t\t<\/div>\n\t\t\t\t<\/div>\n\t\t\t\t<\/div>\n\t\t<div class=\"elementor-element elementor-element-20d67fd e-flex e-con-boxed e-con e-parent\" data-id=\"20d67fd\" data-element_type=\"container\" data-e-type=\"container\">\n\t\t\t\t\t<div class=\"e-con-inner\">\n\t\t<div class=\"elementor-element elementor-element-da61d5e e-flex e-con-boxed e-con e-child\" data-id=\"da61d5e\" data-element_type=\"container\" data-e-type=\"container\" data-settings=\"{&quot;background_background&quot;:&quot;classic&quot;}\">\n\t\t\t\t\t<div class=\"e-con-inner\">\n\t\t<div class=\"elementor-element elementor-element-5c9c470 e-con-full e-flex e-con e-child\" data-id=\"5c9c470\" data-element_type=\"container\" data-e-type=\"container\">\n\t\t\t\t<div class=\"elementor-element elementor-element-a42ff4b elementor-widget elementor-widget-heading\" data-id=\"a42ff4b\" data-element_type=\"widget\" data-e-type=\"widget\" data-widget_type=\"heading.default\">\n\t\t\t\t<div class=\"elementor-widget-container\">\n\t\t\t\t\t<h3 class=\"elementor-heading-title elementor-size-default\">Cr\u00e9er+<\/h3>\t\t\t\t<\/div>\n\t\t\t\t<\/div>\n\t\t\t\t<div class=\"elementor-element elementor-element-c5373d9 elementor-widget elementor-widget-heading\" data-id=\"c5373d9\" data-element_type=\"widget\" data-e-type=\"widget\" data-widget_type=\"heading.default\">\n\t\t\t\t<div class=\"elementor-widget-container\">\n\t\t\t\t\t<h2 class=\"elementor-heading-title elementor-size-default\">Contribution du sponsor de contr\u00f4le<\/h2>\t\t\t\t<\/div>\n\t\t\t\t<\/div>\n\t\t\t\t<\/div>\n\t\t<div class=\"elementor-element elementor-element-effb91e e-con-full e-flex e-con e-child\" data-id=\"effb91e\" data-element_type=\"container\" data-e-type=\"container\">\n\t\t\t\t<div class=\"elementor-element elementor-element-5d51ca6 elementor-widget elementor-widget-text-editor\" data-id=\"5d51ca6\" data-element_type=\"widget\" data-e-type=\"widget\" data-widget_type=\"text-editor.default\">\n\t\t\t\t<div class=\"elementor-widget-container\">\n\t\t\t\t\t\t\t\t\t<div><span lang=\"EN-US\">Nous veillons \u00e0 ce que vos menus et votre mat\u00e9riel de PLV r\u00e9pondent aux exigences des remboursements de la marque. Apr\u00e8s avoir v\u00e9rifi\u00e9 la qualit\u00e9 et la conformit\u00e9 de l&rsquo;ensemble, nous nous chargeons du processus de paiement, sans que vous ayez \u00e0 vous en pr\u00e9occuper. Il s&rsquo;agit de s&rsquo;assurer que tout se passe bien et de vous donner l&rsquo;assurance que tout est conforme aux normes.  <\/span><\/div>\t\t\t\t\t\t\t\t<\/div>\n\t\t\t\t<\/div>\n\t\t\t\t<\/div>\n\t\t\t\t\t<\/div>\n\t\t\t\t<\/div>\n\t\t\t\t\t<\/div>\n\t\t\t\t<\/div>\n\t\t<div class=\"elementor-element elementor-element-b3ce0aa e-flex e-con-boxed e-con e-parent\" data-id=\"b3ce0aa\" data-element_type=\"container\" data-e-type=\"container\" data-settings=\"{&quot;background_background&quot;:&quot;classic&quot;}\">\n\t\t\t\t\t<div class=\"e-con-inner\">\n\t\t<div class=\"elementor-element elementor-element-e42f54a e-con-full e-flex e-con e-child\" data-id=\"e42f54a\" data-element_type=\"container\" data-e-type=\"container\" data-settings=\"{&quot;background_background&quot;:&quot;classic&quot;}\">\n\t\t<div class=\"elementor-element elementor-element-6aabbc7 e-con-full e-flex e-con e-child\" data-id=\"6aabbc7\" data-element_type=\"container\" data-e-type=\"container\">\n\t\t\t\t<div class=\"elementor-element elementor-element-6d69fdc elementor-widget elementor-widget-heading\" data-id=\"6d69fdc\" data-element_type=\"widget\" data-e-type=\"widget\" data-widget_type=\"heading.default\">\n\t\t\t\t<div class=\"elementor-widget-container\">\n\t\t\t\t\t<h2 class=\"elementor-heading-title elementor-size-default\">Pr\u00eat \u00e0 simplifier votre marketing local ?<\/h2>\t\t\t\t<\/div>\n\t\t\t\t<\/div>\n\t\t\t\t<div class=\"elementor-element elementor-element-e1f877c elementor-widget elementor-widget-text-editor\" data-id=\"e1f877c\" data-element_type=\"widget\" data-e-type=\"widget\" data-widget_type=\"text-editor.default\">\n\t\t\t\t<div class=\"elementor-widget-container\">\n\t\t\t\t\t\t\t\t\t<p>Le marketing local doit \u00eatre simple, efficace et percutant. Gr\u00e2ce \u00e0 nos solutions sur mesure, nous vous donnons, \u00e0 vous et \u00e0 vos partenaires locaux, les outils n\u00e9cessaires pour r\u00e9ussir. Ensemble, faisons passer votre strat\u00e9gie de marketing local \u00e0 la vitesse sup\u00e9rieure.  <\/p>\t\t\t\t\t\t\t\t<\/div>\n\t\t\t\t<\/div>\n\t\t<div class=\"elementor-element elementor-element-4c137b8 e-con-full e-flex e-con e-child\" data-id=\"4c137b8\" data-element_type=\"container\" data-e-type=\"container\">\n\t\t\t\t<div class=\"elementor-element elementor-element-03bf5d5 elementor-widget elementor-widget-button\" data-id=\"03bf5d5\" data-element_type=\"widget\" data-e-type=\"widget\" data-widget_type=\"button.default\">\n\t\t\t\t<div class=\"elementor-widget-container\">\n\t\t\t\t\t\t\t\t\t<div class=\"elementor-button-wrapper\">\n\t\t\t\t\t<a class=\"elementor-button elementor-size-sm\" role=\"button\">\n\t\t\t\t\t\t<span class=\"elementor-button-content-wrapper\">\n\t\t\t\t\t\t<span class=\"elementor-button-icon\">\n\t\t\t\t<svg xmlns=\"http:\/\/www.w3.org\/2000\/svg\" width=\"12\" height=\"10\" viewBox=\"0 0 12 10\" fill=\"none\"><rect width=\"12\" height=\"2\" rx=\"1\" fill=\"#063B4B\"><\/rect><rect y=\"8\" width=\"12\" height=\"2\" rx=\"1\" fill=\"#063B4B\"><\/rect><rect y=\"4\" width=\"12\" height=\"2\" rx=\"1\" fill=\"#063B4B\"><\/rect><\/svg>\t\t\t<\/span>\n\t\t\t\t\t\t\t\t\t<span class=\"elementor-button-text\">demandez une d\u00e9monstration<\/span>\n\t\t\t\t\t<\/span>\n\t\t\t\t\t<\/a>\n\t\t\t\t<\/div>\n\t\t\t\t\t\t\t\t<\/div>\n\t\t\t\t<\/div>\n\t\t\t\t<div class=\"elementor-element elementor-element-7120587 elementor-widget elementor-widget-button\" data-id=\"7120587\" data-element_type=\"widget\" data-e-type=\"widget\" data-widget_type=\"button.default\">\n\t\t\t\t<div class=\"elementor-widget-container\">\n\t\t\t\t\t\t\t\t\t<div class=\"elementor-button-wrapper\">\n\t\t\t\t\t<a class=\"elementor-button elementor-button-link elementor-size-sm\" href=\"https:\/\/menuez.tech\/nl\/contact\/\">\n\t\t\t\t\t\t<span class=\"elementor-button-content-wrapper\">\n\t\t\t\t\t\t<span class=\"elementor-button-icon\">\n\t\t\t\t<svg xmlns=\"http:\/\/www.w3.org\/2000\/svg\" width=\"12\" height=\"10\" viewBox=\"0 0 12 10\" fill=\"none\"><rect width=\"12\" height=\"2\" rx=\"1\" fill=\"#063B4B\"><\/rect><rect y=\"8\" width=\"12\" height=\"2\" rx=\"1\" fill=\"#063B4B\"><\/rect><rect y=\"4\" width=\"12\" height=\"2\" rx=\"1\" fill=\"#063B4B\"><\/rect><\/svg>\t\t\t<\/span>\n\t\t\t\t\t\t\t\t\t<span class=\"elementor-button-text\">prenez contact avec nous<\/span>\n\t\t\t\t\t<\/span>\n\t\t\t\t\t<\/a>\n\t\t\t\t<\/div>\n\t\t\t\t\t\t\t\t<\/div>\n\t\t\t\t<\/div>\n\t\t\t\t<\/div>\n\t\t\t\t<\/div>\n\t\t<div class=\"elementor-element elementor-element-c03ab56 e-con-full e-flex e-con e-child\" data-id=\"c03ab56\" data-element_type=\"container\" data-e-type=\"container\" data-settings=\"{&quot;background_background&quot;:&quot;classic&quot;}\">\n\t\t\t\t<\/div>\n\t\t\t\t<\/div>\n\t\t\t\t\t<\/div>\n\t\t\t\t<\/div>\n\t\t<div class=\"elementor-element elementor-element-3b0d6be e-con-full e-flex e-con e-parent\" data-id=\"3b0d6be\" data-element_type=\"container\" data-e-type=\"container\" data-settings=\"{&quot;background_background&quot;:&quot;classic&quot;}\">\n\t\t\t\t<div class=\"elementor-element elementor-element-9177377 elementor-widget__width-inherit elementor-widget elementor-widget-image\" data-id=\"9177377\" data-element_type=\"widget\" data-e-type=\"widget\" data-widget_type=\"image.default\">\n\t\t\t\t<div class=\"elementor-widget-container\">\n\t\t\t\t\t\t\t\t\t\t\t\t\t\t\t<img loading=\"lazy\" decoding=\"async\" width=\"3024\" height=\"84\" src=\"https:\/\/menuez.tech\/wp-content\/uploads\/2025\/01\/footer-shape.png\" class=\"attachment-full size-full wp-image-4431\" alt=\"\" srcset=\"https:\/\/menuez.tech\/wp-content\/uploads\/2025\/01\/footer-shape.png 3024w, https:\/\/menuez.tech\/wp-content\/uploads\/2025\/01\/footer-shape-300x8.png 300w, https:\/\/menuez.tech\/wp-content\/uploads\/2025\/01\/footer-shape-1024x28.png 1024w, https:\/\/menuez.tech\/wp-content\/uploads\/2025\/01\/footer-shape-768x21.png 768w, https:\/\/menuez.tech\/wp-content\/uploads\/2025\/01\/footer-shape-1536x43.png 1536w, https:\/\/menuez.tech\/wp-content\/uploads\/2025\/01\/footer-shape-2048x57.png 2048w\" sizes=\"(max-width: 3024px) 100vw, 3024px\" \/>\t\t\t\t\t\t\t\t\t\t\t\t\t\t\t<\/div>\n\t\t\t\t<\/div>\n\t\t\t\t<\/div>\n\t\t\t\t<\/div>\n\t\t","protected":false},"excerpt":{"rendered":"<p>Menuez propose une solution transparente pour cr\u00e9er, organiser et distribuer tous les supports de votre marque, qu&rsquo;il s&rsquo;agisse de menus, de mat\u00e9riel de point de vente ou d&rsquo;annonces hyperlocales. Nous facilitons la personnalisation du contenu pour chaque site et le d\u00e9ploiement de campagnes sur plusieurs sites et pays, en garantissant les bons formats et les [&hellip;]<\/p>\n","protected":false},"author":1,"featured_media":0,"parent":0,"menu_order":0,"comment_status":"closed","ping_status":"closed","template":"","meta":{"footnotes":""},"class_list":["post-4368","page","type-page","status-publish","hentry"],"_links":{"self":[{"href":"https:\/\/menuez.tech\/fr\/wp-json\/wp\/v2\/pages\/4368","targetHints":{"allow":["GET"]}}],"collection":[{"href":"https:\/\/menuez.tech\/fr\/wp-json\/wp\/v2\/pages"}],"about":[{"href":"https:\/\/menuez.tech\/fr\/wp-json\/wp\/v2\/types\/page"}],"author":[{"embeddable":true,"href":"https:\/\/menuez.tech\/fr\/wp-json\/wp\/v2\/users\/1"}],"replies":[{"embeddable":true,"href":"https:\/\/menuez.tech\/fr\/wp-json\/wp\/v2\/comments?post=4368"}],"version-history":[{"count":4,"href":"https:\/\/menuez.tech\/fr\/wp-json\/wp\/v2\/pages\/4368\/revisions"}],"predecessor-version":[{"id":4608,"href":"https:\/\/menuez.tech\/fr\/wp-json\/wp\/v2\/pages\/4368\/revisions\/4608"}],"wp:attachment":[{"href":"https:\/\/menuez.tech\/fr\/wp-json\/wp\/v2\/media?parent=4368"}],"curies":[{"name":"wp","href":"https:\/\/api.w.org\/{rel}","templated":true}]}}