{"id":4360,"date":"2025-01-20T06:39:40","date_gmt":"2025-01-20T06:39:40","guid":{"rendered":"https:\/\/menuez.tech\/notre-histoire\/"},"modified":"2025-12-23T18:19:35","modified_gmt":"2025-12-23T18:19:35","slug":"notre-histoire","status":"publish","type":"page","link":"https:\/\/menuez.tech\/fr\/notre-histoire\/","title":{"rendered":"Notre histoire"},"content":{"rendered":"\t\t<div data-elementor-type=\"wp-page\" data-elementor-id=\"4360\" class=\"elementor elementor-4360 elementor-1009\" data-elementor-post-type=\"page\">\n\t\t\t\t<div class=\"elementor-element elementor-element-89c2bc9 e-flex e-con-boxed e-con e-parent\" data-id=\"89c2bc9\" data-element_type=\"container\" data-e-type=\"container\" data-settings=\"{&quot;background_background&quot;:&quot;classic&quot;}\">\n\t\t\t\t\t<div class=\"e-con-inner\">\n\t\t\t\t<div class=\"elementor-element elementor-element-691303a elementor-widget elementor-widget-heading\" data-id=\"691303a\" data-element_type=\"widget\" data-e-type=\"widget\" data-widget_type=\"heading.default\">\n\t\t\t\t<div class=\"elementor-widget-container\">\n\t\t\t\t\t<h1 class=\"elementor-heading-title elementor-size-default\">Notre histoire<\/h1>\t\t\t\t<\/div>\n\t\t\t\t<\/div>\n\t\t\t\t<div class=\"elementor-element elementor-element-9bc2b6f elementor-widget__width-initial elementor-widget elementor-widget-text-editor\" data-id=\"9bc2b6f\" data-element_type=\"widget\" data-e-type=\"widget\" data-widget_type=\"text-editor.default\">\n\t\t\t\t<div class=\"elementor-widget-container\">\n\t\t\t\t\t\t\t\t\t<p>Tout a commenc\u00e9 en 2010, lorsque Red Bull a demand\u00e9 \u00e0 Gijs Verbaten de donner vie \u00e0 la marque dans le secteur de l&rsquo;h\u00f4tellerie. L&rsquo;id\u00e9e ? Faire conna\u00eetre Red Bull en mettant \u00e0 disposition des supports marketing personnalis\u00e9s pour chaque \u00e9tablissement. Ce qui a commenc\u00e9 comme une solution pour rationaliser le marketing local a rapidement \u00e9volu\u00e9 vers quelque chose de plus grand.   <\/p>\t\t\t\t\t\t\t\t<\/div>\n\t\t\t\t<\/div>\n\t\t\t\t\t<\/div>\n\t\t\t\t<\/div>\n\t\t<div class=\"elementor-element elementor-element-b0d3703 e-flex e-con-boxed e-con e-parent\" data-id=\"b0d3703\" data-element_type=\"container\" data-e-type=\"container\" data-settings=\"{&quot;background_background&quot;:&quot;classic&quot;}\">\n\t\t\t\t\t<div class=\"e-con-inner\">\n\t\t\t\t<div class=\"elementor-element elementor-element-1658389 elementor-icon-list--layout-inline elementor-list-item-link-full_width elementor-widget elementor-widget-icon-list\" data-id=\"1658389\" data-element_type=\"widget\" data-e-type=\"widget\" data-widget_type=\"icon-list.default\">\n\t\t\t\t<div class=\"elementor-widget-container\">\n\t\t\t\t\t\t\t<ul class=\"elementor-icon-list-items elementor-inline-items\">\n\t\t\t\t\t\t\t<li class=\"elementor-icon-list-item elementor-inline-item\">\n\t\t\t\t\t\t\t\t\t\t\t<a href=\"https:\/\/menuez.tech\/fr\/\">\n\n\t\t\t\t\t\t\t\t\t\t\t\t<span class=\"elementor-icon-list-icon\">\n\t\t\t\t\t\t\t<svg xmlns=\"http:\/\/www.w3.org\/2000\/svg\" width=\"20\" height=\"17\" viewBox=\"0 0 20 17\" fill=\"none\"><path d=\"M9.5 1.1875C9.78125 0.96875 10.1875 0.96875 10.4688 1.1875L15.5 5.4375V2.75C15.5 2.34375 15.8125 2 16.25 2C16.6562 2 17 2.34375 17 2.75V6.71875L18.7188 8.1875C19.0312 8.46875 19.0625 8.9375 18.8125 9.25C18.5312 9.5625 18.0625 9.59375 17.75 9.34375L17 8.6875V14.5C17 15.9062 15.875 17 14.5 17H5.5C4.09375 17 3 15.9062 3 14.5V8.6875L2.21875 9.34375C1.90625 9.59375 1.4375 9.5625 1.15625 9.25C0.90625 8.9375 0.9375 8.46875 1.25 8.1875L9.5 1.1875ZM4.5 7.40625V14.5C4.5 15.0625 4.9375 15.5 5.5 15.5H7V10.75C7 10.0625 7.53125 9.5 8.25 9.5H11.75C12.4375 9.5 13 10.0625 13 10.75V15.5H14.5C15.0312 15.5 15.5 15.0625 15.5 14.5V7.40625L10 2.75L4.5 7.40625ZM11.5 11H8.5V15.5H11.5V11Z\" fill=\"#A9CCE0\"><\/path><\/svg>\t\t\t\t\t\t<\/span>\n\t\t\t\t\t\t\t\t\t\t<span class=\"elementor-icon-list-text\"><\/span>\n\t\t\t\t\t\t\t\t\t\t\t<\/a>\n\t\t\t\t\t\t\t\t\t<\/li>\n\t\t\t\t\t\t\t\t<li class=\"elementor-icon-list-item elementor-inline-item\">\n\t\t\t\t\t\t\t\t\t\t\t<span class=\"elementor-icon-list-icon\">\n\t\t\t\t\t\t\t<svg xmlns=\"http:\/\/www.w3.org\/2000\/svg\" width=\"8\" height=\"16\" viewBox=\"0 0 8 16\" fill=\"none\"><path d=\"M0.65625 14.875C0.53125 14.7812 0.46875 14.6562 0.46875 14.5312C0.46875 14.4062 0.53125 14.2812 0.625 14.1875L6.28125 8.03125L0.625 1.84375C0.4375 1.65625 0.4375 1.34375 0.65625 1.15625C0.84375 0.96875 1.15625 0.96875 1.34375 1.1875L7.34375 7.6875C7.53125 7.875 7.53125 8.15625 7.34375 8.34375L1.34375 14.8438C1.15625 15.0625 0.84375 15.0625 0.65625 14.875Z\" fill=\"#A9CCE0\"><\/path><\/svg>\t\t\t\t\t\t<\/span>\n\t\t\t\t\t\t\t\t\t\t<span class=\"elementor-icon-list-text\"><\/span>\n\t\t\t\t\t\t\t\t\t<\/li>\n\t\t\t\t\t\t\t\t<li class=\"elementor-icon-list-item elementor-inline-item\">\n\t\t\t\t\t\t\t\t\t\t<span class=\"elementor-icon-list-text\">Notre histoire<\/span>\n\t\t\t\t\t\t\t\t\t<\/li>\n\t\t\t\t\t\t<\/ul>\n\t\t\t\t\t\t<\/div>\n\t\t\t\t<\/div>\n\t\t<div class=\"elementor-element elementor-element-9694aa6 e-con-full e-flex e-con e-child\" data-id=\"9694aa6\" data-element_type=\"container\" data-e-type=\"container\">\n\t\t<div class=\"elementor-element elementor-element-68d1b3d e-con-full e-flex e-con e-child\" data-id=\"68d1b3d\" data-element_type=\"container\" data-e-type=\"container\">\n\t\t\t\t<div class=\"elementor-element elementor-element-e1afa23 elementor-widget elementor-widget-image\" data-id=\"e1afa23\" data-element_type=\"widget\" data-e-type=\"widget\" data-widget_type=\"image.default\">\n\t\t\t\t<div class=\"elementor-widget-container\">\n\t\t\t\t\t\t\t\t\t\t\t\t\t\t\t<img fetchpriority=\"high\" decoding=\"async\" width=\"970\" height=\"660\" src=\"https:\/\/menuez.tech\/wp-content\/uploads\/2025\/01\/people-working-in-the-office-2023-11-27-04-59-20-utc-34-1.png\" class=\"attachment-full size-full wp-image-4376\" alt=\"\" srcset=\"https:\/\/menuez.tech\/wp-content\/uploads\/2025\/01\/people-working-in-the-office-2023-11-27-04-59-20-utc-34-1.png 970w, https:\/\/menuez.tech\/wp-content\/uploads\/2025\/01\/people-working-in-the-office-2023-11-27-04-59-20-utc-34-1-300x204.png 300w, https:\/\/menuez.tech\/wp-content\/uploads\/2025\/01\/people-working-in-the-office-2023-11-27-04-59-20-utc-34-1-768x523.png 768w\" sizes=\"(max-width: 970px) 100vw, 970px\" \/>\t\t\t\t\t\t\t\t\t\t\t\t\t\t\t<\/div>\n\t\t\t\t<\/div>\n\t\t\t\t<\/div>\n\t\t<div class=\"elementor-element elementor-element-e4149ed e-con-full e-flex e-con e-child\" data-id=\"e4149ed\" data-element_type=\"container\" data-e-type=\"container\">\n\t\t\t\t<div class=\"elementor-element elementor-element-3e004f0 elementor-widget elementor-widget-text-editor\" data-id=\"3e004f0\" data-element_type=\"widget\" data-e-type=\"widget\" data-widget_type=\"text-editor.default\">\n\t\t\t\t<div class=\"elementor-widget-container\">\n\t\t\t\t\t\t\t\t\t<p>Gijs a cr\u00e9\u00e9 une application web-to-print qui permet aux marques de cr\u00e9er, g\u00e9rer et distribuer plus facilement des supports marketing sans compromettre la coh\u00e9rence de la marque. En 2021, la plateforme est devenue une solution compl\u00e8te de gestion de la marque. Aujourd&rsquo;hui, plus de 50 marques internationales font confiance \u00e0 Menuez pour rationaliser la cr\u00e9ation et la distribution de leurs supports marketing, tant num\u00e9riques que physiques, simplifiant ainsi le marketing local et le rendant plus efficace.  <\/p>\t\t\t\t\t\t\t\t<\/div>\n\t\t\t\t<\/div>\n\t\t\t\t<\/div>\n\t\t\t\t<\/div>\n\t\t\t\t\t<\/div>\n\t\t\t\t<\/div>\n\t\t<div class=\"elementor-element elementor-element-2d1a6ce e-flex e-con-boxed e-con e-parent\" data-id=\"2d1a6ce\" data-element_type=\"container\" data-e-type=\"container\">\n\t\t\t\t\t<div class=\"e-con-inner\">\n\t\t<div class=\"elementor-element elementor-element-d22ffbc e-con-full e-flex e-con e-child\" data-id=\"d22ffbc\" data-element_type=\"container\" data-e-type=\"container\">\n\t\t\t\t<div class=\"elementor-element elementor-element-c51c40c elementor-widget__width-initial elementor-widget elementor-widget-heading\" data-id=\"c51c40c\" data-element_type=\"widget\" data-e-type=\"widget\" data-widget_type=\"heading.default\">\n\t\t\t\t<div class=\"elementor-widget-container\">\n\t\t\t\t\t<h2 class=\"elementor-heading-title elementor-size-default\">Notre vision et notre mission<\/h2>\t\t\t\t<\/div>\n\t\t\t\t<\/div>\n\t\t\t\t<div class=\"elementor-element elementor-element-5265468 elementor-widget elementor-widget-text-editor\" data-id=\"5265468\" data-element_type=\"widget\" data-e-type=\"widget\" data-widget_type=\"text-editor.default\">\n\t\t\t\t<div class=\"elementor-widget-container\">\n\t\t\t\t\t\t\t\t\t<p>Notre mission est claire : rendre la gestion de la marque sans effort. En simplifiant les processus marketing complexes et en r\u00e9duisant le gaspillage, nous vous aidons \u00e0 garder le contr\u00f4le total tout en garantissant que vos efforts marketing sont durables et efficaces. Nous proposons une solution compl\u00e8te qui va de la cr\u00e9ation et de la personnalisation des supports marketing \u00e0 la garantie d&rsquo;une livraison dans les d\u00e9lais, tout en veillant \u00e0 la coh\u00e9rence de votre marque sur tous les sites.  <\/p><p>Avec Menuez, le processus est simple et efficace, ce qui vous laisse plus de temps pour vous concentrer sur ce qui compte : le d\u00e9veloppement de votre marque.<\/p>\t\t\t\t\t\t\t\t<\/div>\n\t\t\t\t<\/div>\n\t\t\t\t<\/div>\n\t\t<div class=\"elementor-element elementor-element-689b35f e-con-full e-flex e-con e-child\" data-id=\"689b35f\" data-element_type=\"container\" data-e-type=\"container\">\n\t\t\t\t<div class=\"elementor-element elementor-element-7953c28 elementor-widget elementor-widget-image\" data-id=\"7953c28\" data-element_type=\"widget\" data-e-type=\"widget\" data-widget_type=\"image.default\">\n\t\t\t\t<div class=\"elementor-widget-container\">\n\t\t\t\t\t\t\t\t\t\t\t\t\t\t\t<img decoding=\"async\" width=\"970\" height=\"660\" src=\"https:\/\/menuez.tech\/wp-content\/uploads\/2025\/01\/image6-1.png\" class=\"attachment-full size-full wp-image-4378\" alt=\"\" srcset=\"https:\/\/menuez.tech\/wp-content\/uploads\/2025\/01\/image6-1.png 970w, https:\/\/menuez.tech\/wp-content\/uploads\/2025\/01\/image6-1-300x204.png 300w, https:\/\/menuez.tech\/wp-content\/uploads\/2025\/01\/image6-1-768x523.png 768w\" sizes=\"(max-width: 970px) 100vw, 970px\" \/>\t\t\t\t\t\t\t\t\t\t\t\t\t\t\t<\/div>\n\t\t\t\t<\/div>\n\t\t\t\t<\/div>\n\t\t\t\t\t<\/div>\n\t\t\t\t<\/div>\n\t\t<div class=\"elementor-element elementor-element-4d813e4 e-flex e-con-boxed e-con e-parent\" data-id=\"4d813e4\" data-element_type=\"container\" data-e-type=\"container\" data-settings=\"{&quot;background_background&quot;:&quot;classic&quot;}\">\n\t\t\t\t\t<div class=\"e-con-inner\">\n\t\t<div class=\"elementor-element elementor-element-2f20d28 e-con-full e-flex e-con e-child\" data-id=\"2f20d28\" data-element_type=\"container\" data-e-type=\"container\">\n\t\t\t\t<div class=\"elementor-element elementor-element-846b35c elementor-widget-mobile__width-inherit elementor-widget elementor-widget-image\" data-id=\"846b35c\" data-element_type=\"widget\" data-e-type=\"widget\" data-widget_type=\"image.default\">\n\t\t\t\t<div class=\"elementor-widget-container\">\n\t\t\t\t\t\t\t\t\t\t\t\t\t\t\t<img decoding=\"async\" width=\"1400\" height=\"1068\" src=\"https:\/\/menuez.tech\/wp-content\/uploads\/2025\/01\/9eb7e25dd051cc610996ec8500b9ec023234-1.png\" class=\"attachment-full size-full wp-image-4383\" alt=\"\" srcset=\"https:\/\/menuez.tech\/wp-content\/uploads\/2025\/01\/9eb7e25dd051cc610996ec8500b9ec023234-1.png 1400w, https:\/\/menuez.tech\/wp-content\/uploads\/2025\/01\/9eb7e25dd051cc610996ec8500b9ec023234-1-300x229.png 300w, https:\/\/menuez.tech\/wp-content\/uploads\/2025\/01\/9eb7e25dd051cc610996ec8500b9ec023234-1-1024x781.png 1024w, https:\/\/menuez.tech\/wp-content\/uploads\/2025\/01\/9eb7e25dd051cc610996ec8500b9ec023234-1-768x586.png 768w\" sizes=\"(max-width: 1400px) 100vw, 1400px\" \/>\t\t\t\t\t\t\t\t\t\t\t\t\t\t\t<\/div>\n\t\t\t\t<\/div>\n\t\t\t\t<\/div>\n\t\t<div class=\"elementor-element elementor-element-82bbf85 e-con-full e-flex e-con e-child\" data-id=\"82bbf85\" data-element_type=\"container\" data-e-type=\"container\">\n\t\t\t\t<div class=\"elementor-element elementor-element-e9bbcc6 elementor-widget elementor-widget-heading\" data-id=\"e9bbcc6\" data-element_type=\"widget\" data-e-type=\"widget\" data-widget_type=\"heading.default\">\n\t\t\t\t<div class=\"elementor-widget-container\">\n\t\t\t\t\t<h2 class=\"elementor-heading-title elementor-size-default\">Si simple, la complexit\u00e9 peut \u00eatre<\/h2>\t\t\t\t<\/div>\n\t\t\t\t<\/div>\n\t\t\t\t<div class=\"elementor-element elementor-element-dcc152f elementor-widget elementor-widget-text-editor\" data-id=\"dcc152f\" data-element_type=\"widget\" data-e-type=\"widget\" data-widget_type=\"text-editor.default\">\n\t\t\t\t<div class=\"elementor-widget-container\">\n\t\t\t\t\t\t\t\t\t<div><span lang=\"EN-US\">\u00cates-vous pr\u00eat \u00e0 rationaliser la gestion de votre marque et \u00e0 obtenir un impact r\u00e9el gr\u00e2ce au marketing local ? Laissez-nous vous aider \u00e0 simplifier le processus et \u00e0 \u00e9lever votre marque au niveau sup\u00e9rieur. <\/span><\/div>\t\t\t\t\t\t\t\t<\/div>\n\t\t\t\t<\/div>\n\t\t\t\t<\/div>\n\t\t\t\t\t<\/div>\n\t\t\t\t<\/div>\n\t\t<div class=\"elementor-element elementor-element-2b915ab e-flex e-con-boxed e-con e-parent\" data-id=\"2b915ab\" data-element_type=\"container\" data-e-type=\"container\" data-settings=\"{&quot;background_background&quot;:&quot;classic&quot;}\">\n\t\t\t\t\t<div class=\"e-con-inner\">\n\t\t<div class=\"elementor-element elementor-element-56be8ee e-con-full e-flex e-con e-child\" data-id=\"56be8ee\" data-element_type=\"container\" data-e-type=\"container\" data-settings=\"{&quot;background_background&quot;:&quot;classic&quot;}\">\n\t\t\t\t<div class=\"elementor-element elementor-element-450718f elementor-widget elementor-widget-heading\" data-id=\"450718f\" data-element_type=\"widget\" data-e-type=\"widget\" data-widget_type=\"heading.default\">\n\t\t\t\t<div class=\"elementor-widget-container\">\n\t\t\t\t\t<h2 class=\"elementor-heading-title elementor-size-default\">Travailler \u00e0 Menuez<\/h2>\t\t\t\t<\/div>\n\t\t\t\t<\/div>\n\t\t\t\t<div class=\"elementor-element elementor-element-c04e9a5 elementor-widget__width-initial elementor-pagination-type-bullets elementor-arrows-position-inside elementor-pagination-position-outside elementor-widget elementor-widget-n-carousel\" data-id=\"c04e9a5\" data-element_type=\"widget\" data-e-type=\"widget\" data-settings=\"{&quot;carousel_items&quot;:[{&quot;slide_title&quot;:&quot;Slide #1&quot;,&quot;_id&quot;:&quot;b883958&quot;}],&quot;slides_to_show&quot;:&quot;1&quot;,&quot;slides_to_show_tablet&quot;:&quot;1&quot;,&quot;slides_to_show_mobile&quot;:&quot;1&quot;,&quot;autoplay&quot;:&quot;yes&quot;,&quot;autoplay_speed&quot;:5000,&quot;pause_on_hover&quot;:&quot;yes&quot;,&quot;pause_on_interaction&quot;:&quot;yes&quot;,&quot;infinite&quot;:&quot;yes&quot;,&quot;speed&quot;:500,&quot;offset_sides&quot;:&quot;none&quot;,&quot;arrows&quot;:&quot;yes&quot;,&quot;pagination&quot;:&quot;bullets&quot;,&quot;image_spacing_custom&quot;:{&quot;unit&quot;:&quot;px&quot;,&quot;size&quot;:10,&quot;sizes&quot;:[]},&quot;image_spacing_custom_tablet&quot;:{&quot;unit&quot;:&quot;px&quot;,&quot;size&quot;:&quot;&quot;,&quot;sizes&quot;:[]},&quot;image_spacing_custom_mobile&quot;:{&quot;unit&quot;:&quot;px&quot;,&quot;size&quot;:&quot;&quot;,&quot;sizes&quot;:[]}}\" data-widget_type=\"nested-carousel.default\">\n\t\t\t\t<div class=\"elementor-widget-container\">\n\t\t\t\t\t\t\t<div class=\"e-n-carousel swiper\" role=\"region\" aria-roledescription=\"carousel\" aria-label=\"Carousel\" dir=\"ltr\">\n\t\t\t<div class=\"swiper-wrapper\" aria-live=\"off\">\n\t\t\t\t\t\t\t\t\t\t<div class=\"swiper-slide\" data-slide=\"1\" role=\"group\" aria-roledescription=\"slide\" aria-label=\"1 sur 1\">\n\t\t\t\t\t\t\t<div class=\"elementor-element elementor-element-eeb07fb e-con-full e-flex e-con e-child\" data-id=\"eeb07fb\" data-element_type=\"container\" data-e-type=\"container\">\n\t\t<div class=\"elementor-element elementor-element-eaeee91 e-con-full e-flex e-con e-child\" data-id=\"eaeee91\" data-element_type=\"container\" data-e-type=\"container\">\n\t\t<div class=\"elementor-element elementor-element-204e724 e-con-full e-flex e-con e-child\" data-id=\"204e724\" data-element_type=\"container\" data-e-type=\"container\">\n\t\t\t\t<div class=\"elementor-element elementor-element-bac4cce elementor-icon-list--layout-traditional elementor-list-item-link-full_width elementor-widget elementor-widget-icon-list\" data-id=\"bac4cce\" data-element_type=\"widget\" data-e-type=\"widget\" data-widget_type=\"icon-list.default\">\n\t\t\t\t<div class=\"elementor-widget-container\">\n\t\t\t\t\t\t\t<ul class=\"elementor-icon-list-items\">\n\t\t\t\t\t\t\t<li class=\"elementor-icon-list-item\">\n\t\t\t\t\t\t\t\t\t\t\t<span class=\"elementor-icon-list-icon\">\n\t\t\t\t\t\t\t<svg aria-hidden=\"true\" class=\"e-font-icon-svg e-fas-rocket\" viewBox=\"0 0 512 512\" xmlns=\"http:\/\/www.w3.org\/2000\/svg\"><path d=\"M505.12019,19.09375c-1.18945-5.53125-6.65819-11-12.207-12.1875C460.716,0,435.507,0,410.40747,0,307.17523,0,245.26909,55.20312,199.05238,128H94.83772c-16.34763.01562-35.55658,11.875-42.88664,26.48438L2.51562,253.29688A28.4,28.4,0,0,0,0,264a24.00867,24.00867,0,0,0,24.00582,24H127.81618l-22.47457,22.46875c-11.36521,11.36133-12.99607,32.25781,0,45.25L156.24582,406.625c11.15623,11.1875,32.15619,13.15625,45.27726,0l22.47457-22.46875V488a24.00867,24.00867,0,0,0,24.00581,24,28.55934,28.55934,0,0,0,10.707-2.51562l98.72834-49.39063c14.62888-7.29687,26.50776-26.5,26.50776-42.85937V312.79688c72.59753-46.3125,128.03493-108.40626,128.03493-211.09376C512.07526,76.5,512.07526,51.29688,505.12019,19.09375ZM384.04033,168A40,40,0,1,1,424.05,128,40.02322,40.02322,0,0,1,384.04033,168Z\"><\/path><\/svg>\t\t\t\t\t\t<\/span>\n\t\t\t\t\t\t\t\t\t\t<span class=\"elementor-icon-list-text\">Senior Projectmanager\/ accountmanager Marcom SaaS (32-40 uur, Utrecht)<\/span>\n\t\t\t\t\t\t\t\t\t<\/li>\n\t\t\t\t\t\t<\/ul>\n\t\t\t\t\t\t<\/div>\n\t\t\t\t<\/div>\n\t\t\t\t<div class=\"elementor-element elementor-element-ea41b11 elementor-widget elementor-widget-button\" data-id=\"ea41b11\" data-element_type=\"widget\" data-e-type=\"widget\" data-widget_type=\"button.default\">\n\t\t\t\t<div class=\"elementor-widget-container\">\n\t\t\t\t\t\t\t\t\t<div class=\"elementor-button-wrapper\">\n\t\t\t\t\t<a class=\"elementor-button elementor-button-link elementor-size-sm\" href=\"https:\/\/menuez.tech\/fr\/vacature\/\">\n\t\t\t\t\t\t<span class=\"elementor-button-content-wrapper\">\n\t\t\t\t\t\t\t\t\t<span class=\"elementor-button-text\">Voir le poste vacant<\/span>\n\t\t\t\t\t<\/span>\n\t\t\t\t\t<\/a>\n\t\t\t\t<\/div>\n\t\t\t\t\t\t\t\t<\/div>\n\t\t\t\t<\/div>\n\t\t\t\t<\/div>\n\t\t\t\t<\/div>\n\t\t\t\t<\/div>\n\t\t\t\t\t\t\t\t<\/div>\n\t\t\t\t\t\t\t\t<\/div>\n\t\t<\/div>\n\t\t\t\t\t\t<\/div>\n\t\t\t\t<\/div>\n\t\t\t\t<\/div>\n\t\t\t\t\t<\/div>\n\t\t\t\t<\/div>\n\t\t\t\t<\/div>\n\t\t","protected":false},"excerpt":{"rendered":"<p>Tout a commenc\u00e9 en 2010, lorsque Red Bull a demand\u00e9 \u00e0 Gijs Verbaten de donner vie \u00e0 la marque dans le secteur de l&rsquo;h\u00f4tellerie. L&rsquo;id\u00e9e ? Faire conna\u00eetre Red Bull en mettant \u00e0 disposition des supports marketing personnalis\u00e9s pour chaque \u00e9tablissement. Ce qui a commenc\u00e9 comme une solution pour rationaliser le marketing local a rapidement [&hellip;]<\/p>\n","protected":false},"author":1,"featured_media":0,"parent":0,"menu_order":0,"comment_status":"closed","ping_status":"closed","template":"","meta":{"footnotes":""},"class_list":["post-4360","page","type-page","status-publish","hentry"],"_links":{"self":[{"href":"https:\/\/menuez.tech\/fr\/wp-json\/wp\/v2\/pages\/4360","targetHints":{"allow":["GET"]}}],"collection":[{"href":"https:\/\/menuez.tech\/fr\/wp-json\/wp\/v2\/pages"}],"about":[{"href":"https:\/\/menuez.tech\/fr\/wp-json\/wp\/v2\/types\/page"}],"author":[{"embeddable":true,"href":"https:\/\/menuez.tech\/fr\/wp-json\/wp\/v2\/users\/1"}],"replies":[{"embeddable":true,"href":"https:\/\/menuez.tech\/fr\/wp-json\/wp\/v2\/comments?post=4360"}],"version-history":[{"count":6,"href":"https:\/\/menuez.tech\/fr\/wp-json\/wp\/v2\/pages\/4360\/revisions"}],"predecessor-version":[{"id":5356,"href":"https:\/\/menuez.tech\/fr\/wp-json\/wp\/v2\/pages\/4360\/revisions\/5356"}],"wp:attachment":[{"href":"https:\/\/menuez.tech\/fr\/wp-json\/wp\/v2\/media?parent=4360"}],"curies":[{"name":"wp","href":"https:\/\/api.w.org\/{rel}","templated":true}]}}