{"id":4188,"date":"2025-01-20T06:40:38","date_gmt":"2025-01-20T06:40:38","guid":{"rendered":"https:\/\/menuez.tech\/blog\/"},"modified":"2025-05-19T14:21:18","modified_gmt":"2025-05-19T14:21:18","slug":"blog","status":"publish","type":"page","link":"https:\/\/menuez.tech\/de\/blog\/","title":{"rendered":"Blog"},"content":{"rendered":"\t\t<div data-elementor-type=\"wp-page\" data-elementor-id=\"4188\" class=\"elementor elementor-4188 elementor-1013\" data-elementor-post-type=\"page\">\n\t\t\t\t<div class=\"elementor-element elementor-element-328b1e3 e-flex e-con-boxed e-con e-parent\" data-id=\"328b1e3\" data-element_type=\"container\" data-e-type=\"container\" data-settings=\"{&quot;background_background&quot;:&quot;classic&quot;}\">\n\t\t\t\t\t<div class=\"e-con-inner\">\n\t\t\t\t<div class=\"elementor-element elementor-element-e9ed94f elementor-icon-list--layout-inline elementor-list-item-link-full_width elementor-widget elementor-widget-icon-list\" data-id=\"e9ed94f\" data-element_type=\"widget\" data-e-type=\"widget\" data-widget_type=\"icon-list.default\">\n\t\t\t\t<div class=\"elementor-widget-container\">\n\t\t\t\t\t\t\t<ul class=\"elementor-icon-list-items elementor-inline-items\">\n\t\t\t\t\t\t\t<li class=\"elementor-icon-list-item elementor-inline-item\">\n\t\t\t\t\t\t\t\t\t\t\t<a href=\"https:\/\/menuez.tech\/de\/\">\n\n\t\t\t\t\t\t\t\t\t\t\t\t<span class=\"elementor-icon-list-icon\">\n\t\t\t\t\t\t\t<svg xmlns=\"http:\/\/www.w3.org\/2000\/svg\" width=\"20\" height=\"17\" viewBox=\"0 0 20 17\" fill=\"none\"><path d=\"M9.5 1.1875C9.78125 0.96875 10.1875 0.96875 10.4688 1.1875L15.5 5.4375V2.75C15.5 2.34375 15.8125 2 16.25 2C16.6562 2 17 2.34375 17 2.75V6.71875L18.7188 8.1875C19.0312 8.46875 19.0625 8.9375 18.8125 9.25C18.5312 9.5625 18.0625 9.59375 17.75 9.34375L17 8.6875V14.5C17 15.9062 15.875 17 14.5 17H5.5C4.09375 17 3 15.9062 3 14.5V8.6875L2.21875 9.34375C1.90625 9.59375 1.4375 9.5625 1.15625 9.25C0.90625 8.9375 0.9375 8.46875 1.25 8.1875L9.5 1.1875ZM4.5 7.40625V14.5C4.5 15.0625 4.9375 15.5 5.5 15.5H7V10.75C7 10.0625 7.53125 9.5 8.25 9.5H11.75C12.4375 9.5 13 10.0625 13 10.75V15.5H14.5C15.0312 15.5 15.5 15.0625 15.5 14.5V7.40625L10 2.75L4.5 7.40625ZM11.5 11H8.5V15.5H11.5V11Z\" fill=\"#A9CCE0\"><\/path><\/svg>\t\t\t\t\t\t<\/span>\n\t\t\t\t\t\t\t\t\t\t<span class=\"elementor-icon-list-text\"><\/span>\n\t\t\t\t\t\t\t\t\t\t\t<\/a>\n\t\t\t\t\t\t\t\t\t<\/li>\n\t\t\t\t\t\t\t\t<li class=\"elementor-icon-list-item elementor-inline-item\">\n\t\t\t\t\t\t\t\t\t\t\t<span class=\"elementor-icon-list-icon\">\n\t\t\t\t\t\t\t<svg xmlns=\"http:\/\/www.w3.org\/2000\/svg\" width=\"8\" height=\"16\" viewBox=\"0 0 8 16\" fill=\"none\"><path d=\"M0.65625 14.875C0.53125 14.7812 0.46875 14.6562 0.46875 14.5312C0.46875 14.4062 0.53125 14.2812 0.625 14.1875L6.28125 8.03125L0.625 1.84375C0.4375 1.65625 0.4375 1.34375 0.65625 1.15625C0.84375 0.96875 1.15625 0.96875 1.34375 1.1875L7.34375 7.6875C7.53125 7.875 7.53125 8.15625 7.34375 8.34375L1.34375 14.8438C1.15625 15.0625 0.84375 15.0625 0.65625 14.875Z\" fill=\"#A9CCE0\"><\/path><\/svg>\t\t\t\t\t\t<\/span>\n\t\t\t\t\t\t\t\t\t\t<span class=\"elementor-icon-list-text\"><\/span>\n\t\t\t\t\t\t\t\t\t<\/li>\n\t\t\t\t\t\t\t\t<li class=\"elementor-icon-list-item elementor-inline-item\">\n\t\t\t\t\t\t\t\t\t\t<span class=\"elementor-icon-list-text\">Blog<\/span>\n\t\t\t\t\t\t\t\t\t<\/li>\n\t\t\t\t\t\t<\/ul>\n\t\t\t\t\t\t<\/div>\n\t\t\t\t<\/div>\n\t\t\t\t<div class=\"elementor-element elementor-element-262a6a7 elementor-widget elementor-widget-heading\" data-id=\"262a6a7\" data-element_type=\"widget\" data-e-type=\"widget\" data-widget_type=\"heading.default\">\n\t\t\t\t<div class=\"elementor-widget-container\">\n\t\t\t\t\t<h1 class=\"elementor-heading-title elementor-size-default\">Blog<\/h1>\t\t\t\t<\/div>\n\t\t\t\t<\/div>\n\t\t\t\t\t<\/div>\n\t\t\t\t<\/div>\n\t\t<div class=\"elementor-element elementor-element-06d43fb e-flex e-con-boxed e-con e-parent\" data-id=\"06d43fb\" data-element_type=\"container\" data-e-type=\"container\" data-settings=\"{&quot;background_background&quot;:&quot;classic&quot;}\">\n\t\t\t\t\t<div class=\"e-con-inner\">\n\t\t\t\t<div class=\"elementor-element elementor-element-737289e elementor-posts__hover-none elementor-grid-3 elementor-grid-tablet-2 elementor-grid-mobile-1 elementor-posts--thumbnail-top elementor-card-shadow-yes elementor-widget elementor-widget-posts\" data-id=\"737289e\" data-element_type=\"widget\" data-e-type=\"widget\" data-settings=\"{&quot;cards_row_gap&quot;:{&quot;unit&quot;:&quot;px&quot;,&quot;size&quot;:22,&quot;sizes&quot;:[]},&quot;pagination_type&quot;:&quot;numbers_and_prev_next&quot;,&quot;cards_columns&quot;:&quot;3&quot;,&quot;cards_columns_tablet&quot;:&quot;2&quot;,&quot;cards_columns_mobile&quot;:&quot;1&quot;,&quot;cards_row_gap_tablet&quot;:{&quot;unit&quot;:&quot;px&quot;,&quot;size&quot;:&quot;&quot;,&quot;sizes&quot;:[]},&quot;cards_row_gap_mobile&quot;:{&quot;unit&quot;:&quot;px&quot;,&quot;size&quot;:&quot;&quot;,&quot;sizes&quot;:[]}}\" data-widget_type=\"posts.cards\">\n\t\t\t\t<div class=\"elementor-widget-container\">\n\t\t\t\t\t\t\t<div class=\"elementor-posts-container elementor-posts elementor-posts--skin-cards elementor-grid\" role=\"list\">\n\t\t\t\t<article class=\"elementor-post elementor-grid-item post-6009 post type-post status-publish format-standard has-post-thumbnail hentry category-nicht-kategorisiert\" role=\"listitem\">\n\t\t\t<div class=\"elementor-post__card\">\n\t\t\t\t<a class=\"elementor-post__thumbnail__link\" href=\"https:\/\/menuez.tech\/de\/interview-mit-karel-van-broekhoven-master-trainer-bei-ooh-royal-swinkels\/\" tabindex=\"-1\" ><div class=\"elementor-post__thumbnail\"><img fetchpriority=\"high\" decoding=\"async\" width=\"1265\" height=\"1200\" src=\"https:\/\/menuez.tech\/wp-content\/uploads\/2026\/04\/sfb-foto-websiter.jpg\" class=\"attachment-full size-full wp-image-6065\" alt=\"\" srcset=\"https:\/\/menuez.tech\/wp-content\/uploads\/2026\/04\/sfb-foto-websiter.jpg 1265w, https:\/\/menuez.tech\/wp-content\/uploads\/2026\/04\/sfb-foto-websiter-300x285.jpg 300w, https:\/\/menuez.tech\/wp-content\/uploads\/2026\/04\/sfb-foto-websiter-1024x971.jpg 1024w, https:\/\/menuez.tech\/wp-content\/uploads\/2026\/04\/sfb-foto-websiter-768x729.jpg 768w\" sizes=\"(max-width: 1265px) 100vw, 1265px\" \/><\/div><\/a>\n\t\t\t\t<div class=\"elementor-post__text\">\n\t\t\t\t<h3 class=\"elementor-post__title\">\n\t\t\t<a href=\"https:\/\/menuez.tech\/de\/interview-mit-karel-van-broekhoven-master-trainer-bei-ooh-royal-swinkels\/\" >\n\t\t\t\tInterview mit Karel van Broekhoven, Master Trainer bei OOH Royal Swinkels.\t\t\t<\/a>\n\t\t<\/h3>\n\t\t\t\t<\/div>\n\t\t\t\t<div class=\"elementor-post__meta-data\">\n\t\t\t\t\t<span class=\"elementor-post-date\">\n\t\t\t10. April 2026\t\t<\/span>\n\t\t\t\t<\/div>\n\t\t\t\t\t<\/div>\n\t\t<\/article>\n\t\t\t\t<article class=\"elementor-post elementor-grid-item post-5980 post type-post status-publish format-standard has-post-thumbnail hentry category-nicht-kategorisiert\" role=\"listitem\">\n\t\t\t<div class=\"elementor-post__card\">\n\t\t\t\t<a class=\"elementor-post__thumbnail__link\" href=\"https:\/\/menuez.tech\/de\/chocomel-sommer-specials-auf-der-speisekarte-hier-erfahren-sie-wie-sie-als-premium-marke-das-gastgewerbe-unterstuetzen-koennen\/\" tabindex=\"-1\" ><div class=\"elementor-post__thumbnail\"><img decoding=\"async\" width=\"1080\" height=\"1350\" src=\"https:\/\/menuez.tech\/wp-content\/uploads\/2026\/03\/Chocomel-pistache-1-e1775810634352.png\" class=\"attachment-full size-full wp-image-5981\" alt=\"\" \/><\/div><\/a>\n\t\t\t\t<div class=\"elementor-post__text\">\n\t\t\t\t<h3 class=\"elementor-post__title\">\n\t\t\t<a href=\"https:\/\/menuez.tech\/de\/chocomel-sommer-specials-auf-der-speisekarte-hier-erfahren-sie-wie-sie-als-premium-marke-das-gastgewerbe-unterstuetzen-koennen\/\" >\n\t\t\t\tChocomel Sommer-Specials auf der Speisekarte!\t\t\t<\/a>\n\t\t<\/h3>\n\t\t\t\t<\/div>\n\t\t\t\t<div class=\"elementor-post__meta-data\">\n\t\t\t\t\t<span class=\"elementor-post-date\">\n\t\t\t26. M\u00e4rz 2026\t\t<\/span>\n\t\t\t\t<\/div>\n\t\t\t\t\t<\/div>\n\t\t<\/article>\n\t\t\t\t<article class=\"elementor-post elementor-grid-item post-5926 post type-post status-publish format-standard has-post-thumbnail hentry category-nicht-kategorisiert\" role=\"listitem\">\n\t\t\t<div class=\"elementor-post__card\">\n\t\t\t\t<a class=\"elementor-post__thumbnail__link\" href=\"https:\/\/menuez.tech\/de\/vrumona-waehlt-menuez-international\/\" tabindex=\"-1\" ><div class=\"elementor-post__thumbnail\"><img decoding=\"async\" width=\"1080\" height=\"1350\" src=\"https:\/\/menuez.tech\/wp-content\/uploads\/2026\/03\/Vrumona-KIEST-VOOR-MENUEZ-5-1-e1773915014473.png\" class=\"attachment-full size-full wp-image-5927\" alt=\"\" \/><\/div><\/a>\n\t\t\t\t<div class=\"elementor-post__text\">\n\t\t\t\t<h3 class=\"elementor-post__title\">\n\t\t\t<a href=\"https:\/\/menuez.tech\/de\/vrumona-waehlt-menuez-international\/\" >\n\t\t\t\tVrumona w\u00e4hlt Menuez International\t\t\t<\/a>\n\t\t<\/h3>\n\t\t\t\t<\/div>\n\t\t\t\t<div class=\"elementor-post__meta-data\">\n\t\t\t\t\t<span class=\"elementor-post-date\">\n\t\t\t19. M\u00e4rz 2026\t\t<\/span>\n\t\t\t\t<\/div>\n\t\t\t\t\t<\/div>\n\t\t<\/article>\n\t\t\t\t<article class=\"elementor-post elementor-grid-item post-5420 post type-post status-publish format-standard has-post-thumbnail hentry category-nicht-kategorisiert\" role=\"listitem\">\n\t\t\t<div class=\"elementor-post__card\">\n\t\t\t\t<a class=\"elementor-post__thumbnail__link\" href=\"https:\/\/menuez.tech\/de\/menues-als-branding-und-verkaufsmedium\/\" tabindex=\"-1\" ><div class=\"elementor-post__thumbnail\"><img loading=\"lazy\" decoding=\"async\" width=\"645\" height=\"485\" src=\"https:\/\/menuez.tech\/wp-content\/uploads\/2026\/01\/Afbeelding-research-menukaarten-artikel.jpg\" class=\"attachment-full size-full wp-image-5431\" alt=\"\" srcset=\"https:\/\/menuez.tech\/wp-content\/uploads\/2026\/01\/Afbeelding-research-menukaarten-artikel.jpg 645w, https:\/\/menuez.tech\/wp-content\/uploads\/2026\/01\/Afbeelding-research-menukaarten-artikel-300x226.jpg 300w\" sizes=\"(max-width: 645px) 100vw, 645px\" \/><\/div><\/a>\n\t\t\t\t<div class=\"elementor-post__text\">\n\t\t\t\t<h3 class=\"elementor-post__title\">\n\t\t\t<a href=\"https:\/\/menuez.tech\/de\/menues-als-branding-und-verkaufsmedium\/\" >\n\t\t\t\tMen\u00fcs als Branding- und Verkaufsmedium\t\t\t<\/a>\n\t\t<\/h3>\n\t\t\t\t<\/div>\n\t\t\t\t<div class=\"elementor-post__meta-data\">\n\t\t\t\t\t<span class=\"elementor-post-date\">\n\t\t\t15. Januar 2026\t\t<\/span>\n\t\t\t\t<\/div>\n\t\t\t\t\t<\/div>\n\t\t<\/article>\n\t\t\t\t<article class=\"elementor-post elementor-grid-item post-5289 post type-post status-publish format-standard has-post-thumbnail hentry category-nicht-kategorisiert\" role=\"listitem\">\n\t\t\t<div class=\"elementor-post__card\">\n\t\t\t\t<a class=\"elementor-post__thumbnail__link\" href=\"https:\/\/menuez.tech\/de\/wie-coca-cola-mit-schlanken-getraenkekarten-14-mehr-umsatz-erzielt\/\" tabindex=\"-1\" ><div class=\"elementor-post__thumbnail\"><img loading=\"lazy\" decoding=\"async\" width=\"1304\" height=\"1094\" src=\"https:\/\/menuez.tech\/wp-content\/uploads\/2025\/11\/Screenshot-2025-11-25-at-14.51.01.png\" class=\"attachment-full size-full wp-image-5287\" alt=\"\" srcset=\"https:\/\/menuez.tech\/wp-content\/uploads\/2025\/11\/Screenshot-2025-11-25-at-14.51.01.png 1304w, https:\/\/menuez.tech\/wp-content\/uploads\/2025\/11\/Screenshot-2025-11-25-at-14.51.01-300x252.png 300w, https:\/\/menuez.tech\/wp-content\/uploads\/2025\/11\/Screenshot-2025-11-25-at-14.51.01-1024x859.png 1024w, https:\/\/menuez.tech\/wp-content\/uploads\/2025\/11\/Screenshot-2025-11-25-at-14.51.01-768x644.png 768w\" sizes=\"(max-width: 1304px) 100vw, 1304px\" \/><\/div><\/a>\n\t\t\t\t<div class=\"elementor-post__text\">\n\t\t\t\t<h3 class=\"elementor-post__title\">\n\t\t\t<a href=\"https:\/\/menuez.tech\/de\/wie-coca-cola-mit-schlanken-getraenkekarten-14-mehr-umsatz-erzielt\/\" >\n\t\t\t\tWie Coca-Cola mit intelligenten Getr\u00e4nkemen\u00fcs 14% mehr Umsatz erzielt\t\t\t<\/a>\n\t\t<\/h3>\n\t\t\t\t<\/div>\n\t\t\t\t<div class=\"elementor-post__meta-data\">\n\t\t\t\t\t<span class=\"elementor-post-date\">\n\t\t\t25. November 2025\t\t<\/span>\n\t\t\t\t<\/div>\n\t\t\t\t\t<\/div>\n\t\t<\/article>\n\t\t\t\t<article class=\"elementor-post elementor-grid-item post-5267 post type-post status-publish format-standard has-post-thumbnail hentry category-nicht-kategorisiert\" role=\"listitem\">\n\t\t\t<div class=\"elementor-post__card\">\n\t\t\t\t<a class=\"elementor-post__thumbnail__link\" href=\"https:\/\/menuez.tech\/de\/wie-menuez-300-optisport-locaties-dabei-hilft-sterile-lokale-kampagnen-zu-starten\/\" tabindex=\"-1\" ><div class=\"elementor-post__thumbnail\"><img loading=\"lazy\" decoding=\"async\" width=\"1290\" height=\"838\" src=\"https:\/\/menuez.tech\/wp-content\/uploads\/2025\/11\/Screenshot-2025-11-20-at-15.28.05.png\" class=\"attachment-full size-full wp-image-5277\" alt=\"\" srcset=\"https:\/\/menuez.tech\/wp-content\/uploads\/2025\/11\/Screenshot-2025-11-20-at-15.28.05.png 1290w, https:\/\/menuez.tech\/wp-content\/uploads\/2025\/11\/Screenshot-2025-11-20-at-15.28.05-300x195.png 300w, https:\/\/menuez.tech\/wp-content\/uploads\/2025\/11\/Screenshot-2025-11-20-at-15.28.05-1024x665.png 1024w, https:\/\/menuez.tech\/wp-content\/uploads\/2025\/11\/Screenshot-2025-11-20-at-15.28.05-768x499.png 768w\" sizes=\"(max-width: 1290px) 100vw, 1290px\" \/><\/div><\/a>\n\t\t\t\t<div class=\"elementor-post__text\">\n\t\t\t\t<h3 class=\"elementor-post__title\">\n\t\t\t<a href=\"https:\/\/menuez.tech\/de\/wie-menuez-300-optisport-locaties-dabei-hilft-sterile-lokale-kampagnen-zu-starten\/\" >\n\t\t\t\tWie Menuez 300 Optisport-Standorten hilft, m\u00fchelos starke, lokale Kampagnen zu starten\t\t\t<\/a>\n\t\t<\/h3>\n\t\t\t\t<\/div>\n\t\t\t\t<div class=\"elementor-post__meta-data\">\n\t\t\t\t\t<span class=\"elementor-post-date\">\n\t\t\t20. November 2025\t\t<\/span>\n\t\t\t\t<\/div>\n\t\t\t\t\t<\/div>\n\t\t<\/article>\n\t\t\t\t<article class=\"elementor-post elementor-grid-item post-5190 post type-post status-publish format-standard has-post-thumbnail hentry category-nicht-kategorisiert\" role=\"listitem\">\n\t\t\t<div class=\"elementor-post__card\">\n\t\t\t\t<a class=\"elementor-post__thumbnail__link\" href=\"https:\/\/menuez.tech\/de\/die-speisekarte-bestimmt-welche-marke-im-gastgewerbe-gewinnt\/\" tabindex=\"-1\" ><div class=\"elementor-post__thumbnail\"><img loading=\"lazy\" decoding=\"async\" width=\"1454\" height=\"1140\" src=\"https:\/\/menuez.tech\/wp-content\/uploads\/2025\/10\/Screenshot-2025-10-22-at-13.47.42.png\" class=\"attachment-full size-full wp-image-5146\" alt=\"\" srcset=\"https:\/\/menuez.tech\/wp-content\/uploads\/2025\/10\/Screenshot-2025-10-22-at-13.47.42.png 1454w, https:\/\/menuez.tech\/wp-content\/uploads\/2025\/10\/Screenshot-2025-10-22-at-13.47.42-300x235.png 300w, https:\/\/menuez.tech\/wp-content\/uploads\/2025\/10\/Screenshot-2025-10-22-at-13.47.42-1024x803.png 1024w, https:\/\/menuez.tech\/wp-content\/uploads\/2025\/10\/Screenshot-2025-10-22-at-13.47.42-768x602.png 768w\" sizes=\"(max-width: 1454px) 100vw, 1454px\" \/><\/div><\/a>\n\t\t\t\t<div class=\"elementor-post__text\">\n\t\t\t\t<h3 class=\"elementor-post__title\">\n\t\t\t<a href=\"https:\/\/menuez.tech\/de\/die-speisekarte-bestimmt-welche-marke-im-gastgewerbe-gewinnt\/\" >\n\t\t\t\tDie Speisekarte bestimmt, welche Marke im Gastgewerbe gewinnt\t\t\t<\/a>\n\t\t<\/h3>\n\t\t\t\t<\/div>\n\t\t\t\t<div class=\"elementor-post__meta-data\">\n\t\t\t\t\t<span class=\"elementor-post-date\">\n\t\t\t6. November 2025\t\t<\/span>\n\t\t\t\t<\/div>\n\t\t\t\t\t<\/div>\n\t\t<\/article>\n\t\t\t\t<article class=\"elementor-post elementor-grid-item post-5154 post type-post status-publish format-standard has-post-thumbnail hentry category-nicht-kategorisiert\" role=\"listitem\">\n\t\t\t<div class=\"elementor-post__card\">\n\t\t\t\t<a class=\"elementor-post__thumbnail__link\" href=\"https:\/\/menuez.tech\/de\/wenn-die-feiertage-den-moment-abwarten-um-in-der-kueche-zu-sein\/\" tabindex=\"-1\" ><div class=\"elementor-post__thumbnail\"><img loading=\"lazy\" decoding=\"async\" width=\"1352\" height=\"898\" src=\"https:\/\/menuez.tech\/wp-content\/uploads\/2025\/10\/Scherm\u00adafbeelding-2025-10-30-om-12.05.48.png\" class=\"attachment-full size-full wp-image-5167\" alt=\"\" srcset=\"https:\/\/menuez.tech\/wp-content\/uploads\/2025\/10\/Scherm\u00adafbeelding-2025-10-30-om-12.05.48.png 1352w, https:\/\/menuez.tech\/wp-content\/uploads\/2025\/10\/Scherm\u00adafbeelding-2025-10-30-om-12.05.48-300x199.png 300w, https:\/\/menuez.tech\/wp-content\/uploads\/2025\/10\/Scherm\u00adafbeelding-2025-10-30-om-12.05.48-1024x680.png 1024w, https:\/\/menuez.tech\/wp-content\/uploads\/2025\/10\/Scherm\u00adafbeelding-2025-10-30-om-12.05.48-768x510.png 768w\" sizes=\"(max-width: 1352px) 100vw, 1352px\" \/><\/div><\/a>\n\t\t\t\t<div class=\"elementor-post__text\">\n\t\t\t\t<h3 class=\"elementor-post__title\">\n\t\t\t<a href=\"https:\/\/menuez.tech\/de\/wenn-die-feiertage-den-moment-abwarten-um-in-der-kueche-zu-sein\/\" >\n\t\t\t\tWarum die Festtage die perfekte Zeit sind, um im Gastgewerbe sichtbar zu werden\t\t\t<\/a>\n\t\t<\/h3>\n\t\t\t\t<\/div>\n\t\t\t\t<div class=\"elementor-post__meta-data\">\n\t\t\t\t\t<span class=\"elementor-post-date\">\n\t\t\t30. Oktober 2025\t\t<\/span>\n\t\t\t\t<\/div>\n\t\t\t\t\t<\/div>\n\t\t<\/article>\n\t\t\t\t<article class=\"elementor-post elementor-grid-item post-5114 post type-post status-publish format-standard has-post-thumbnail hentry category-nicht-kategorisiert\" role=\"listitem\">\n\t\t\t<div class=\"elementor-post__card\">\n\t\t\t\t<a class=\"elementor-post__thumbnail__link\" href=\"https:\/\/menuez.tech\/de\/chocomel-verovert-de-menukaart-chocolade-krijgt-eigen-categorie-in-de-horeca\/\" tabindex=\"-1\" ><div class=\"elementor-post__thumbnail\"><img loading=\"lazy\" decoding=\"async\" width=\"2560\" height=\"1192\" src=\"https:\/\/menuez.tech\/wp-content\/uploads\/2025\/10\/Scherm\u00adafbeelding-2025-10-14-om-15.04.30-scaled.png\" class=\"attachment-full size-full wp-image-5128\" alt=\"\" srcset=\"https:\/\/menuez.tech\/wp-content\/uploads\/2025\/10\/Scherm\u00adafbeelding-2025-10-14-om-15.04.30-scaled.png 2560w, https:\/\/menuez.tech\/wp-content\/uploads\/2025\/10\/Scherm\u00adafbeelding-2025-10-14-om-15.04.30-300x140.png 300w, https:\/\/menuez.tech\/wp-content\/uploads\/2025\/10\/Scherm\u00adafbeelding-2025-10-14-om-15.04.30-1024x477.png 1024w, https:\/\/menuez.tech\/wp-content\/uploads\/2025\/10\/Scherm\u00adafbeelding-2025-10-14-om-15.04.30-768x358.png 768w, https:\/\/menuez.tech\/wp-content\/uploads\/2025\/10\/Scherm\u00adafbeelding-2025-10-14-om-15.04.30-1536x715.png 1536w, https:\/\/menuez.tech\/wp-content\/uploads\/2025\/10\/Scherm\u00adafbeelding-2025-10-14-om-15.04.30-2048x954.png 2048w\" sizes=\"(max-width: 2560px) 100vw, 2560px\" \/><\/div><\/a>\n\t\t\t\t<div class=\"elementor-post__text\">\n\t\t\t\t<h3 class=\"elementor-post__title\">\n\t\t\t<a href=\"https:\/\/menuez.tech\/de\/chocomel-verovert-de-menukaart-chocolade-krijgt-eigen-categorie-in-de-horeca\/\" >\n\t\t\t\tChocomel erobert die Speisekarte: Schokolade bekommt ihre eigene Kategorie im Gastgewerbe\t\t\t<\/a>\n\t\t<\/h3>\n\t\t\t\t<\/div>\n\t\t\t\t<div class=\"elementor-post__meta-data\">\n\t\t\t\t\t<span class=\"elementor-post-date\">\n\t\t\t14. Oktober 2025\t\t<\/span>\n\t\t\t\t<\/div>\n\t\t\t\t\t<\/div>\n\t\t<\/article>\n\t\t\t\t<article class=\"elementor-post elementor-grid-item post-5045 post type-post status-publish format-standard has-post-thumbnail hentry category-nicht-kategorisiert\" role=\"listitem\">\n\t\t\t<div class=\"elementor-post__card\">\n\t\t\t\t<a class=\"elementor-post__thumbnail__link\" href=\"https:\/\/menuez.tech\/de\/menuez-bricht-zusammenarbeit-mit-lipton-ab-jetzt-auch-terrasmeubels-beschikbaar\/\" tabindex=\"-1\" ><div class=\"elementor-post__thumbnail\"><img loading=\"lazy\" decoding=\"async\" width=\"1388\" height=\"840\" src=\"https:\/\/menuez.tech\/wp-content\/uploads\/2025\/09\/Lipton-2609.png\" class=\"attachment-full size-full wp-image-5073\" alt=\"\" srcset=\"https:\/\/menuez.tech\/wp-content\/uploads\/2025\/09\/Lipton-2609.png 1388w, https:\/\/menuez.tech\/wp-content\/uploads\/2025\/09\/Lipton-2609-300x182.png 300w, https:\/\/menuez.tech\/wp-content\/uploads\/2025\/09\/Lipton-2609-1024x620.png 1024w, https:\/\/menuez.tech\/wp-content\/uploads\/2025\/09\/Lipton-2609-768x465.png 768w\" sizes=\"(max-width: 1388px) 100vw, 1388px\" \/><\/div><\/a>\n\t\t\t\t<div class=\"elementor-post__text\">\n\t\t\t\t<h3 class=\"elementor-post__title\">\n\t\t\t<a href=\"https:\/\/menuez.tech\/de\/menuez-bricht-zusammenarbeit-mit-lipton-ab-jetzt-auch-terrasmeubels-beschikbaar\/\" >\n\t\t\t\tMenuez erweitert die Zusammenarbeit mit Lipton: Terrassenm\u00f6bel jetzt erh\u00e4ltlich\t\t\t<\/a>\n\t\t<\/h3>\n\t\t\t\t<\/div>\n\t\t\t\t<div class=\"elementor-post__meta-data\">\n\t\t\t\t\t<span class=\"elementor-post-date\">\n\t\t\t18. September 2025\t\t<\/span>\n\t\t\t\t<\/div>\n\t\t\t\t\t<\/div>\n\t\t<\/article>\n\t\t\t\t<article class=\"elementor-post elementor-grid-item post-5037 post type-post status-publish format-standard has-post-thumbnail hentry category-nicht-kategorisiert\" role=\"listitem\">\n\t\t\t<div class=\"elementor-post__card\">\n\t\t\t\t<a class=\"elementor-post__thumbnail__link\" href=\"https:\/\/menuez.tech\/de\/wie-unilever-ijshockey-inzet-om-klanten-op-lokaal-niveau-te-winnen\/\" tabindex=\"-1\" ><div class=\"elementor-post__thumbnail\"><img loading=\"lazy\" decoding=\"async\" width=\"1398\" height=\"872\" src=\"https:\/\/menuez.tech\/wp-content\/uploads\/2025\/09\/Campagne-2609.png\" class=\"attachment-full size-full wp-image-5089\" alt=\"\" srcset=\"https:\/\/menuez.tech\/wp-content\/uploads\/2025\/09\/Campagne-2609.png 1398w, https:\/\/menuez.tech\/wp-content\/uploads\/2025\/09\/Campagne-2609-300x187.png 300w, https:\/\/menuez.tech\/wp-content\/uploads\/2025\/09\/Campagne-2609-1024x639.png 1024w, https:\/\/menuez.tech\/wp-content\/uploads\/2025\/09\/Campagne-2609-768x479.png 768w\" sizes=\"(max-width: 1398px) 100vw, 1398px\" \/><\/div><\/a>\n\t\t\t\t<div class=\"elementor-post__text\">\n\t\t\t\t<h3 class=\"elementor-post__title\">\n\t\t\t<a href=\"https:\/\/menuez.tech\/de\/wie-unilever-ijshockey-inzet-om-klanten-op-lokaal-niveau-te-winnen\/\" >\n\t\t\t\tWie Unilever Eishockey f\u00fcr hyperlokales Marketing in Kanada nutzt\t\t\t<\/a>\n\t\t<\/h3>\n\t\t\t\t<\/div>\n\t\t\t\t<div class=\"elementor-post__meta-data\">\n\t\t\t\t\t<span class=\"elementor-post-date\">\n\t\t\t10. September 2025\t\t<\/span>\n\t\t\t\t<\/div>\n\t\t\t\t\t<\/div>\n\t\t<\/article>\n\t\t\t\t<article class=\"elementor-post elementor-grid-item post-5022 post type-post status-publish format-standard has-post-thumbnail hentry category-nicht-kategorisiert\" role=\"listitem\">\n\t\t\t<div class=\"elementor-post__card\">\n\t\t\t\t<a class=\"elementor-post__thumbnail__link\" href=\"https:\/\/menuez.tech\/de\/wie-cavesco-das-menue-dilemma-fuer-franchise-konzepte-geloest-hat\/\" tabindex=\"-1\" ><div class=\"elementor-post__thumbnail\"><img loading=\"lazy\" decoding=\"async\" width=\"1920\" height=\"2560\" src=\"https:\/\/menuez.tech\/wp-content\/uploads\/2025\/07\/cavesco-scaled.jpg\" class=\"attachment-full size-full wp-image-5069\" alt=\"\" srcset=\"https:\/\/menuez.tech\/wp-content\/uploads\/2025\/07\/cavesco-scaled.jpg 1920w, https:\/\/menuez.tech\/wp-content\/uploads\/2025\/07\/cavesco-225x300.jpg 225w, https:\/\/menuez.tech\/wp-content\/uploads\/2025\/07\/cavesco-768x1024.jpg 768w, https:\/\/menuez.tech\/wp-content\/uploads\/2025\/07\/cavesco-1152x1536.jpg 1152w, https:\/\/menuez.tech\/wp-content\/uploads\/2025\/07\/cavesco-1536x2048.jpg 1536w\" sizes=\"(max-width: 1920px) 100vw, 1920px\" \/><\/div><\/a>\n\t\t\t\t<div class=\"elementor-post__text\">\n\t\t\t\t<h3 class=\"elementor-post__title\">\n\t\t\t<a href=\"https:\/\/menuez.tech\/de\/wie-cavesco-das-menue-dilemma-fuer-franchise-konzepte-geloest-hat\/\" >\n\t\t\t\tWie Cavesco das Men\u00fc-Dilemma f\u00fcr Franchise-Konzepte gel\u00f6st hat\t\t\t<\/a>\n\t\t<\/h3>\n\t\t\t\t<\/div>\n\t\t\t\t<div class=\"elementor-post__meta-data\">\n\t\t\t\t\t<span class=\"elementor-post-date\">\n\t\t\t15. Juli 2025\t\t<\/span>\n\t\t\t\t<\/div>\n\t\t\t\t\t<\/div>\n\t\t<\/article>\n\t\t\t\t<\/div>\n\t\t\n\t\t\t\t<div class=\"e-load-more-anchor\" data-page=\"1\" data-max-page=\"3\" data-next-page=\"https:\/\/menuez.tech\/de\/wp-json\/wp\/v2\/pages\/4188\/page\/2\/\"><\/div>\n\t\t\t\t<nav class=\"elementor-pagination\" aria-label=\"Paginierung\">\n\t\t\t<span class=\"page-numbers prev\"><svg xmlns=\"http:\/\/www.w3.org\/2000\/svg\" width=\"18\" height=\"30\" viewbox=\"0 0 18 30\" fill=\"none\"> <path d=\"M1.46484 14.1211L14.2148 1.4375C14.8125 0.773438 15.8086 0.773438 16.4727 1.4375C17.0703 2.03516 17.0703 3.03125 16.4727 3.62891L4.78516 15.25L16.4062 26.9375C17.0703 27.5352 17.0703 28.5312 16.4062 29.1289C15.8086 29.793 14.8125 29.793 14.2148 29.1289L1.46484 16.3789C0.800781 15.7812 0.800781 14.7852 1.46484 14.1211Z\" fill=\"white\"><\/path> <\/svg><\/span>\n<span aria-current=\"page\" class=\"page-numbers current\"><span class=\"elementor-screen-only\">Seite<\/span>1<\/span>\n<a class=\"page-numbers\" href=\"https:\/\/menuez.tech\/de\/wp-json\/wp\/v2\/pages\/4188\/page\/2\/\"><span class=\"elementor-screen-only\">Seite<\/span>2<\/a>\n<a class=\"page-numbers\" href=\"https:\/\/menuez.tech\/de\/wp-json\/wp\/v2\/pages\/4188\/page\/3\/\"><span class=\"elementor-screen-only\">Seite<\/span>3<\/a>\n<a class=\"page-numbers next\" href=\"https:\/\/menuez.tech\/de\/wp-json\/wp\/v2\/pages\/4188\/page\/2\/\"><svg xmlns=\"http:\/\/www.w3.org\/2000\/svg\" width=\"18\" height=\"30\" viewbox=\"0 0 18 30\" fill=\"none\"> <path d=\"M16.4727 14.1211C17.0703 14.7852 17.0703 15.7812 16.4727 16.3789L3.72266 29.1289C3.05859 29.793 2.0625 29.793 1.46484 29.1289C0.800781 28.5312 0.800781 27.5352 1.46484 26.9375L13.0859 15.3164L1.46484 3.62891C0.800781 3.03125 0.800781 2.03516 1.46484 1.4375C2.0625 0.773438 3.05859 0.773438 3.65625 1.4375L16.4727 14.1211Z\" fill=\"white\"><\/path> <\/svg><\/a>\t\t<\/nav>\n\t\t\t\t\t\t<\/div>\n\t\t\t\t<\/div>\n\t\t\t\t\t<\/div>\n\t\t\t\t<\/div>\n\t\t<div class=\"elementor-element elementor-element-8e73b6c e-con-full e-flex e-con e-parent\" data-id=\"8e73b6c\" data-element_type=\"container\" data-e-type=\"container\" data-settings=\"{&quot;background_background&quot;:&quot;classic&quot;}\">\n\t\t\t\t<\/div>\n\t\t\t\t<\/div>\n\t\t","protected":false},"excerpt":{"rendered":"<p>Blog<\/p>\n","protected":false},"author":1,"featured_media":0,"parent":0,"menu_order":0,"comment_status":"closed","ping_status":"closed","template":"","meta":{"footnotes":""},"class_list":["post-4188","page","type-page","status-publish","hentry"],"_links":{"self":[{"href":"https:\/\/menuez.tech\/de\/wp-json\/wp\/v2\/pages\/4188","targetHints":{"allow":["GET"]}}],"collection":[{"href":"https:\/\/menuez.tech\/de\/wp-json\/wp\/v2\/pages"}],"about":[{"href":"https:\/\/menuez.tech\/de\/wp-json\/wp\/v2\/types\/page"}],"author":[{"embeddable":true,"href":"https:\/\/menuez.tech\/de\/wp-json\/wp\/v2\/users\/1"}],"replies":[{"embeddable":true,"href":"https:\/\/menuez.tech\/de\/wp-json\/wp\/v2\/comments?post=4188"}],"version-history":[{"count":1,"href":"https:\/\/menuez.tech\/de\/wp-json\/wp\/v2\/pages\/4188\/revisions"}],"predecessor-version":[{"id":4192,"href":"https:\/\/menuez.tech\/de\/wp-json\/wp\/v2\/pages\/4188\/revisions\/4192"}],"wp:attachment":[{"href":"https:\/\/menuez.tech\/de\/wp-json\/wp\/v2\/media?parent=4188"}],"curies":[{"name":"wp","href":"https:\/\/api.w.org\/{rel}","templated":true}]}}