{"id":4126,"date":"2025-01-20T06:39:12","date_gmt":"2025-01-20T06:39:12","guid":{"rendered":"https:\/\/menuez.tech\/reduzieren-sie\/"},"modified":"2025-06-11T09:01:57","modified_gmt":"2025-06-11T09:01:57","slug":"reduzieren","status":"publish","type":"page","link":"https:\/\/menuez.tech\/de\/reduzieren\/","title":{"rendered":"Reduzieren"},"content":{"rendered":"\t\t<div data-elementor-type=\"wp-page\" data-elementor-id=\"4126\" class=\"elementor elementor-4126 elementor-1007\" data-elementor-post-type=\"page\">\n\t\t\t\t<div class=\"elementor-element elementor-element-e54354e e-flex e-con-boxed e-con e-parent\" data-id=\"e54354e\" data-element_type=\"container\" data-e-type=\"container\" data-settings=\"{&quot;background_background&quot;:&quot;classic&quot;}\">\n\t\t\t\t\t<div class=\"e-con-inner\">\n\t\t<div class=\"elementor-element elementor-element-8b73542 e-con-full e-flex e-con e-child\" data-id=\"8b73542\" data-element_type=\"container\" data-e-type=\"container\">\n\t\t\t\t<div class=\"elementor-element elementor-element-52a1ca3 elementor-widget elementor-widget-heading\" data-id=\"52a1ca3\" data-element_type=\"widget\" data-e-type=\"widget\" data-widget_type=\"heading.default\">\n\t\t\t\t<div class=\"elementor-widget-container\">\n\t\t\t\t\t<h1 class=\"elementor-heading-title elementor-size-default\">Reduzieren<\/h1>\t\t\t\t<\/div>\n\t\t\t\t<\/div>\n\t\t\t\t<div class=\"elementor-element elementor-element-978a024 elementor-widget__width-initial elementor-widget elementor-widget-text-editor\" data-id=\"978a024\" data-element_type=\"widget\" data-e-type=\"widget\" data-widget_type=\"text-editor.default\">\n\t\t\t\t<div class=\"elementor-widget-container\">\n\t\t\t\t\t\t\t\t\t<div><span lang=\"NL\">Bei Menuez ist uns Nachhaltigkeit genauso wichtig wie Ihnen. Wir unterst\u00fctzen Sie dabei, die \u00f6kologische Auswirkung Ihrer Marketingprozesse zu reduzieren \u2013 mit nachhaltigen L\u00f6sungen, die Einfachheit und Effektivit\u00e4t vereinen. Von Print-on-Demand bis zur Abfallminimierung machen wir es Ihnen leicht, umweltfreundliche Entscheidungen zu treffen, ohne Kompromisse bei der Qualit\u00e4t einzugehen. Wir produzieren nur das, was Sie wirklich ben\u00f6tigen, reduzieren \u00dcberbest\u00e4nde und setzen auf verantwortungsvolle Materialien \u2013 so werden Ihre Marketingaktivit\u00e4ten sowohl wirkungsvoll als auch nachhaltig.<\/span><\/div>\t\t\t\t\t\t\t\t<\/div>\n\t\t\t\t<\/div>\n\t\t\t\t<\/div>\n\t\t<div class=\"elementor-element elementor-element-67d1625 e-con-full e-flex e-con e-child\" data-id=\"67d1625\" data-element_type=\"container\" data-e-type=\"container\">\n\t\t\t\t<div class=\"elementor-element elementor-element-fa7de16 elementor-widget-mobile__width-inherit elementor-widget elementor-widget-image\" data-id=\"fa7de16\" data-element_type=\"widget\" data-e-type=\"widget\" data-widget_type=\"image.default\">\n\t\t\t\t<div class=\"elementor-widget-container\">\n\t\t\t\t\t\t\t\t\t\t\t\t\t\t\t<img fetchpriority=\"high\" decoding=\"async\" width=\"2048\" height=\"2011\" src=\"https:\/\/menuez.tech\/wp-content\/uploads\/2025\/01\/21f1743e0b9d0fb3dbefb3c090a8bd9b-2048x2011.png\" class=\"attachment-2048x2048 size-2048x2048 wp-image-4138\" alt=\"\" srcset=\"https:\/\/menuez.tech\/wp-content\/uploads\/2025\/01\/21f1743e0b9d0fb3dbefb3c090a8bd9b-2048x2011.png 2048w, https:\/\/menuez.tech\/wp-content\/uploads\/2025\/01\/21f1743e0b9d0fb3dbefb3c090a8bd9b-300x295.png 300w, https:\/\/menuez.tech\/wp-content\/uploads\/2025\/01\/21f1743e0b9d0fb3dbefb3c090a8bd9b-1024x1005.png 1024w, https:\/\/menuez.tech\/wp-content\/uploads\/2025\/01\/21f1743e0b9d0fb3dbefb3c090a8bd9b-768x754.png 768w, https:\/\/menuez.tech\/wp-content\/uploads\/2025\/01\/21f1743e0b9d0fb3dbefb3c090a8bd9b-1536x1508.png 1536w\" sizes=\"(max-width: 2048px) 100vw, 2048px\" \/>\t\t\t\t\t\t\t\t\t\t\t\t\t\t\t<\/div>\n\t\t\t\t<\/div>\n\t\t\t\t<\/div>\n\t\t\t\t\t<\/div>\n\t\t\t\t<\/div>\n\t\t<div class=\"elementor-element elementor-element-536e305 e-flex e-con-boxed e-con e-parent\" data-id=\"536e305\" data-element_type=\"container\" data-e-type=\"container\" data-settings=\"{&quot;background_background&quot;:&quot;classic&quot;}\">\n\t\t\t\t\t<div class=\"e-con-inner\">\n\t\t\t\t<div class=\"elementor-element elementor-element-1df2422 elementor-icon-list--layout-inline elementor-list-item-link-full_width elementor-widget elementor-widget-icon-list\" data-id=\"1df2422\" data-element_type=\"widget\" data-e-type=\"widget\" data-widget_type=\"icon-list.default\">\n\t\t\t\t<div class=\"elementor-widget-container\">\n\t\t\t\t\t\t\t<ul class=\"elementor-icon-list-items elementor-inline-items\">\n\t\t\t\t\t\t\t<li class=\"elementor-icon-list-item elementor-inline-item\">\n\t\t\t\t\t\t\t\t\t\t\t<a href=\"https:\/\/menuez.tech\/de\/\">\n\n\t\t\t\t\t\t\t\t\t\t\t\t<span class=\"elementor-icon-list-icon\">\n\t\t\t\t\t\t\t<svg xmlns=\"http:\/\/www.w3.org\/2000\/svg\" width=\"20\" height=\"17\" viewBox=\"0 0 20 17\" fill=\"none\"><path d=\"M9.5 1.1875C9.78125 0.96875 10.1875 0.96875 10.4688 1.1875L15.5 5.4375V2.75C15.5 2.34375 15.8125 2 16.25 2C16.6562 2 17 2.34375 17 2.75V6.71875L18.7188 8.1875C19.0312 8.46875 19.0625 8.9375 18.8125 9.25C18.5312 9.5625 18.0625 9.59375 17.75 9.34375L17 8.6875V14.5C17 15.9062 15.875 17 14.5 17H5.5C4.09375 17 3 15.9062 3 14.5V8.6875L2.21875 9.34375C1.90625 9.59375 1.4375 9.5625 1.15625 9.25C0.90625 8.9375 0.9375 8.46875 1.25 8.1875L9.5 1.1875ZM4.5 7.40625V14.5C4.5 15.0625 4.9375 15.5 5.5 15.5H7V10.75C7 10.0625 7.53125 9.5 8.25 9.5H11.75C12.4375 9.5 13 10.0625 13 10.75V15.5H14.5C15.0312 15.5 15.5 15.0625 15.5 14.5V7.40625L10 2.75L4.5 7.40625ZM11.5 11H8.5V15.5H11.5V11Z\" fill=\"#A9CCE0\"><\/path><\/svg>\t\t\t\t\t\t<\/span>\n\t\t\t\t\t\t\t\t\t\t<span class=\"elementor-icon-list-text\"><\/span>\n\t\t\t\t\t\t\t\t\t\t\t<\/a>\n\t\t\t\t\t\t\t\t\t<\/li>\n\t\t\t\t\t\t\t\t<li class=\"elementor-icon-list-item elementor-inline-item\">\n\t\t\t\t\t\t\t\t\t\t\t<span class=\"elementor-icon-list-icon\">\n\t\t\t\t\t\t\t<svg xmlns=\"http:\/\/www.w3.org\/2000\/svg\" width=\"8\" height=\"16\" viewBox=\"0 0 8 16\" fill=\"none\"><path d=\"M0.65625 14.875C0.53125 14.7812 0.46875 14.6562 0.46875 14.5312C0.46875 14.4062 0.53125 14.2812 0.625 14.1875L6.28125 8.03125L0.625 1.84375C0.4375 1.65625 0.4375 1.34375 0.65625 1.15625C0.84375 0.96875 1.15625 0.96875 1.34375 1.1875L7.34375 7.6875C7.53125 7.875 7.53125 8.15625 7.34375 8.34375L1.34375 14.8438C1.15625 15.0625 0.84375 15.0625 0.65625 14.875Z\" fill=\"#A9CCE0\"><\/path><\/svg>\t\t\t\t\t\t<\/span>\n\t\t\t\t\t\t\t\t\t\t<span class=\"elementor-icon-list-text\"><\/span>\n\t\t\t\t\t\t\t\t\t<\/li>\n\t\t\t\t\t\t\t\t<li class=\"elementor-icon-list-item elementor-inline-item\">\n\t\t\t\t\t\t\t\t\t\t<span class=\"elementor-icon-list-text\">L\u00f6sungen<\/span>\n\t\t\t\t\t\t\t\t\t<\/li>\n\t\t\t\t\t\t\t\t<li class=\"elementor-icon-list-item elementor-inline-item\">\n\t\t\t\t\t\t\t\t\t\t\t<span class=\"elementor-icon-list-icon\">\n\t\t\t\t\t\t\t<svg xmlns=\"http:\/\/www.w3.org\/2000\/svg\" width=\"8\" height=\"16\" viewBox=\"0 0 8 16\" fill=\"none\"><path d=\"M0.65625 14.875C0.53125 14.7812 0.46875 14.6562 0.46875 14.5312C0.46875 14.4062 0.53125 14.2812 0.625 14.1875L6.28125 8.03125L0.625 1.84375C0.4375 1.65625 0.4375 1.34375 0.65625 1.15625C0.84375 0.96875 1.15625 0.96875 1.34375 1.1875L7.34375 7.6875C7.53125 7.875 7.53125 8.15625 7.34375 8.34375L1.34375 14.8438C1.15625 15.0625 0.84375 15.0625 0.65625 14.875Z\" fill=\"#A9CCE0\"><\/path><\/svg>\t\t\t\t\t\t<\/span>\n\t\t\t\t\t\t\t\t\t\t<span class=\"elementor-icon-list-text\"><\/span>\n\t\t\t\t\t\t\t\t\t<\/li>\n\t\t\t\t\t\t\t\t<li class=\"elementor-icon-list-item elementor-inline-item\">\n\t\t\t\t\t\t\t\t\t\t<span class=\"elementor-icon-list-text\">Reduzieren<\/span>\n\t\t\t\t\t\t\t\t\t<\/li>\n\t\t\t\t\t\t<\/ul>\n\t\t\t\t\t\t<\/div>\n\t\t\t\t<\/div>\n\t\t<div class=\"elementor-element elementor-element-10635cb e-con-full e-flex e-con e-child\" data-id=\"10635cb\" data-element_type=\"container\" data-e-type=\"container\">\n\t\t<div class=\"elementor-element elementor-element-fc7d0de e-con-full e-flex e-con e-child\" data-id=\"fc7d0de\" data-element_type=\"container\" data-e-type=\"container\">\n\t\t\t\t<div class=\"elementor-element elementor-element-5af4416 elementor-widget elementor-widget-image\" data-id=\"5af4416\" data-element_type=\"widget\" data-e-type=\"widget\" data-widget_type=\"image.default\">\n\t\t\t\t<div class=\"elementor-widget-container\">\n\t\t\t\t\t\t\t\t\t\t\t\t\t\t\t<img decoding=\"async\" width=\"970\" height=\"660\" src=\"https:\/\/menuez.tech\/wp-content\/uploads\/2025\/01\/people-working-in-the-office-2023-11-27-04-59-20-utc-33.png\" class=\"attachment-full size-full wp-image-4129\" alt=\"\" srcset=\"https:\/\/menuez.tech\/wp-content\/uploads\/2025\/01\/people-working-in-the-office-2023-11-27-04-59-20-utc-33.png 970w, https:\/\/menuez.tech\/wp-content\/uploads\/2025\/01\/people-working-in-the-office-2023-11-27-04-59-20-utc-33-300x204.png 300w, https:\/\/menuez.tech\/wp-content\/uploads\/2025\/01\/people-working-in-the-office-2023-11-27-04-59-20-utc-33-768x523.png 768w\" sizes=\"(max-width: 970px) 100vw, 970px\" \/>\t\t\t\t\t\t\t\t\t\t\t\t\t\t\t<\/div>\n\t\t\t\t<\/div>\n\t\t\t\t<\/div>\n\t\t<div class=\"elementor-element elementor-element-02dbd34 e-con-full e-flex e-con e-child\" data-id=\"02dbd34\" data-element_type=\"container\" data-e-type=\"container\">\n\t\t\t\t<div class=\"elementor-element elementor-element-7d0c624 elementor-widget elementor-widget-heading\" data-id=\"7d0c624\" data-element_type=\"widget\" data-e-type=\"widget\" data-widget_type=\"heading.default\">\n\t\t\t\t<div class=\"elementor-widget-container\">\n\t\t\t\t\t<h2 class=\"elementor-heading-title elementor-size-default\">Setzen Sie auf nachhaltige Alternativen<\/h2>\t\t\t\t<\/div>\n\t\t\t\t<\/div>\n\t\t\t\t<div class=\"elementor-element elementor-element-9aeaefc elementor-widget elementor-widget-text-editor\" data-id=\"9aeaefc\" data-element_type=\"widget\" data-e-type=\"widget\" data-widget_type=\"text-editor.default\">\n\t\t\t\t<div class=\"elementor-widget-container\">\n\t\t\t\t\t\t\t\t\t<div><span lang=\"NL\">Nachhaltiger zu werden muss nicht kompliziert sein. Wir machen es Ihnen einfach, nachhaltige Alternativen in Ihre Marketingprozesse zu integrieren. Indem Sie Materialien aus erneuerbaren Quellen oder recycelbare Produkte w\u00e4hlen und Ihre Logistik sowie Ihren Materialverbrauch optimieren, gestalten Sie Ihre Marketingma\u00dfnahmen sowohl umweltfreundlicher als auch wirkungsvoller \u2013 und das, ohne Abstriche bei der Qualit\u00e4t und Ausstrahlung Ihrer Marke zu machen.<\/span><\/div>\t\t\t\t\t\t\t\t<\/div>\n\t\t\t\t<\/div>\n\t\t\t\t<\/div>\n\t\t\t\t<\/div>\n\t\t\t\t\t<\/div>\n\t\t\t\t<\/div>\n\t\t<div class=\"elementor-element elementor-element-8ea06c8 e-flex e-con-boxed e-con e-parent\" data-id=\"8ea06c8\" data-element_type=\"container\" data-e-type=\"container\">\n\t\t\t\t\t<div class=\"e-con-inner\">\n\t\t<div class=\"elementor-element elementor-element-71ca50c e-con-full e-flex e-con e-child\" data-id=\"71ca50c\" data-element_type=\"container\" data-e-type=\"container\">\n\t\t\t\t<div class=\"elementor-element elementor-element-43e8037 elementor-widget elementor-widget-heading\" data-id=\"43e8037\" data-element_type=\"widget\" data-e-type=\"widget\" data-widget_type=\"heading.default\">\n\t\t\t\t<div class=\"elementor-widget-container\">\n\t\t\t\t\t<h2 class=\"elementor-heading-title elementor-size-default\">Print-on-Demand<\/h2>\t\t\t\t<\/div>\n\t\t\t\t<\/div>\n\t\t\t\t<div class=\"elementor-element elementor-element-847bad6 elementor-widget elementor-widget-text-editor\" data-id=\"847bad6\" data-element_type=\"widget\" data-e-type=\"widget\" data-widget_type=\"text-editor.default\">\n\t\t\t\t<div class=\"elementor-widget-container\">\n\t\t\t\t\t\t\t\t\t<div><span lang=\"NL\">Eine der effektivsten Methoden zur Abfallvermeidung ist es, nur das zu drucken, was wirklich ben\u00f6tigt wird. Menuez verhindert \u00dcberproduktion und \u00fcbersch\u00fcssige Lagerbest\u00e4nde durch den Einsatz unserer Print-on-Demand-L\u00f6sung. Dadurch werden Abfall, Lagerbedarf und logistische Bewegungen reduziert \u2013 was allesamt zu einem kleineren \u00f6kologischen Fu\u00dfabdruck beitr\u00e4gt. Print-on-Demand bietet die Flexibilit\u00e4t, lokalen Partnern genau die Materialien bereitzustellen, die sie ben\u00f6tigen \u2013 genau dann, wenn sie sie ben\u00f6tigen.<\/span><\/div>\t\t\t\t\t\t\t\t<\/div>\n\t\t\t\t<\/div>\n\t\t\t\t<\/div>\n\t\t<div class=\"elementor-element elementor-element-e0d3604 e-con-full e-flex e-con e-child\" data-id=\"e0d3604\" data-element_type=\"container\" data-e-type=\"container\">\n\t\t\t\t<div class=\"elementor-element elementor-element-3cfccab elementor-widget elementor-widget-image\" data-id=\"3cfccab\" data-element_type=\"widget\" data-e-type=\"widget\" data-widget_type=\"image.default\">\n\t\t\t\t<div class=\"elementor-widget-container\">\n\t\t\t\t\t\t\t\t\t\t\t\t\t\t\t<img decoding=\"async\" width=\"970\" height=\"660\" src=\"https:\/\/menuez.tech\/wp-content\/uploads\/2025\/01\/wind-turbine-hand-renewable-energy-environment-2023-11-27-05-30-59-utc-1.png\" class=\"attachment-full size-full wp-image-4132\" alt=\"\" srcset=\"https:\/\/menuez.tech\/wp-content\/uploads\/2025\/01\/wind-turbine-hand-renewable-energy-environment-2023-11-27-05-30-59-utc-1.png 970w, https:\/\/menuez.tech\/wp-content\/uploads\/2025\/01\/wind-turbine-hand-renewable-energy-environment-2023-11-27-05-30-59-utc-1-300x204.png 300w, https:\/\/menuez.tech\/wp-content\/uploads\/2025\/01\/wind-turbine-hand-renewable-energy-environment-2023-11-27-05-30-59-utc-1-768x523.png 768w\" sizes=\"(max-width: 970px) 100vw, 970px\" \/>\t\t\t\t\t\t\t\t\t\t\t\t\t\t\t<\/div>\n\t\t\t\t<\/div>\n\t\t\t\t<\/div>\n\t\t\t\t\t<\/div>\n\t\t\t\t<\/div>\n\t\t<div class=\"elementor-element elementor-element-6029a5b e-flex e-con-boxed e-con e-parent\" data-id=\"6029a5b\" data-element_type=\"container\" data-e-type=\"container\">\n\t\t\t\t\t<div class=\"e-con-inner\">\n\t\t<div class=\"elementor-element elementor-element-61647fd e-con-full e-flex e-con e-child\" data-id=\"61647fd\" data-element_type=\"container\" data-e-type=\"container\">\n\t\t\t\t<div class=\"elementor-element elementor-element-dc128e1 elementor-widget elementor-widget-image\" data-id=\"dc128e1\" data-element_type=\"widget\" data-e-type=\"widget\" data-widget_type=\"image.default\">\n\t\t\t\t<div class=\"elementor-widget-container\">\n\t\t\t\t\t\t\t\t\t\t\t\t\t\t\t<img decoding=\"async\" width=\"970\" height=\"660\" src=\"https:\/\/menuez.tech\/wp-content\/uploads\/2025\/01\/people-working-in-the-office-2023-11-27-04-59-20-utc-33.png\" class=\"attachment-full size-full wp-image-4129\" alt=\"\" srcset=\"https:\/\/menuez.tech\/wp-content\/uploads\/2025\/01\/people-working-in-the-office-2023-11-27-04-59-20-utc-33.png 970w, https:\/\/menuez.tech\/wp-content\/uploads\/2025\/01\/people-working-in-the-office-2023-11-27-04-59-20-utc-33-300x204.png 300w, https:\/\/menuez.tech\/wp-content\/uploads\/2025\/01\/people-working-in-the-office-2023-11-27-04-59-20-utc-33-768x523.png 768w\" sizes=\"(max-width: 970px) 100vw, 970px\" \/>\t\t\t\t\t\t\t\t\t\t\t\t\t\t\t<\/div>\n\t\t\t\t<\/div>\n\t\t\t\t<\/div>\n\t\t<div class=\"elementor-element elementor-element-80c6596 e-con-full e-flex e-con e-child\" data-id=\"80c6596\" data-element_type=\"container\" data-e-type=\"container\">\n\t\t\t\t<div class=\"elementor-element elementor-element-e5f3302 elementor-widget elementor-widget-heading\" data-id=\"e5f3302\" data-element_type=\"widget\" data-e-type=\"widget\" data-widget_type=\"heading.default\">\n\t\t\t\t<div class=\"elementor-widget-container\">\n\t\t\t\t\t<h2 class=\"elementor-heading-title elementor-size-default\">Digitalisierung des lokalen Marketings<\/h2>\t\t\t\t<\/div>\n\t\t\t\t<\/div>\n\t\t\t\t<div class=\"elementor-element elementor-element-cac2908 elementor-widget elementor-widget-text-editor\" data-id=\"cac2908\" data-element_type=\"widget\" data-e-type=\"widget\" data-widget_type=\"text-editor.default\">\n\t\t\t\t<div class=\"elementor-widget-container\">\n\t\t\t\t\t\t\t\t\t<div><span lang=\"NL\">Mit unseren L\u00f6sungen k\u00f6nnen Sie Ihre lokalen Marketingma\u00dfnahmen ganz einfach digitalisieren und so Ihren \u00f6kologischen Fu\u00dfabdruck verkleinern. Denken Sie zum Beispiel an die Umstellung von gedruckten Speisekarten auf digitale Displays oder die Implementierung von QR-basierten Online-Bestellsystemen. Dies reduziert nicht nur Abfall, sondern erm\u00f6glicht auch mehr Personalisierung und Echtzeit-Updates. So k\u00f6nnen Ihre Partner effektiver mit lokalen Kund:innen kommunizieren und Ihre Nachhaltigkeitsziele werden zus\u00e4tzlich unterst\u00fctzt.<\/span><\/div>\t\t\t\t\t\t\t\t<\/div>\n\t\t\t\t<\/div>\n\t\t\t\t<\/div>\n\t\t\t\t\t<\/div>\n\t\t\t\t<\/div>\n\t\t<div class=\"elementor-element elementor-element-2d2bebd e-flex e-con-boxed e-con e-parent\" data-id=\"2d2bebd\" data-element_type=\"container\" data-e-type=\"container\" data-settings=\"{&quot;background_background&quot;:&quot;classic&quot;}\">\n\t\t\t\t\t<div class=\"e-con-inner\">\n\t\t<div class=\"elementor-element elementor-element-4cf30d3 e-con-full e-flex e-con e-child\" data-id=\"4cf30d3\" data-element_type=\"container\" data-e-type=\"container\">\n\t\t\t\t<div class=\"elementor-element elementor-element-5b9b470 elementor-widget elementor-widget-heading\" data-id=\"5b9b470\" data-element_type=\"widget\" data-e-type=\"widget\" data-widget_type=\"heading.default\">\n\t\t\t\t<div class=\"elementor-widget-container\">\n\t\t\t\t\t<h2 class=\"elementor-heading-title elementor-size-default\">Nachhaltige Werbematerialien und Logistik<\/h2>\t\t\t\t<\/div>\n\t\t\t\t<\/div>\n\t\t\t\t<div class=\"elementor-element elementor-element-35c2e09 elementor-widget elementor-widget-text-editor\" data-id=\"35c2e09\" data-element_type=\"widget\" data-e-type=\"widget\" data-widget_type=\"text-editor.default\">\n\t\t\t\t<div class=\"elementor-widget-container\">\n\t\t\t\t\t\t\t\t\t<div><span lang=\"NL\">Bei Menuez unterst\u00fctzen wir Marken dabei, verantwortungsbewusste Werbematerialien auszuw\u00e4hlen, die sowohl effektiv als auch nachhaltig sind. Zudem optimieren wir den logistischen Prozess, sodass weniger Sendungen erforderlich sind und der Transport effizienter abl\u00e4uft. Durch den Einsatz umweltfreundlicherer Liefermethoden reduzieren wir Emissionen \u2013 und stellen gleichzeitig sicher, dass Ihre Materialien p\u00fcnktlich und in einwandfreiem Zustand ankommen.<\/span><\/div>\t\t\t\t\t\t\t\t<\/div>\n\t\t\t\t<\/div>\n\t\t\t\t<\/div>\n\t\t<div class=\"elementor-element elementor-element-26d4a92 e-con-full e-flex e-con e-child\" data-id=\"26d4a92\" data-element_type=\"container\" data-e-type=\"container\">\n\t\t\t\t<div class=\"elementor-element elementor-element-b05ae52 elementor-widget elementor-widget-image\" data-id=\"b05ae52\" data-element_type=\"widget\" data-e-type=\"widget\" data-widget_type=\"image.default\">\n\t\t\t\t<div class=\"elementor-widget-container\">\n\t\t\t\t\t\t\t\t\t\t\t\t\t\t\t<img decoding=\"async\" width=\"970\" height=\"660\" src=\"https:\/\/menuez.tech\/wp-content\/uploads\/2025\/01\/wind-turbine-hand-renewable-energy-environment-2023-11-27-05-30-59-utc-1.png\" class=\"attachment-full size-full wp-image-4132\" alt=\"\" srcset=\"https:\/\/menuez.tech\/wp-content\/uploads\/2025\/01\/wind-turbine-hand-renewable-energy-environment-2023-11-27-05-30-59-utc-1.png 970w, https:\/\/menuez.tech\/wp-content\/uploads\/2025\/01\/wind-turbine-hand-renewable-energy-environment-2023-11-27-05-30-59-utc-1-300x204.png 300w, https:\/\/menuez.tech\/wp-content\/uploads\/2025\/01\/wind-turbine-hand-renewable-energy-environment-2023-11-27-05-30-59-utc-1-768x523.png 768w\" sizes=\"(max-width: 970px) 100vw, 970px\" \/>\t\t\t\t\t\t\t\t\t\t\t\t\t\t\t<\/div>\n\t\t\t\t<\/div>\n\t\t\t\t<\/div>\n\t\t\t\t\t<\/div>\n\t\t\t\t<\/div>\n\t\t<div class=\"elementor-element elementor-element-0f53ec9 e-flex e-con-boxed e-con e-parent\" data-id=\"0f53ec9\" data-element_type=\"container\" data-e-type=\"container\" data-settings=\"{&quot;background_background&quot;:&quot;classic&quot;}\">\n\t\t\t\t\t<div class=\"e-con-inner\">\n\t\t\t\t\t<\/div>\n\t\t\t\t<\/div>\n\t\t<div class=\"elementor-element elementor-element-aebcb31 e-flex e-con-boxed e-con e-parent\" data-id=\"aebcb31\" data-element_type=\"container\" data-e-type=\"container\" data-settings=\"{&quot;background_background&quot;:&quot;classic&quot;}\">\n\t\t\t\t\t<div class=\"e-con-inner\">\n\t\t<div class=\"elementor-element elementor-element-bdf1a07 e-con-full e-flex e-con e-child\" data-id=\"bdf1a07\" data-element_type=\"container\" data-e-type=\"container\" data-settings=\"{&quot;background_background&quot;:&quot;classic&quot;}\">\n\t\t<div class=\"elementor-element elementor-element-e9e489f e-con-full e-flex e-con e-child\" data-id=\"e9e489f\" data-element_type=\"container\" data-e-type=\"container\">\n\t\t\t\t<div class=\"elementor-element elementor-element-1cda4c9 elementor-widget elementor-widget-heading\" data-id=\"1cda4c9\" data-element_type=\"widget\" data-e-type=\"widget\" data-widget_type=\"heading.default\">\n\t\t\t\t<div class=\"elementor-widget-container\">\n\t\t\t\t\t<h2 class=\"elementor-heading-title elementor-size-default\">Bereit, Ihre lokale Marketingstrategie zu vereinfachen?<\/h2>\t\t\t\t<\/div>\n\t\t\t\t<\/div>\n\t\t\t\t<div class=\"elementor-element elementor-element-4fdc957 elementor-widget elementor-widget-text-editor\" data-id=\"4fdc957\" data-element_type=\"widget\" data-e-type=\"widget\" data-widget_type=\"text-editor.default\">\n\t\t\t\t<div class=\"elementor-widget-container\">\n\t\t\t\t\t\t\t\t\t<div><span lang=\"NL\">Lokales Marketing sollte einfach, effektiv und wirkungsvoll sein. Mit unseren ma\u00dfgeschneiderten L\u00f6sungen geben wir Ihnen und Ihren lokalen Partnern die Werkzeuge an die Hand, die Sie f\u00fcr Ihren Erfolg ben\u00f6tigen. Lassen Sie uns gemeinsam Ihre lokale Marketingstrategie auf das n\u00e4chste Level heben.<br \/><\/span><\/div>\t\t\t\t\t\t\t\t<\/div>\n\t\t\t\t<\/div>\n\t\t<div class=\"elementor-element elementor-element-75fa9a4 e-con-full e-flex e-con e-child\" data-id=\"75fa9a4\" data-element_type=\"container\" data-e-type=\"container\">\n\t\t\t\t<div class=\"elementor-element elementor-element-149d4c5 elementor-widget elementor-widget-button\" data-id=\"149d4c5\" data-element_type=\"widget\" data-e-type=\"widget\" data-widget_type=\"button.default\">\n\t\t\t\t<div class=\"elementor-widget-container\">\n\t\t\t\t\t\t\t\t\t<div class=\"elementor-button-wrapper\">\n\t\t\t\t\t<a class=\"elementor-button elementor-size-sm\" role=\"button\">\n\t\t\t\t\t\t<span class=\"elementor-button-content-wrapper\">\n\t\t\t\t\t\t<span class=\"elementor-button-icon\">\n\t\t\t\t<svg xmlns=\"http:\/\/www.w3.org\/2000\/svg\" width=\"12\" height=\"10\" viewBox=\"0 0 12 10\" fill=\"none\"><rect width=\"12\" height=\"2\" rx=\"1\" fill=\"#063B4B\"><\/rect><rect y=\"8\" width=\"12\" height=\"2\" rx=\"1\" fill=\"#063B4B\"><\/rect><rect y=\"4\" width=\"12\" height=\"2\" rx=\"1\" fill=\"#063B4B\"><\/rect><\/svg>\t\t\t<\/span>\n\t\t\t\t\t\t\t\t\t<span class=\"elementor-button-text\">Demo anfordern<\/span>\n\t\t\t\t\t<\/span>\n\t\t\t\t\t<\/a>\n\t\t\t\t<\/div>\n\t\t\t\t\t\t\t\t<\/div>\n\t\t\t\t<\/div>\n\t\t\t\t<div class=\"elementor-element elementor-element-15d8d2e elementor-widget elementor-widget-button\" data-id=\"15d8d2e\" data-element_type=\"widget\" data-e-type=\"widget\" data-widget_type=\"button.default\">\n\t\t\t\t<div class=\"elementor-widget-container\">\n\t\t\t\t\t\t\t\t\t<div class=\"elementor-button-wrapper\">\n\t\t\t\t\t<a class=\"elementor-button elementor-button-link elementor-size-sm\" href=\"https:\/\/menuez.tech\/de\/kontakt\/\">\n\t\t\t\t\t\t<span class=\"elementor-button-content-wrapper\">\n\t\t\t\t\t\t<span class=\"elementor-button-icon\">\n\t\t\t\t<svg xmlns=\"http:\/\/www.w3.org\/2000\/svg\" width=\"12\" height=\"10\" viewBox=\"0 0 12 10\" fill=\"none\"><rect width=\"12\" height=\"2\" rx=\"1\" fill=\"#063B4B\"><\/rect><rect y=\"8\" width=\"12\" height=\"2\" rx=\"1\" fill=\"#063B4B\"><\/rect><rect y=\"4\" width=\"12\" height=\"2\" rx=\"1\" fill=\"#063B4B\"><\/rect><\/svg>\t\t\t<\/span>\n\t\t\t\t\t\t\t\t\t<span class=\"elementor-button-text\">Kontakt aufnehmen<\/span>\n\t\t\t\t\t<\/span>\n\t\t\t\t\t<\/a>\n\t\t\t\t<\/div>\n\t\t\t\t\t\t\t\t<\/div>\n\t\t\t\t<\/div>\n\t\t\t\t<\/div>\n\t\t\t\t<\/div>\n\t\t<div class=\"elementor-element elementor-element-423b6a8 e-con-full e-flex e-con e-child\" data-id=\"423b6a8\" data-element_type=\"container\" data-e-type=\"container\" data-settings=\"{&quot;background_background&quot;:&quot;classic&quot;}\">\n\t\t\t\t<\/div>\n\t\t\t\t<\/div>\n\t\t\t\t\t<\/div>\n\t\t\t\t<\/div>\n\t\t<div class=\"elementor-element elementor-element-70fe432 e-con-full e-flex e-con e-parent\" data-id=\"70fe432\" data-element_type=\"container\" data-e-type=\"container\" data-settings=\"{&quot;background_background&quot;:&quot;classic&quot;}\">\n\t\t\t\t<div class=\"elementor-element elementor-element-14a6c61 elementor-widget__width-inherit elementor-widget elementor-widget-image\" data-id=\"14a6c61\" data-element_type=\"widget\" data-e-type=\"widget\" data-widget_type=\"image.default\">\n\t\t\t\t<div class=\"elementor-widget-container\">\n\t\t\t\t\t\t\t\t\t\t\t\t\t\t\t<img loading=\"lazy\" decoding=\"async\" width=\"3024\" height=\"84\" src=\"https:\/\/menuez.tech\/wp-content\/uploads\/2025\/01\/footer-shape.png\" class=\"attachment-full size-full wp-image-4063\" alt=\"\" srcset=\"https:\/\/menuez.tech\/wp-content\/uploads\/2025\/01\/footer-shape.png 3024w, https:\/\/menuez.tech\/wp-content\/uploads\/2025\/01\/footer-shape-300x8.png 300w, https:\/\/menuez.tech\/wp-content\/uploads\/2025\/01\/footer-shape-1024x28.png 1024w, https:\/\/menuez.tech\/wp-content\/uploads\/2025\/01\/footer-shape-768x21.png 768w, https:\/\/menuez.tech\/wp-content\/uploads\/2025\/01\/footer-shape-1536x43.png 1536w, https:\/\/menuez.tech\/wp-content\/uploads\/2025\/01\/footer-shape-2048x57.png 2048w\" sizes=\"(max-width: 3024px) 100vw, 3024px\" \/>\t\t\t\t\t\t\t\t\t\t\t\t\t\t\t<\/div>\n\t\t\t\t<\/div>\n\t\t\t\t<\/div>\n\t\t\t\t<\/div>\n\t\t","protected":false},"excerpt":{"rendered":"<p>Bei Menuez ist uns Nachhaltigkeit genauso wichtig wie Ihnen. Wir unterst\u00fctzen Sie dabei, die \u00f6kologische Auswirkung Ihrer Marketingprozesse zu reduzieren \u2013 mit nachhaltigen L\u00f6sungen, die Einfachheit und Effektivit\u00e4t vereinen. Von Print-on-Demand bis zur Abfallminimierung machen wir es Ihnen leicht, umweltfreundliche Entscheidungen zu treffen, ohne Kompromisse bei der Qualit\u00e4t einzugehen. Wir produzieren nur das, was Sie [&hellip;]<\/p>\n","protected":false},"author":1,"featured_media":0,"parent":0,"menu_order":0,"comment_status":"closed","ping_status":"closed","template":"","meta":{"footnotes":""},"class_list":["post-4126","page","type-page","status-publish","hentry"],"_links":{"self":[{"href":"https:\/\/menuez.tech\/de\/wp-json\/wp\/v2\/pages\/4126","targetHints":{"allow":["GET"]}}],"collection":[{"href":"https:\/\/menuez.tech\/de\/wp-json\/wp\/v2\/pages"}],"about":[{"href":"https:\/\/menuez.tech\/de\/wp-json\/wp\/v2\/types\/page"}],"author":[{"embeddable":true,"href":"https:\/\/menuez.tech\/de\/wp-json\/wp\/v2\/users\/1"}],"replies":[{"embeddable":true,"href":"https:\/\/menuez.tech\/de\/wp-json\/wp\/v2\/comments?post=4126"}],"version-history":[{"count":6,"href":"https:\/\/menuez.tech\/de\/wp-json\/wp\/v2\/pages\/4126\/revisions"}],"predecessor-version":[{"id":4773,"href":"https:\/\/menuez.tech\/de\/wp-json\/wp\/v2\/pages\/4126\/revisions\/4773"}],"wp:attachment":[{"href":"https:\/\/menuez.tech\/de\/wp-json\/wp\/v2\/media?parent=4126"}],"curies":[{"name":"wp","href":"https:\/\/api.w.org\/{rel}","templated":true}]}}