{"id":4111,"date":"2025-02-10T13:02:11","date_gmt":"2025-02-10T13:02:11","guid":{"rendered":"https:\/\/menuez.tech\/?page_id=4111"},"modified":"2026-01-13T09:34:01","modified_gmt":"2026-01-13T09:34:01","slug":"leerstand","status":"publish","type":"page","link":"https:\/\/menuez.tech\/de\/leerstand\/","title":{"rendered":"Leerstand"},"content":{"rendered":"\t\t<div data-elementor-type=\"wp-page\" data-elementor-id=\"4111\" class=\"elementor elementor-4111 elementor-2991\" data-elementor-post-type=\"page\">\n\t\t\t\t<div class=\"elementor-element elementor-element-4823861d e-con-full e-flex e-con e-parent\" data-id=\"4823861d\" data-element_type=\"container\" data-e-type=\"container\">\n\t\t\t\t<div class=\"elementor-element elementor-element-34eab34d elementor-widget elementor-widget-image\" data-id=\"34eab34d\" data-element_type=\"widget\" data-e-type=\"widget\" data-widget_type=\"image.default\">\n\t\t\t\t<div class=\"elementor-widget-container\">\n\t\t\t\t\t\t\t\t\t\t\t\t\t\t\t<img fetchpriority=\"high\" decoding=\"async\" width=\"2560\" height=\"1707\" src=\"https:\/\/menuez.tech\/wp-content\/uploads\/2025\/02\/Front-Office-scaled.jpg\" class=\"attachment-full size-full wp-image-3000\" alt=\"\" srcset=\"https:\/\/menuez.tech\/wp-content\/uploads\/2025\/02\/Front-Office-scaled.jpg 2560w, https:\/\/menuez.tech\/wp-content\/uploads\/2025\/02\/Front-Office-300x200.jpg 300w, https:\/\/menuez.tech\/wp-content\/uploads\/2025\/02\/Front-Office-1024x683.jpg 1024w, https:\/\/menuez.tech\/wp-content\/uploads\/2025\/02\/Front-Office-768x512.jpg 768w, https:\/\/menuez.tech\/wp-content\/uploads\/2025\/02\/Front-Office-1536x1024.jpg 1536w, https:\/\/menuez.tech\/wp-content\/uploads\/2025\/02\/Front-Office-2048x1365.jpg 2048w\" sizes=\"(max-width: 2560px) 100vw, 2560px\" \/>\t\t\t\t\t\t\t\t\t\t\t\t\t\t\t<\/div>\n\t\t\t\t<\/div>\n\t\t\t\t<\/div>\n\t\t<div class=\"elementor-element elementor-element-3c2308ea e-flex e-con-boxed e-con e-parent\" data-id=\"3c2308ea\" data-element_type=\"container\" data-e-type=\"container\" data-settings=\"{&quot;background_background&quot;:&quot;classic&quot;}\">\n\t\t\t\t\t<div class=\"e-con-inner\">\n\t\t<div class=\"elementor-element elementor-element-1422609c e-flex e-con-boxed e-con e-child\" data-id=\"1422609c\" data-element_type=\"container\" data-e-type=\"container\" data-settings=\"{&quot;background_background&quot;:&quot;classic&quot;}\">\n\t\t\t\t\t<div class=\"e-con-inner\">\n\t\t\t\t<div class=\"elementor-element elementor-element-1e40da46 elementor-icon-list--layout-inline elementor-list-item-link-full_width elementor-widget elementor-widget-icon-list\" data-id=\"1e40da46\" data-element_type=\"widget\" data-e-type=\"widget\" data-widget_type=\"icon-list.default\">\n\t\t\t\t<div class=\"elementor-widget-container\">\n\t\t\t\t\t\t\t<ul class=\"elementor-icon-list-items elementor-inline-items\">\n\t\t\t\t\t\t\t<li class=\"elementor-icon-list-item elementor-inline-item\">\n\t\t\t\t\t\t\t\t\t\t\t<a href=\"https:\/\/menuez.tech\/de\/\">\n\n\t\t\t\t\t\t\t\t\t\t\t\t<span class=\"elementor-icon-list-icon\">\n\t\t\t\t\t\t\t<svg xmlns=\"http:\/\/www.w3.org\/2000\/svg\" width=\"20\" height=\"17\" viewBox=\"0 0 20 17\" fill=\"none\"><path d=\"M9.5 1.1875C9.78125 0.96875 10.1875 0.96875 10.4688 1.1875L15.5 5.4375V2.75C15.5 2.34375 15.8125 2 16.25 2C16.6562 2 17 2.34375 17 2.75V6.71875L18.7188 8.1875C19.0312 8.46875 19.0625 8.9375 18.8125 9.25C18.5312 9.5625 18.0625 9.59375 17.75 9.34375L17 8.6875V14.5C17 15.9062 15.875 17 14.5 17H5.5C4.09375 17 3 15.9062 3 14.5V8.6875L2.21875 9.34375C1.90625 9.59375 1.4375 9.5625 1.15625 9.25C0.90625 8.9375 0.9375 8.46875 1.25 8.1875L9.5 1.1875ZM4.5 7.40625V14.5C4.5 15.0625 4.9375 15.5 5.5 15.5H7V10.75C7 10.0625 7.53125 9.5 8.25 9.5H11.75C12.4375 9.5 13 10.0625 13 10.75V15.5H14.5C15.0312 15.5 15.5 15.0625 15.5 14.5V7.40625L10 2.75L4.5 7.40625ZM11.5 11H8.5V15.5H11.5V11Z\" fill=\"#A9CCE0\"><\/path><\/svg>\t\t\t\t\t\t<\/span>\n\t\t\t\t\t\t\t\t\t\t<span class=\"elementor-icon-list-text\"><\/span>\n\t\t\t\t\t\t\t\t\t\t\t<\/a>\n\t\t\t\t\t\t\t\t\t<\/li>\n\t\t\t\t\t\t\t\t<li class=\"elementor-icon-list-item elementor-inline-item\">\n\t\t\t\t\t\t\t\t\t\t\t<span class=\"elementor-icon-list-icon\">\n\t\t\t\t\t\t\t<svg xmlns=\"http:\/\/www.w3.org\/2000\/svg\" width=\"8\" height=\"16\" viewBox=\"0 0 8 16\" fill=\"none\"><path d=\"M0.65625 14.875C0.53125 14.7812 0.46875 14.6562 0.46875 14.5312C0.46875 14.4062 0.53125 14.2812 0.625 14.1875L6.28125 8.03125L0.625 1.84375C0.4375 1.65625 0.4375 1.34375 0.65625 1.15625C0.84375 0.96875 1.15625 0.96875 1.34375 1.1875L7.34375 7.6875C7.53125 7.875 7.53125 8.15625 7.34375 8.34375L1.34375 14.8438C1.15625 15.0625 0.84375 15.0625 0.65625 14.875Z\" fill=\"#A9CCE0\"><\/path><\/svg>\t\t\t\t\t\t<\/span>\n\t\t\t\t\t\t\t\t\t\t<span class=\"elementor-icon-list-text\"><\/span>\n\t\t\t\t\t\t\t\t\t<\/li>\n\t\t\t\t\t\t\t\t<li class=\"elementor-icon-list-item elementor-inline-item\">\n\t\t\t\t\t\t\t\t\t\t<span class=\"elementor-icon-list-text\">Senior Projektmanager\/ Accountmanager Marcom SaaS (32-40 uur, Utrecht)<\/span>\n\t\t\t\t\t\t\t\t\t<\/li>\n\t\t\t\t\t\t<\/ul>\n\t\t\t\t\t\t<\/div>\n\t\t\t\t<\/div>\n\t\t\t\t<div class=\"elementor-element elementor-element-1a9f0fff elementor-widget elementor-widget-text-editor\" data-id=\"1a9f0fff\" data-element_type=\"widget\" data-e-type=\"widget\" data-widget_type=\"text-editor.default\">\n\t\t\t\t<div class=\"elementor-widget-container\">\n\t\t\t\t\t\t\t\t\t<h2 data-path-to-node=\"2\">Senior Marketeer\/Projektmanager (32-40 Stunden, Utrecht)<\/h2>\n<p data-path-to-node=\"3\">Arbeiten Sie gerne mit <b data-path-to-node=\"3\" data-index-in-node=\"26\">kultigen Marken wie Coca-Cola, Magnum, Red Bull und Duvel<\/b> zusammen? Es reizt Sie, internationale Marketingprojekte zu leiten, und Sie m\u00f6chten in einem eng zusammenarbeitenden, ehrgeizigen Team am Aufbau einer intelligenten SaaS-Plattform mitwirken? Dann ist dies Ihr n\u00e4chster Schritt.  <\/p>\n<h4 data-path-to-node=\"4\">&nbsp;<\/h4>\n<h4 data-path-to-node=\"4\"><strong>\u00dcber Menuez.tech und Ihren Einfluss<\/strong><\/h4>\n<p data-path-to-node=\"5\">Menuez.tech ist eine wachsende SaaS-Plattform, die es A-Marken erm\u00f6glicht, (Handels-)Marketing, Kampagnen und Men\u00fcs lokal zu erstellen und gleichzeitig zentral zu verwalten - von den Niederlanden und Belgien bis zu den USA und Kanada.<\/p>\n<p data-path-to-node=\"6\">Als Senior Project Manager \/ Account Manager sind Sie das <b data-path-to-node=\"6\" data-index-in-node=\"59\">entscheidende Bindeglied zwischen Markenstrategie und intelligenter Umsetzung<\/b>. Dank Ihnen werden Kampagnen mit straffer Planung, m\u00fcheloser Ausf\u00fchrung und messbarem Erfolg gestartet. Sie arbeiten direkt mit internationalen Kunden und einem <b data-path-to-node=\"6\" data-index-in-node=\"279\">lustigen, engagierten Team<\/b> zusammen, das sich darauf konzentriert, gemeinsam zu gewinnen.  <\/p>\n<h4 data-path-to-node=\"7\">&nbsp;<\/h4>\n<h4 data-path-to-node=\"7\"><strong>Was werden Sie tun? Kein Tag ist wie der andere <\/strong><\/h4>\n<ul data-path-to-node=\"8\">\n<li>\n<p data-path-to-node=\"8,0,0\">Erstellen und realisieren Sie hochwertige Marketingkampagnen auf der Grundlage der Kundenanforderungen.<\/p>\n<\/li>\n<li>\n<p data-path-to-node=\"8,1,0\">Sie leiten mehrere <b data-path-to-node=\"8,1,0\" data-index-in-node=\"14\">(inter)nationale Projekte<\/b> gleichzeitig, vom ersten Briefing bis zur endg\u00fcltigen Lieferung.<\/p>\n<\/li>\n<li>\n<p data-path-to-node=\"8,2,0\">Koordinieren Sie sich t\u00e4glich mit Kunden und Teammitgliedern (Marketing, IT und Support), um den Fortschritt der Kampagne zu \u00fcberwachen.<\/p>\n<\/li>\n<li>\n<p data-path-to-node=\"8,3,0\">Identifizieren Sie Chancen f\u00fcr Kunden und denken Sie proaktiv \u00fcber L\u00f6sungen nach.<\/p>\n<\/li>\n<\/ul>\n<h4 data-path-to-node=\"9\">&nbsp;<\/h4>\n<h4 data-path-to-node=\"9\"><strong>Was Sie an den Tisch bringen<\/strong><\/h4>\n<p data-path-to-node=\"10\">Sie sind jemand, der einen klaren \u00dcberblick beh\u00e4lt, positive Energie mitbringt und sich an der Zusammenarbeit erfreut.<\/p>\n<ul data-path-to-node=\"11\">\n<li>\n<p data-path-to-node=\"11,0,0\"><b data-path-to-node=\"11,0,0\" data-index-in-node=\"0\">4-6 Jahre Erfahrung<\/b> als (Senior) Projektmanager in den Bereichen Marketing, Digital oder SaaS.<\/p>\n<\/li>\n<li>\n<p data-path-to-node=\"11,1,0\">Erfahrung in der Arbeit in multidisziplin\u00e4ren Teams unter Verwendung von Planungs- oder Ticketing-Tools (z.B. Wrike oder \u00e4hnlich).<\/p>\n<\/li>\n<li>\n<p data-path-to-node=\"11,2,0\">Straffe Planung, klare Kommunikation und <b data-path-to-node=\"11,2,0\" data-index-in-node=\"50\">P\u00fcnktlichkeit<\/b> (detail- und terminorientiert).<\/p>\n<\/li>\n<li>\n<p data-path-to-node=\"11,3,0\">Eine positive, kundenorientierte und beratende Einstellung.<\/p>\n<\/li>\n<li>\n<p data-path-to-node=\"11,4,0\">Kooperationsbereitschaft: Sie helfen anderen und scheuen sich nicht, um Hilfe zu bitten, um die Extrameile zu gehen und Projekte auf die n\u00e4chste Stufe zu heben.<\/p>\n<\/li>\n<li>\n<p data-path-to-node=\"11,5,0\">Ein abgeschlossenes <b data-path-to-node=\"11,5,0\" data-index-in-node=\"12\">Bachelor-Studium (HBO+) oder h\u00f6her<\/b>.<\/p>\n<\/li>\n<\/ul>\n<h4 data-path-to-node=\"12\">&nbsp;<\/h4>\n<h4 data-path-to-node=\"12\">Was wir Ihnen bieten<\/h4>\n<ul data-path-to-node=\"13\">\n<li>\n<p data-path-to-node=\"13,0,0\">Ein hohes Ma\u00df an Autonomie und <b data-path-to-node=\"13,0,0\" data-index-in-node=\"30\">sichtbarem Einfluss<\/b> auf eine wachsende Plattform.<\/p>\n<\/li>\n<li>\n<p data-path-to-node=\"13,1,0\">Die M\u00f6glichkeit, f\u00fcr <b data-path-to-node=\"13,1,0\" data-index-in-node=\"28\">gro\u00dfe internationale Marken<\/b> zu arbeiten.<\/p>\n<\/li>\n<li>\n<p data-path-to-node=\"13,2,0\">25 Urlaubstage (Vollzeit) und Raum f\u00fcr Weiterbildung und pers\u00f6nliche Entwicklung.<\/p>\n<\/li>\n<li>\n<p data-path-to-node=\"13,3,0\">Ein kleines, ehrgeiziges und freundliches Team mit kurzen Kommunikationswegen und einem hohen Ma\u00df an Vertrauen.<\/p>\n<\/li>\n<li>\n<p data-path-to-node=\"13,4,0\">Ein Arbeitsplatz, an dem Sie Spa\u00df an Ihrer Arbeit haben und Erfolge mit Ihren Kollegen feiern k\u00f6nnen.<\/p>\n<\/li>\n<\/ul>\n<h4 data-path-to-node=\"14\">&nbsp;<\/h4>\n<h4 data-path-to-node=\"14\">Wie Sie sich bewerben<\/h4>\n<p data-path-to-node=\"15\">K\u00f6nnen Sie sich vorstellen, diese Aufgabe zu \u00fcbernehmen? Schicken Sie Ihren Lebenslauf oder Ihr LinkedIn-Profil mit einer kurzen Motivation an <b data-path-to-node=\"15\" data-index-in-node=\"102\">gijs@menuez.tech <\/b>oder rufen Sie uns unter <b data-path-to-node=\"15\" data-index-in-node=\"127\">+31 (0) 307 610 371<\/b> f\u00fcr ein erstes Kennenlernen an. <\/p>\n<p data-path-to-node=\"16\">M\u00f6chten Sie zuerst \u00fcber die Rolle oder Ihren Hintergrund sprechen? Nehmen Sie einfach Kontakt auf. <\/p>\t\t\t\t\t\t\t\t<\/div>\n\t\t\t\t<\/div>\n\t\t\t\t\t<\/div>\n\t\t\t\t<\/div>\n\t\t\t\t<div class=\"elementor-element elementor-element-2c03b861 elementor-widget elementor-widget-text-editor\" data-id=\"2c03b861\" data-element_type=\"widget\" data-e-type=\"widget\" data-widget_type=\"text-editor.default\">\n\t\t\t\t<div class=\"elementor-widget-container\">\n\t\t\t\t\t\t\t\t\t<p>Lorem ipsum dolor sit amet, consectetur adipiscing elit. Ut elit tellus, luctus nec ullamcorper mattis, pulvinar dapibus leo. <\/p>\t\t\t\t\t\t\t\t<\/div>\n\t\t\t\t<\/div>\n\t\t\t\t\t<\/div>\n\t\t\t\t<\/div>\n\t\t\t\t<\/div>\n\t\t","protected":false},"excerpt":{"rendered":"<p>Senior Projektmanager\/ Accountmanager Marcom SaaS (32-40 uur, Utrecht) Senior Marketeer\/Projektmanager (32-40 Stunden, Utrecht) Arbeiten Sie gerne mit kultigen Marken wie Coca-Cola, Magnum, Red Bull und Duvel zusammen? Es reizt Sie, internationale Marketingprojekte zu leiten, und Sie m\u00f6chten in einem eng zusammenarbeitenden, ehrgeizigen Team am Aufbau einer intelligenten SaaS-Plattform mitwirken? Dann ist dies Ihr n\u00e4chster Schritt. [&hellip;]<\/p>\n","protected":false},"author":2,"featured_media":0,"parent":0,"menu_order":0,"comment_status":"closed","ping_status":"closed","template":"","meta":{"footnotes":""},"class_list":["post-4111","page","type-page","status-publish","hentry"],"_links":{"self":[{"href":"https:\/\/menuez.tech\/de\/wp-json\/wp\/v2\/pages\/4111","targetHints":{"allow":["GET"]}}],"collection":[{"href":"https:\/\/menuez.tech\/de\/wp-json\/wp\/v2\/pages"}],"about":[{"href":"https:\/\/menuez.tech\/de\/wp-json\/wp\/v2\/types\/page"}],"author":[{"embeddable":true,"href":"https:\/\/menuez.tech\/de\/wp-json\/wp\/v2\/users\/2"}],"replies":[{"embeddable":true,"href":"https:\/\/menuez.tech\/de\/wp-json\/wp\/v2\/comments?post=4111"}],"version-history":[{"count":29,"href":"https:\/\/menuez.tech\/de\/wp-json\/wp\/v2\/pages\/4111\/revisions"}],"predecessor-version":[{"id":5412,"href":"https:\/\/menuez.tech\/de\/wp-json\/wp\/v2\/pages\/4111\/revisions\/5412"}],"wp:attachment":[{"href":"https:\/\/menuez.tech\/de\/wp-json\/wp\/v2\/media?parent=4111"}],"curies":[{"name":"wp","href":"https:\/\/api.w.org\/{rel}","templated":true}]}}