{"id":4110,"date":"2025-01-20T06:38:28","date_gmt":"2025-01-20T06:38:28","guid":{"rendered":"https:\/\/menuez.tech\/organisieren-sie\/"},"modified":"2025-06-11T08:40:50","modified_gmt":"2025-06-11T08:40:50","slug":"organisieren","status":"publish","type":"page","link":"https:\/\/menuez.tech\/de\/organisieren\/","title":{"rendered":"Organisieren"},"content":{"rendered":"\t\t<div data-elementor-type=\"wp-page\" data-elementor-id=\"4110\" class=\"elementor elementor-4110 elementor-1005\" data-elementor-post-type=\"page\">\n\t\t\t\t<div class=\"elementor-element elementor-element-7b1823f e-flex e-con-boxed e-con e-parent\" data-id=\"7b1823f\" data-element_type=\"container\" data-e-type=\"container\" data-settings=\"{&quot;background_background&quot;:&quot;classic&quot;}\">\n\t\t\t\t\t<div class=\"e-con-inner\">\n\t\t\t\t<div class=\"elementor-element elementor-element-2347131 elementor-widget elementor-widget-heading\" data-id=\"2347131\" data-element_type=\"widget\" data-e-type=\"widget\" data-widget_type=\"heading.default\">\n\t\t\t\t<div class=\"elementor-widget-container\">\n\t\t\t\t\t<h1 class=\"elementor-heading-title elementor-size-default\">Organisieren<\/h1>\t\t\t\t<\/div>\n\t\t\t\t<\/div>\n\t\t\t\t<div class=\"elementor-element elementor-element-2dcb04e elementor-widget__width-initial elementor-widget elementor-widget-text-editor\" data-id=\"2dcb04e\" data-element_type=\"widget\" data-e-type=\"widget\" data-widget_type=\"text-editor.default\">\n\t\t\t\t<div class=\"elementor-widget-container\">\n\t\t\t\t\t\t\t\t\t<div><span lang=\"NL\">Mit Menuez haben Sie alles, was Sie brauchen, um Ihre Marketingmaterialien effizient zu organisieren und zu koordinieren. Ob tastbare oder digitale Materialien, Kampagnenplanung oder Eventdurchf\u00fchrung \u2013 unsere Plattform bietet eine \u00fcbersichtliche L\u00f6sung. So steigern Sie ganz einfach Ihre lokale Sichtbarkeit \u2013 mit voller Kontrolle und konsistenter Markenf\u00fchrung auf allen Ebenen.<\/span><\/div>\t\t\t\t\t\t\t\t<\/div>\n\t\t\t\t<\/div>\n\t\t\t\t\t<\/div>\n\t\t\t\t<\/div>\n\t\t<div class=\"elementor-element elementor-element-c8ac3e2 e-flex e-con-boxed e-con e-parent\" data-id=\"c8ac3e2\" data-element_type=\"container\" data-e-type=\"container\" data-settings=\"{&quot;background_background&quot;:&quot;classic&quot;}\">\n\t\t\t\t\t<div class=\"e-con-inner\">\n\t\t\t\t<div class=\"elementor-element elementor-element-9f7e3cc elementor-icon-list--layout-inline elementor-list-item-link-full_width elementor-widget elementor-widget-icon-list\" data-id=\"9f7e3cc\" data-element_type=\"widget\" data-e-type=\"widget\" data-widget_type=\"icon-list.default\">\n\t\t\t\t<div class=\"elementor-widget-container\">\n\t\t\t\t\t\t\t<ul class=\"elementor-icon-list-items elementor-inline-items\">\n\t\t\t\t\t\t\t<li class=\"elementor-icon-list-item elementor-inline-item\">\n\t\t\t\t\t\t\t\t\t\t\t<a href=\"https:\/\/menuez.tech\/de\/\">\n\n\t\t\t\t\t\t\t\t\t\t\t\t<span class=\"elementor-icon-list-icon\">\n\t\t\t\t\t\t\t<svg xmlns=\"http:\/\/www.w3.org\/2000\/svg\" width=\"20\" height=\"17\" viewBox=\"0 0 20 17\" fill=\"none\"><path d=\"M9.5 1.1875C9.78125 0.96875 10.1875 0.96875 10.4688 1.1875L15.5 5.4375V2.75C15.5 2.34375 15.8125 2 16.25 2C16.6562 2 17 2.34375 17 2.75V6.71875L18.7188 8.1875C19.0312 8.46875 19.0625 8.9375 18.8125 9.25C18.5312 9.5625 18.0625 9.59375 17.75 9.34375L17 8.6875V14.5C17 15.9062 15.875 17 14.5 17H5.5C4.09375 17 3 15.9062 3 14.5V8.6875L2.21875 9.34375C1.90625 9.59375 1.4375 9.5625 1.15625 9.25C0.90625 8.9375 0.9375 8.46875 1.25 8.1875L9.5 1.1875ZM4.5 7.40625V14.5C4.5 15.0625 4.9375 15.5 5.5 15.5H7V10.75C7 10.0625 7.53125 9.5 8.25 9.5H11.75C12.4375 9.5 13 10.0625 13 10.75V15.5H14.5C15.0312 15.5 15.5 15.0625 15.5 14.5V7.40625L10 2.75L4.5 7.40625ZM11.5 11H8.5V15.5H11.5V11Z\" fill=\"#A9CCE0\"><\/path><\/svg>\t\t\t\t\t\t<\/span>\n\t\t\t\t\t\t\t\t\t\t<span class=\"elementor-icon-list-text\"><\/span>\n\t\t\t\t\t\t\t\t\t\t\t<\/a>\n\t\t\t\t\t\t\t\t\t<\/li>\n\t\t\t\t\t\t\t\t<li class=\"elementor-icon-list-item elementor-inline-item\">\n\t\t\t\t\t\t\t\t\t\t\t<span class=\"elementor-icon-list-icon\">\n\t\t\t\t\t\t\t<svg xmlns=\"http:\/\/www.w3.org\/2000\/svg\" width=\"8\" height=\"16\" viewBox=\"0 0 8 16\" fill=\"none\"><path d=\"M0.65625 14.875C0.53125 14.7812 0.46875 14.6562 0.46875 14.5312C0.46875 14.4062 0.53125 14.2812 0.625 14.1875L6.28125 8.03125L0.625 1.84375C0.4375 1.65625 0.4375 1.34375 0.65625 1.15625C0.84375 0.96875 1.15625 0.96875 1.34375 1.1875L7.34375 7.6875C7.53125 7.875 7.53125 8.15625 7.34375 8.34375L1.34375 14.8438C1.15625 15.0625 0.84375 15.0625 0.65625 14.875Z\" fill=\"#A9CCE0\"><\/path><\/svg>\t\t\t\t\t\t<\/span>\n\t\t\t\t\t\t\t\t\t\t<span class=\"elementor-icon-list-text\"><\/span>\n\t\t\t\t\t\t\t\t\t<\/li>\n\t\t\t\t\t\t\t\t<li class=\"elementor-icon-list-item elementor-inline-item\">\n\t\t\t\t\t\t\t\t\t\t<span class=\"elementor-icon-list-text\">L\u00f6sungen<\/span>\n\t\t\t\t\t\t\t\t\t<\/li>\n\t\t\t\t\t\t\t\t<li class=\"elementor-icon-list-item elementor-inline-item\">\n\t\t\t\t\t\t\t\t\t\t\t<span class=\"elementor-icon-list-icon\">\n\t\t\t\t\t\t\t<svg xmlns=\"http:\/\/www.w3.org\/2000\/svg\" width=\"8\" height=\"16\" viewBox=\"0 0 8 16\" fill=\"none\"><path d=\"M0.65625 14.875C0.53125 14.7812 0.46875 14.6562 0.46875 14.5312C0.46875 14.4062 0.53125 14.2812 0.625 14.1875L6.28125 8.03125L0.625 1.84375C0.4375 1.65625 0.4375 1.34375 0.65625 1.15625C0.84375 0.96875 1.15625 0.96875 1.34375 1.1875L7.34375 7.6875C7.53125 7.875 7.53125 8.15625 7.34375 8.34375L1.34375 14.8438C1.15625 15.0625 0.84375 15.0625 0.65625 14.875Z\" fill=\"#A9CCE0\"><\/path><\/svg>\t\t\t\t\t\t<\/span>\n\t\t\t\t\t\t\t\t\t\t<span class=\"elementor-icon-list-text\"><\/span>\n\t\t\t\t\t\t\t\t\t<\/li>\n\t\t\t\t\t\t\t\t<li class=\"elementor-icon-list-item elementor-inline-item\">\n\t\t\t\t\t\t\t\t\t\t<span class=\"elementor-icon-list-text\">Organisieren<\/span>\n\t\t\t\t\t\t\t\t\t<\/li>\n\t\t\t\t\t\t<\/ul>\n\t\t\t\t\t\t<\/div>\n\t\t\t\t<\/div>\n\t\t<div class=\"elementor-element elementor-element-7f58925 e-con-full e-flex e-con e-child\" data-id=\"7f58925\" data-element_type=\"container\" data-e-type=\"container\">\n\t\t<div class=\"elementor-element elementor-element-44bb0f4 e-con-full e-flex e-con e-child\" data-id=\"44bb0f4\" data-element_type=\"container\" data-e-type=\"container\">\n\t\t\t\t<div class=\"elementor-element elementor-element-fdb4b58 elementor-widget elementor-widget-image\" data-id=\"fdb4b58\" data-element_type=\"widget\" data-e-type=\"widget\" data-widget_type=\"image.default\">\n\t\t\t\t<div class=\"elementor-widget-container\">\n\t\t\t\t\t\t\t\t\t\t\t\t\t\t\t<img fetchpriority=\"high\" decoding=\"async\" width=\"970\" height=\"660\" src=\"https:\/\/menuez.tech\/wp-content\/uploads\/2025\/01\/people-working-in-the-office-2023-11-27-04-59-20-utc-32.png\" class=\"attachment-full size-full wp-image-4113\" alt=\"\" srcset=\"https:\/\/menuez.tech\/wp-content\/uploads\/2025\/01\/people-working-in-the-office-2023-11-27-04-59-20-utc-32.png 970w, https:\/\/menuez.tech\/wp-content\/uploads\/2025\/01\/people-working-in-the-office-2023-11-27-04-59-20-utc-32-300x204.png 300w, https:\/\/menuez.tech\/wp-content\/uploads\/2025\/01\/people-working-in-the-office-2023-11-27-04-59-20-utc-32-768x523.png 768w\" sizes=\"(max-width: 970px) 100vw, 970px\" \/>\t\t\t\t\t\t\t\t\t\t\t\t\t\t\t<\/div>\n\t\t\t\t<\/div>\n\t\t\t\t<\/div>\n\t\t<div class=\"elementor-element elementor-element-2fd40b2 e-con-full e-flex e-con e-child\" data-id=\"2fd40b2\" data-element_type=\"container\" data-e-type=\"container\">\n\t\t\t\t<div class=\"elementor-element elementor-element-ef7ee87 elementor-widget elementor-widget-heading\" data-id=\"ef7ee87\" data-element_type=\"widget\" data-e-type=\"widget\" data-widget_type=\"heading.default\">\n\t\t\t\t<div class=\"elementor-widget-container\">\n\t\t\t\t\t<h2 class=\"elementor-heading-title elementor-size-default\">Dashboard<\/h2>\t\t\t\t<\/div>\n\t\t\t\t<\/div>\n\t\t\t\t<div class=\"elementor-element elementor-element-a13042c elementor-widget elementor-widget-text-editor\" data-id=\"a13042c\" data-element_type=\"widget\" data-e-type=\"widget\" data-widget_type=\"text-editor.default\">\n\t\t\t\t<div class=\"elementor-widget-container\">\n\t\t\t\t\t\t\t\t\t<div><span lang=\"NL\">Behalten Sie jederzeit die Kontrolle mit unserem benutzerfreundlichen Echtzeit-Dashboard. Erhalten Sie vollst\u00e4ndige Einblicke in Ihre Best\u00e4nde, Bestellungen, Budgets und mehr \u2013 alles an einem zentralen Ort. Das Dashboard liefert kontinuierliche Updates, sodass Sie stets gut informiert sind und die volle Kontrolle \u00fcber Ihre physischen und digitalen Marketingmaterialien behalten.<\/span><\/div>\t\t\t\t\t\t\t\t<\/div>\n\t\t\t\t<\/div>\n\t\t\t\t<\/div>\n\t\t\t\t<\/div>\n\t\t\t\t\t<\/div>\n\t\t\t\t<\/div>\n\t\t<div class=\"elementor-element elementor-element-4528198 e-flex e-con-boxed e-con e-parent\" data-id=\"4528198\" data-element_type=\"container\" data-e-type=\"container\">\n\t\t\t\t\t<div class=\"e-con-inner\">\n\t\t<div class=\"elementor-element elementor-element-4b22c64 e-con-full e-flex e-con e-child\" data-id=\"4b22c64\" data-element_type=\"container\" data-e-type=\"container\">\n\t\t\t\t<div class=\"elementor-element elementor-element-e15a5bd elementor-widget elementor-widget-heading\" data-id=\"e15a5bd\" data-element_type=\"widget\" data-e-type=\"widget\" data-widget_type=\"heading.default\">\n\t\t\t\t<div class=\"elementor-widget-container\">\n\t\t\t\t\t<h2 class=\"elementor-heading-title elementor-size-default\">Webshop und Marketingkalender<\/h2>\t\t\t\t<\/div>\n\t\t\t\t<\/div>\n\t\t\t\t<div class=\"elementor-element elementor-element-b057ea3 elementor-widget elementor-widget-text-editor\" data-id=\"b057ea3\" data-element_type=\"widget\" data-e-type=\"widget\" data-widget_type=\"text-editor.default\">\n\t\t\t\t<div class=\"elementor-widget-container\">\n\t\t\t\t\t\t\t\t\t<div><span lang=\"NL\">Erm\u00f6glichen Sie Ihren Partnern, personalisierte Werbematerialien \u00fcber einen markenspezifischen, ma\u00dfgeschneiderten Webshop zu bestellen. Der Marketingkalender bietet einen klaren \u00dcberblick \u00fcber all Ihre Kampagnen, sodass nationale oder globale Ma\u00dfnahmen einfach auf lokale Ebenen \u00fcbertragen werden k\u00f6nnen. Mit Tools f\u00fcr Planung, Personalisierung und Aufgabenverteilung behalten Sie alles \u00fcbersichtlich und unter Kontrolle \u2013alles auf einer Plattform!<\/span><\/div>\t\t\t\t\t\t\t\t<\/div>\n\t\t\t\t<\/div>\n\t\t\t\t<\/div>\n\t\t<div class=\"elementor-element elementor-element-872655a e-con-full e-flex e-con e-child\" data-id=\"872655a\" data-element_type=\"container\" data-e-type=\"container\">\n\t\t\t\t<div class=\"elementor-element elementor-element-69e1c0b elementor-widget elementor-widget-image\" data-id=\"69e1c0b\" data-element_type=\"widget\" data-e-type=\"widget\" data-widget_type=\"image.default\">\n\t\t\t\t<div class=\"elementor-widget-container\">\n\t\t\t\t\t\t\t\t\t\t\t\t\t\t\t<img decoding=\"async\" width=\"970\" height=\"660\" src=\"https:\/\/menuez.tech\/wp-content\/uploads\/2025\/01\/iMac.png\" class=\"attachment-full size-full wp-image-4102\" alt=\"\" srcset=\"https:\/\/menuez.tech\/wp-content\/uploads\/2025\/01\/iMac.png 970w, https:\/\/menuez.tech\/wp-content\/uploads\/2025\/01\/iMac-300x204.png 300w, https:\/\/menuez.tech\/wp-content\/uploads\/2025\/01\/iMac-768x523.png 768w\" sizes=\"(max-width: 970px) 100vw, 970px\" \/>\t\t\t\t\t\t\t\t\t\t\t\t\t\t\t<\/div>\n\t\t\t\t<\/div>\n\t\t\t\t<\/div>\n\t\t\t\t\t<\/div>\n\t\t\t\t<\/div>\n\t\t<div class=\"elementor-element elementor-element-c2de57a e-flex e-con-boxed e-con e-parent\" data-id=\"c2de57a\" data-element_type=\"container\" data-e-type=\"container\" data-settings=\"{&quot;background_background&quot;:&quot;classic&quot;}\">\n\t\t\t\t\t<div class=\"e-con-inner\">\n\t\t<div class=\"elementor-element elementor-element-9373365 e-con-full e-flex e-con e-child\" data-id=\"9373365\" data-element_type=\"container\" data-e-type=\"container\">\n\t\t\t\t<div class=\"elementor-element elementor-element-de90371 elementor-widget elementor-widget-image\" data-id=\"de90371\" data-element_type=\"widget\" data-e-type=\"widget\" data-widget_type=\"image.default\">\n\t\t\t\t<div class=\"elementor-widget-container\">\n\t\t\t\t\t\t\t\t\t\t\t\t\t\t\t<img decoding=\"async\" width=\"970\" height=\"660\" src=\"https:\/\/menuez.tech\/wp-content\/uploads\/2025\/01\/people-working-in-the-office-2023-11-27-04-59-20-utc-42-1.png\" class=\"attachment-full size-full wp-image-4114\" alt=\"\" srcset=\"https:\/\/menuez.tech\/wp-content\/uploads\/2025\/01\/people-working-in-the-office-2023-11-27-04-59-20-utc-42-1.png 970w, https:\/\/menuez.tech\/wp-content\/uploads\/2025\/01\/people-working-in-the-office-2023-11-27-04-59-20-utc-42-1-300x204.png 300w, https:\/\/menuez.tech\/wp-content\/uploads\/2025\/01\/people-working-in-the-office-2023-11-27-04-59-20-utc-42-1-768x523.png 768w\" sizes=\"(max-width: 970px) 100vw, 970px\" \/>\t\t\t\t\t\t\t\t\t\t\t\t\t\t\t<\/div>\n\t\t\t\t<\/div>\n\t\t\t\t<\/div>\n\t\t<div class=\"elementor-element elementor-element-2cbfbcc e-con-full e-flex e-con e-child\" data-id=\"2cbfbcc\" data-element_type=\"container\" data-e-type=\"container\">\n\t\t\t\t<div class=\"elementor-element elementor-element-f76b500 elementor-widget elementor-widget-heading\" data-id=\"f76b500\" data-element_type=\"widget\" data-e-type=\"widget\" data-widget_type=\"heading.default\">\n\t\t\t\t<div class=\"elementor-widget-container\">\n\t\t\t\t\t<h2 class=\"elementor-heading-title elementor-size-default\">Digital Asset Management (DAM)<\/h2>\t\t\t\t<\/div>\n\t\t\t\t<\/div>\n\t\t\t\t<div class=\"elementor-element elementor-element-6567557 elementor-widget elementor-widget-text-editor\" data-id=\"6567557\" data-element_type=\"widget\" data-e-type=\"widget\" data-widget_type=\"text-editor.default\">\n\t\t\t\t<div class=\"elementor-widget-container\">\n\t\t\t\t\t\t\t\t\t<div><span lang=\"NL\">Organisieren und speichern Sie all Ihre digitalen Materialien \u2013 von Bildern \u00fcber Videos bis hin zu Pr\u00e4sentationen \u2013 in einer zentralen Plattform. Sie behalten die Kontrolle \u00fcber das Hochladen, Anpassen und L\u00f6schen von Dateien, w\u00e4hrend Nutzer schnell die passenden Materialien bestellen oder herunterladen k\u00f6nnen. So behalten Sie den \u00dcberblick \u00fcber Ihre digitalen Assets und gew\u00e4hrleisten eine konsistente Markenkommunikation.<\/span><\/div>\t\t\t\t\t\t\t\t<\/div>\n\t\t\t\t<\/div>\n\t\t\t\t<\/div>\n\t\t\t\t\t<\/div>\n\t\t\t\t<\/div>\n\t\t<div class=\"elementor-element elementor-element-940db86 e-flex e-con-boxed e-con e-parent\" data-id=\"940db86\" data-element_type=\"container\" data-e-type=\"container\" data-settings=\"{&quot;background_background&quot;:&quot;classic&quot;}\">\n\t\t\t\t\t<div class=\"e-con-inner\">\n\t\t\t\t\t<\/div>\n\t\t\t\t<\/div>\n\t\t<div class=\"elementor-element elementor-element-07d25df e-con-full e-flex e-con e-parent\" data-id=\"07d25df\" data-element_type=\"container\" data-e-type=\"container\" data-settings=\"{&quot;background_background&quot;:&quot;classic&quot;}\">\n\t\t\t\t<div class=\"elementor-element elementor-element-996001e elementor-widget-mobile__width-inherit elementor-widget elementor-widget-image\" data-id=\"996001e\" data-element_type=\"widget\" data-e-type=\"widget\" data-widget_type=\"image.default\">\n\t\t\t\t<div class=\"elementor-widget-container\">\n\t\t\t\t\t\t\t\t\t\t\t\t\t\t\t<img loading=\"lazy\" decoding=\"async\" width=\"2268\" height=\"749\" src=\"https:\/\/menuez.tech\/wp-content\/uploads\/2025\/01\/Frame-115-1.png\" class=\"attachment-full size-full wp-image-4115\" alt=\"\" srcset=\"https:\/\/menuez.tech\/wp-content\/uploads\/2025\/01\/Frame-115-1.png 2268w, https:\/\/menuez.tech\/wp-content\/uploads\/2025\/01\/Frame-115-1-300x99.png 300w, https:\/\/menuez.tech\/wp-content\/uploads\/2025\/01\/Frame-115-1-1024x338.png 1024w, https:\/\/menuez.tech\/wp-content\/uploads\/2025\/01\/Frame-115-1-768x254.png 768w, https:\/\/menuez.tech\/wp-content\/uploads\/2025\/01\/Frame-115-1-1536x507.png 1536w, https:\/\/menuez.tech\/wp-content\/uploads\/2025\/01\/Frame-115-1-2048x676.png 2048w\" sizes=\"(max-width: 2268px) 100vw, 2268px\" \/>\t\t\t\t\t\t\t\t\t\t\t\t\t\t\t<\/div>\n\t\t\t\t<\/div>\n\t\t\t\t<\/div>\n\t\t<div class=\"elementor-element elementor-element-a95e476 e-flex e-con-boxed e-con e-parent\" data-id=\"a95e476\" data-element_type=\"container\" data-e-type=\"container\">\n\t\t\t\t\t<div class=\"e-con-inner\">\n\t\t<div class=\"elementor-element elementor-element-fee5aab e-flex e-con-boxed e-con e-child\" data-id=\"fee5aab\" data-element_type=\"container\" data-e-type=\"container\" data-settings=\"{&quot;background_background&quot;:&quot;classic&quot;}\">\n\t\t\t\t\t<div class=\"e-con-inner\">\n\t\t<div class=\"elementor-element elementor-element-ba5727d e-con-full e-flex e-con e-child\" data-id=\"ba5727d\" data-element_type=\"container\" data-e-type=\"container\">\n\t\t\t\t<div class=\"elementor-element elementor-element-6788f64 elementor-widget elementor-widget-heading\" data-id=\"6788f64\" data-element_type=\"widget\" data-e-type=\"widget\" data-widget_type=\"heading.default\">\n\t\t\t\t<div class=\"elementor-widget-container\">\n\t\t\t\t\t<h3 class=\"elementor-heading-title elementor-size-default\">Organisieren+<\/h3>\t\t\t\t<\/div>\n\t\t\t\t<\/div>\n\t\t\t\t<div class=\"elementor-element elementor-element-20fe03f elementor-widget elementor-widget-heading\" data-id=\"20fe03f\" data-element_type=\"widget\" data-e-type=\"widget\" data-widget_type=\"heading.default\">\n\t\t\t\t<div class=\"elementor-widget-container\">\n\t\t\t\t\t<h2 class=\"elementor-heading-title elementor-size-default\">Lagerung und Logistik<\/h2>\t\t\t\t<\/div>\n\t\t\t\t<\/div>\n\t\t\t\t<\/div>\n\t\t<div class=\"elementor-element elementor-element-7065b06 e-con-full e-flex e-con e-child\" data-id=\"7065b06\" data-element_type=\"container\" data-e-type=\"container\">\n\t\t\t\t<div class=\"elementor-element elementor-element-7acd065 elementor-widget elementor-widget-text-editor\" data-id=\"7acd065\" data-element_type=\"widget\" data-e-type=\"widget\" data-widget_type=\"text-editor.default\">\n\t\t\t\t<div class=\"elementor-widget-container\">\n\t\t\t\t\t\t\t\t\t<div><span lang=\"NL\">Wir \u00fcbernehmen alle Aufgaben rund um Lagerung, Versand und Logistik. Ob es um die Einlagerung und den Versand von Werbematerialien oder um die Logistik f\u00fcr Veranstaltungen geht \u2013 wir sorgen f\u00fcr eine reibungslose Ausf\u00fchrung, damit Sie sich keine Gedanken \u00fcber p\u00fcnktliche Lieferungen und die Vorbereitung machen m\u00fcssen.<\/span><\/div>\t\t\t\t\t\t\t\t<\/div>\n\t\t\t\t<\/div>\n\t\t\t\t<\/div>\n\t\t\t\t\t<\/div>\n\t\t\t\t<\/div>\n\t\t\t\t\t<\/div>\n\t\t\t\t<\/div>\n\t\t<div class=\"elementor-element elementor-element-8e70cff e-flex e-con-boxed e-con e-parent\" data-id=\"8e70cff\" data-element_type=\"container\" data-e-type=\"container\" data-settings=\"{&quot;background_background&quot;:&quot;classic&quot;}\">\n\t\t\t\t\t<div class=\"e-con-inner\">\n\t\t<div class=\"elementor-element elementor-element-3cee200 e-con-full e-flex e-con e-child\" data-id=\"3cee200\" data-element_type=\"container\" data-e-type=\"container\" data-settings=\"{&quot;background_background&quot;:&quot;classic&quot;}\">\n\t\t<div class=\"elementor-element elementor-element-1650954 e-con-full e-flex e-con e-child\" data-id=\"1650954\" data-element_type=\"container\" data-e-type=\"container\">\n\t\t\t\t<div class=\"elementor-element elementor-element-921a3b7 elementor-widget elementor-widget-heading\" data-id=\"921a3b7\" data-element_type=\"widget\" data-e-type=\"widget\" data-widget_type=\"heading.default\">\n\t\t\t\t<div class=\"elementor-widget-container\">\n\t\t\t\t\t<h2 class=\"elementor-heading-title elementor-size-default\">Bereit, Ihr Asset-Management zu vereinfachen?<\/h2>\t\t\t\t<\/div>\n\t\t\t\t<\/div>\n\t\t\t\t<div class=\"elementor-element elementor-element-45a89d8 elementor-widget elementor-widget-text-editor\" data-id=\"45a89d8\" data-element_type=\"widget\" data-e-type=\"widget\" data-widget_type=\"text-editor.default\">\n\t\t\t\t<div class=\"elementor-widget-container\">\n\t\t\t\t\t\t\t\t\t<div><span lang=\"NL\">Mit Menuez wird die Verwaltung Ihrer Marken-Assets so einfach wie nie zuvor. Bleiben Sie organisiert, sichern Sie die Marken\u00adkonsistenz und geben Sie Ihren lokalen Partnern die Tools an die Hand, die sie f\u00fcr ihren Erfolg ben\u00f6tigen. Sind Sie bereit, gemeinsam mit uns Ihr Asset-Management auf das n\u00e4chste Level zu heben?<\/span><\/div>\t\t\t\t\t\t\t\t<\/div>\n\t\t\t\t<\/div>\n\t\t<div class=\"elementor-element elementor-element-a9eafaf e-con-full e-flex e-con e-child\" data-id=\"a9eafaf\" data-element_type=\"container\" data-e-type=\"container\">\n\t\t\t\t<div class=\"elementor-element elementor-element-4733555 elementor-widget elementor-widget-button\" data-id=\"4733555\" data-element_type=\"widget\" data-e-type=\"widget\" data-widget_type=\"button.default\">\n\t\t\t\t<div class=\"elementor-widget-container\">\n\t\t\t\t\t\t\t\t\t<div class=\"elementor-button-wrapper\">\n\t\t\t\t\t<a class=\"elementor-button elementor-size-sm\" role=\"button\">\n\t\t\t\t\t\t<span class=\"elementor-button-content-wrapper\">\n\t\t\t\t\t\t<span class=\"elementor-button-icon\">\n\t\t\t\t<svg xmlns=\"http:\/\/www.w3.org\/2000\/svg\" width=\"12\" height=\"10\" viewBox=\"0 0 12 10\" fill=\"none\"><rect width=\"12\" height=\"2\" rx=\"1\" fill=\"#063B4B\"><\/rect><rect y=\"8\" width=\"12\" height=\"2\" rx=\"1\" fill=\"#063B4B\"><\/rect><rect y=\"4\" width=\"12\" height=\"2\" rx=\"1\" fill=\"#063B4B\"><\/rect><\/svg>\t\t\t<\/span>\n\t\t\t\t\t\t\t\t\t<span class=\"elementor-button-text\">Demo anfordern<\/span>\n\t\t\t\t\t<\/span>\n\t\t\t\t\t<\/a>\n\t\t\t\t<\/div>\n\t\t\t\t\t\t\t\t<\/div>\n\t\t\t\t<\/div>\n\t\t\t\t<div class=\"elementor-element elementor-element-cc2f744 elementor-widget elementor-widget-button\" data-id=\"cc2f744\" data-element_type=\"widget\" data-e-type=\"widget\" data-widget_type=\"button.default\">\n\t\t\t\t<div class=\"elementor-widget-container\">\n\t\t\t\t\t\t\t\t\t<div class=\"elementor-button-wrapper\">\n\t\t\t\t\t<a class=\"elementor-button elementor-button-link elementor-size-sm\" href=\"https:\/\/menuez.tech\/de\/kontakt\/\">\n\t\t\t\t\t\t<span class=\"elementor-button-content-wrapper\">\n\t\t\t\t\t\t<span class=\"elementor-button-icon\">\n\t\t\t\t<svg xmlns=\"http:\/\/www.w3.org\/2000\/svg\" width=\"12\" height=\"10\" viewBox=\"0 0 12 10\" fill=\"none\"><rect width=\"12\" height=\"2\" rx=\"1\" fill=\"#063B4B\"><\/rect><rect y=\"8\" width=\"12\" height=\"2\" rx=\"1\" fill=\"#063B4B\"><\/rect><rect y=\"4\" width=\"12\" height=\"2\" rx=\"1\" fill=\"#063B4B\"><\/rect><\/svg>\t\t\t<\/span>\n\t\t\t\t\t\t\t\t\t<span class=\"elementor-button-text\">Kontakt aufnehmen<\/span>\n\t\t\t\t\t<\/span>\n\t\t\t\t\t<\/a>\n\t\t\t\t<\/div>\n\t\t\t\t\t\t\t\t<\/div>\n\t\t\t\t<\/div>\n\t\t\t\t<\/div>\n\t\t\t\t<\/div>\n\t\t<div class=\"elementor-element elementor-element-06af491 e-con-full e-flex e-con e-child\" data-id=\"06af491\" data-element_type=\"container\" data-e-type=\"container\" data-settings=\"{&quot;background_background&quot;:&quot;classic&quot;}\">\n\t\t\t\t<\/div>\n\t\t\t\t<\/div>\n\t\t\t\t\t<\/div>\n\t\t\t\t<\/div>\n\t\t\t\t<\/div>\n\t\t","protected":false},"excerpt":{"rendered":"<p>Mit Menuez haben Sie alles, was Sie brauchen, um Ihre Marketingmaterialien effizient zu organisieren und zu koordinieren. Ob tastbare oder digitale Materialien, Kampagnenplanung oder Eventdurchf\u00fchrung \u2013 unsere Plattform bietet eine \u00fcbersichtliche L\u00f6sung. So steigern Sie ganz einfach Ihre lokale Sichtbarkeit \u2013 mit voller Kontrolle und konsistenter Markenf\u00fchrung auf allen Ebenen. L\u00f6sungen Dashboard Behalten Sie jederzeit [&hellip;]<\/p>\n","protected":false},"author":1,"featured_media":0,"parent":0,"menu_order":0,"comment_status":"closed","ping_status":"closed","template":"","meta":{"footnotes":""},"class_list":["post-4110","page","type-page","status-publish","hentry"],"_links":{"self":[{"href":"https:\/\/menuez.tech\/de\/wp-json\/wp\/v2\/pages\/4110","targetHints":{"allow":["GET"]}}],"collection":[{"href":"https:\/\/menuez.tech\/de\/wp-json\/wp\/v2\/pages"}],"about":[{"href":"https:\/\/menuez.tech\/de\/wp-json\/wp\/v2\/types\/page"}],"author":[{"embeddable":true,"href":"https:\/\/menuez.tech\/de\/wp-json\/wp\/v2\/users\/1"}],"replies":[{"embeddable":true,"href":"https:\/\/menuez.tech\/de\/wp-json\/wp\/v2\/comments?post=4110"}],"version-history":[{"count":6,"href":"https:\/\/menuez.tech\/de\/wp-json\/wp\/v2\/pages\/4110\/revisions"}],"predecessor-version":[{"id":4770,"href":"https:\/\/menuez.tech\/de\/wp-json\/wp\/v2\/pages\/4110\/revisions\/4770"}],"wp:attachment":[{"href":"https:\/\/menuez.tech\/de\/wp-json\/wp\/v2\/media?parent=4110"}],"curies":[{"name":"wp","href":"https:\/\/api.w.org\/{rel}","templated":true}]}}